{"id":7864,"date":"2025-07-20T22:48:34","date_gmt":"2025-07-20T19:48:34","guid":{"rendered":"https:\/\/berha.org\/en\/?post_type=product&#038;p=7864"},"modified":"2025-07-20T22:48:37","modified_gmt":"2025-07-20T19:48:37","slug":"jersey-coton-5cm-x-25m","status":"publish","type":"product","link":"https:\/\/berha.org\/en\/urun\/jersey-coton-5cm-x-25m\/","title":{"rendered":"Jersey Coton 5cm x 25m"},"content":{"rendered":"<p>Jersey Coton 5cm x 25m, al\u00e7\u0131 ve kompresyon bandajlar\u0131n\u0131n alt\u0131nda kullan\u0131lan, pamuk esasl\u0131, yumu\u015fak ve elastik bir t\u00fcb\u00fcler bandajd\u0131r.<\/p>\n<p>Dar yap\u0131s\u0131 sayesinde \u00f6zellikle parmak, bilek ve ince b\u00f6lge uygulamalar\u0131nda rahatl\u0131kla kullan\u0131labilir. Diki\u015fsiz t\u00fcb\u00fcler formu, d\u00fczg\u00fcn ve konforlu bir sar\u0131m sa\u011flar. Hipoalerjenik \u00f6zellikleri ile hassas ciltlerde dahi g\u00fcvenle tercih edilir.<\/p>\n<p>Uzun rulolu yap\u0131s\u0131 ekonomik kullan\u0131m avantaj\u0131 sunar. Klinik ortopedi ve evde bak\u0131m uygulamalar\u0131nda yayg\u0131n olarak kullan\u0131l\u0131r.<\/p>\n","protected":false},"excerpt":{"rendered":"<p>Jersey Coton 5cm x 25m, al\u00e7\u0131 ve bandaj uygulamalar\u0131nda cildi koruyan, yumu\u015fak ve pamuklu yap\u0131ya sahip alt bandajd\u0131r.<\/p>\n","protected":false},"featured_media":6929,"template":"","meta":[],"product_brand":[464],"product_cat":[1674,1671,215],"product_tag":[714,654,676,702,696,700,697,713,706],"class_list":{"0":"post-7864","1":"product","2":"type-product","3":"status-publish","4":"has-post-thumbnail","6":"product_brand-bsn-medikal","7":"product_cat-bsn-medikal","8":"product_cat-elastik-bandajlar","9":"product_cat-ortopedi","10":"product_tag-5cm-x-25m-bandaj","11":"product_tag-alci-alti-bandaj","12":"product_tag-bsn-bandaj","13":"product_tag-cilt-koruyucu-bandaj","14":"product_tag-jersey-coton","15":"product_tag-ortopedik-bandaj","16":"product_tag-pamuk-bandaj","17":"product_tag-pamuklu-bandaj","18":"product_tag-tubuler-bandaj","20":"first","21":"instock","22":"shipping-taxable","23":"product-type-simple"},"_links":{"self":[{"href":"https:\/\/berha.org\/en\/wp-json\/wp\/v2\/product\/7864","targetHints":{"allow":["GET"]}}],"collection":[{"href":"https:\/\/berha.org\/en\/wp-json\/wp\/v2\/product"}],"about":[{"href":"https:\/\/berha.org\/en\/wp-json\/wp\/v2\/types\/product"}],"wp:featuredmedia":[{"embeddable":true,"href":"https:\/\/berha.org\/en\/wp-json\/wp\/v2\/media\/6929"}],"wp:attachment":[{"href":"https:\/\/berha.org\/en\/wp-json\/wp\/v2\/media?parent=7864"}],"wp:term":[{"taxonomy":"product_brand","embeddable":true,"href":"https:\/\/berha.org\/en\/wp-json\/wp\/v2\/product_brand?post=7864"},{"taxonomy":"product_cat","embeddable":true,"href":"https:\/\/berha.org\/en\/wp-json\/wp\/v2\/product_cat?post=7864"},{"taxonomy":"product_tag","embeddable":true,"href":"https:\/\/berha.org\/en\/wp-json\/wp\/v2\/product_tag?post=7864"}],"curies":[{"name":"wp","href":"https:\/\/api.w.org\/{rel}","templated":true}]}}