{"id":7863,"date":"2025-07-20T22:48:22","date_gmt":"2025-07-20T19:48:22","guid":{"rendered":"https:\/\/berha.org\/en\/?post_type=product&#038;p=7863"},"modified":"2025-07-20T22:48:33","modified_gmt":"2025-07-20T19:48:33","slug":"jersey-coton-7cm-x-25m","status":"publish","type":"product","link":"https:\/\/berha.org\/en\/urun\/jersey-coton-7cm-x-25m\/","title":{"rendered":"Jersey Coton 7cm x 25m"},"content":{"rendered":"<p>Jersey Coton 7cm x 25m, al\u00e7\u0131 ve kompresyon bandajlar\u0131n\u0131n alt\u0131nda cildi koruyan, pamuk esasl\u0131, yumu\u015fak ve elastik bir t\u00fcb\u00fcler bandajd\u0131r.<\/p>\n<p>Dar ve esnek yap\u0131s\u0131 sayesinde parmaklar, bilek gibi ince ve hareketli b\u00f6lgelerde rahatl\u0131kla kullan\u0131labilir. T\u00fcb\u00fcler formu sayesinde diki\u015fsiz ve d\u00fczg\u00fcn sar\u0131m sa\u011flar. Hipoalerjenik yap\u0131s\u0131 ile hassas ciltlerde bile konforlu kullan\u0131m sunar.<\/p>\n<p>Uzun rulolu yap\u0131s\u0131 ekonomik kullan\u0131m imkan\u0131 sa\u011flar. Klinik ve evde bak\u0131m uygulamalar\u0131nda g\u00fcvenle tercih edilir.<\/p>\n","protected":false},"excerpt":{"rendered":"<p>Jersey Coton 7cm x 25m, al\u00e7\u0131 ve bandaj uygulamalar\u0131nda cildi korumak i\u00e7in kullan\u0131lan yumu\u015fak ve pamuklu alt bandajd\u0131r.<\/p>\n","protected":false},"featured_media":6927,"template":"","meta":[],"product_brand":[464],"product_cat":[1674,1671,215],"product_tag":[712,654,676,702,696,700,697,713,706],"class_list":{"0":"post-7863","1":"product","2":"type-product","3":"status-publish","4":"has-post-thumbnail","6":"product_brand-bsn-medikal","7":"product_cat-bsn-medikal","8":"product_cat-elastik-bandajlar","9":"product_cat-ortopedi","10":"product_tag-7cm-x-25m-bandaj","11":"product_tag-alci-alti-bandaj","12":"product_tag-bsn-bandaj","13":"product_tag-cilt-koruyucu-bandaj","14":"product_tag-jersey-coton","15":"product_tag-ortopedik-bandaj","16":"product_tag-pamuk-bandaj","17":"product_tag-pamuklu-bandaj","18":"product_tag-tubuler-bandaj","20":"first","21":"instock","22":"shipping-taxable","23":"product-type-simple"},"_links":{"self":[{"href":"https:\/\/berha.org\/en\/wp-json\/wp\/v2\/product\/7863","targetHints":{"allow":["GET"]}}],"collection":[{"href":"https:\/\/berha.org\/en\/wp-json\/wp\/v2\/product"}],"about":[{"href":"https:\/\/berha.org\/en\/wp-json\/wp\/v2\/types\/product"}],"wp:featuredmedia":[{"embeddable":true,"href":"https:\/\/berha.org\/en\/wp-json\/wp\/v2\/media\/6927"}],"wp:attachment":[{"href":"https:\/\/berha.org\/en\/wp-json\/wp\/v2\/media?parent=7863"}],"wp:term":[{"taxonomy":"product_brand","embeddable":true,"href":"https:\/\/berha.org\/en\/wp-json\/wp\/v2\/product_brand?post=7863"},{"taxonomy":"product_cat","embeddable":true,"href":"https:\/\/berha.org\/en\/wp-json\/wp\/v2\/product_cat?post=7863"},{"taxonomy":"product_tag","embeddable":true,"href":"https:\/\/berha.org\/en\/wp-json\/wp\/v2\/product_tag?post=7863"}],"curies":[{"name":"wp","href":"https:\/\/api.w.org\/{rel}","templated":true}]}}