{"id":7862,"date":"2025-07-20T22:48:22","date_gmt":"2025-07-20T19:48:22","guid":{"rendered":"https:\/\/berha.org\/en\/?post_type=product&#038;p=7862"},"modified":"2025-07-20T22:48:33","modified_gmt":"2025-07-20T19:48:33","slug":"jersey-coton-25cm-x-25m","status":"publish","type":"product","link":"https:\/\/berha.org\/en\/urun\/jersey-coton-25cm-x-25m\/","title":{"rendered":"Jersey Coton 25cm x 25m"},"content":{"rendered":"<p>Jersey Coton 25cm x 25m, \u00f6zellikle geni\u015f v\u00fccut b\u00f6lgelerinde (uyluk, g\u00f6vde gibi) kullan\u0131lan, pamuk esasl\u0131 ve esnek bir alt bandajd\u0131r. Al\u00e7\u0131 ve kompresyon bandajlar\u0131n\u0131n alt\u0131nda cildi koruyarak s\u00fcrt\u00fcnme ve tahri\u015fi \u00f6nler.<\/p>\n<p>T\u00fcb\u00fcler yap\u0131s\u0131 sayesinde d\u00fczg\u00fcn ve kaymaz bir uygulama sunar. Hipoalerjenik ve hava ge\u00e7irgen \u00f6zellikleri sayesinde cilt dostudur, uzun s\u00fcreli kullan\u0131mlarda bile konfor sa\u011flar.<\/p>\n<p>Profesyonel ortopedi uygulamalar\u0131nda ve evde bak\u0131mda g\u00fcvenle tercih edilir. Uzun rulolu yap\u0131s\u0131 ekonomik kullan\u0131m avantaj\u0131 sa\u011flar.<\/p>\n","protected":false},"excerpt":{"rendered":"<p>Jersey Coton 25cm x 25m, geni\u015f alanlarda kullan\u0131lan, pamuklu ve esnek yap\u0131ya sahip cilt koruyucu alt bandajd\u0131r. Al\u00e7\u0131 ve bandaj uygulamalar\u0131nda konfor sa\u011flar.<\/p>\n","protected":false},"featured_media":6926,"template":"","meta":[],"product_brand":[464],"product_cat":[1674,1671,215],"product_tag":[711,654,676,702,709,696,700,697,710,706],"class_list":{"0":"post-7862","1":"product","2":"type-product","3":"status-publish","4":"has-post-thumbnail","6":"product_brand-bsn-medikal","7":"product_cat-bsn-medikal","8":"product_cat-elastik-bandajlar","9":"product_cat-ortopedi","10":"product_tag-25cm-x-25m-bandaj","11":"product_tag-alci-alti-bandaj","12":"product_tag-bsn-bandaj","13":"product_tag-cilt-koruyucu-bandaj","14":"product_tag-genis-bandaj","15":"product_tag-jersey-coton","16":"product_tag-ortopedik-bandaj","17":"product_tag-pamuk-bandaj","18":"product_tag-pamuklu-rulo-bandaj","19":"product_tag-tubuler-bandaj","21":"first","22":"instock","23":"shipping-taxable","24":"product-type-simple"},"_links":{"self":[{"href":"https:\/\/berha.org\/en\/wp-json\/wp\/v2\/product\/7862","targetHints":{"allow":["GET"]}}],"collection":[{"href":"https:\/\/berha.org\/en\/wp-json\/wp\/v2\/product"}],"about":[{"href":"https:\/\/berha.org\/en\/wp-json\/wp\/v2\/types\/product"}],"wp:featuredmedia":[{"embeddable":true,"href":"https:\/\/berha.org\/en\/wp-json\/wp\/v2\/media\/6926"}],"wp:attachment":[{"href":"https:\/\/berha.org\/en\/wp-json\/wp\/v2\/media?parent=7862"}],"wp:term":[{"taxonomy":"product_brand","embeddable":true,"href":"https:\/\/berha.org\/en\/wp-json\/wp\/v2\/product_brand?post=7862"},{"taxonomy":"product_cat","embeddable":true,"href":"https:\/\/berha.org\/en\/wp-json\/wp\/v2\/product_cat?post=7862"},{"taxonomy":"product_tag","embeddable":true,"href":"https:\/\/berha.org\/en\/wp-json\/wp\/v2\/product_tag?post=7862"}],"curies":[{"name":"wp","href":"https:\/\/api.w.org\/{rel}","templated":true}]}}