{"id":7861,"date":"2025-07-20T22:48:22","date_gmt":"2025-07-20T19:48:22","guid":{"rendered":"https:\/\/berha.org\/en\/?post_type=product&#038;p=7861"},"modified":"2025-07-20T22:48:33","modified_gmt":"2025-07-20T19:48:33","slug":"jersey-coton-20cm-x-25m","status":"publish","type":"product","link":"https:\/\/berha.org\/en\/urun\/jersey-coton-20cm-x-25m\/","title":{"rendered":"Jersey Coton 20cm x 25m"},"content":{"rendered":"<p>Jersey Coton 20cm x 25m, \u00f6zellikle v\u00fccut, uyluk ve geni\u015f kol\/bacak b\u00f6lgeleri gibi alanlarda kullan\u0131lan, pamuk bazl\u0131 ve esnek bir cilt koruyucu alt bandajd\u0131r.<\/p>\n<p>Al\u00e7\u0131 ve kompresyon bandajlar\u0131n\u0131n alt\u0131na uygulanarak cildi s\u00fcrt\u00fcnmeye kar\u015f\u0131 korur, konforlu bir tedavi s\u00fcreci sunar. T\u00fcb\u00fcler yap\u0131s\u0131 sayesinde d\u00fczg\u00fcn oturur, katlanmaz ve kaymaz.<\/p>\n<p>Yumu\u015fak ve hava ge\u00e7irgen olmas\u0131 sayesinde cilt dostudur. Hipoalerjenik yap\u0131s\u0131 sayesinde hassas ciltlerde dahi g\u00fcvenle kullan\u0131labilir. 25 metrelik uzunlu\u011fu sayesinde ekonomik kullan\u0131m sa\u011flar.<\/p>\n","protected":false},"excerpt":{"rendered":"<p>Jersey Coton 20cm x 25m, geni\u015f y\u00fczeyli ortopedik uygulamalarda cildi korumak amac\u0131yla kullan\u0131lan pamuklu ve esnek bir alt bandajd\u0131r.<\/p>\n","protected":false},"featured_media":6924,"template":"","meta":[],"product_brand":[464],"product_cat":[1674,1671,215],"product_tag":[708,654,676,702,709,696,700,697,710,706],"class_list":{"0":"post-7861","1":"product","2":"type-product","3":"status-publish","4":"has-post-thumbnail","6":"product_brand-bsn-medikal","7":"product_cat-bsn-medikal","8":"product_cat-elastik-bandajlar","9":"product_cat-ortopedi","10":"product_tag-20cm-x-25m-bandaj","11":"product_tag-alci-alti-bandaj","12":"product_tag-bsn-bandaj","13":"product_tag-cilt-koruyucu-bandaj","14":"product_tag-genis-bandaj","15":"product_tag-jersey-coton","16":"product_tag-ortopedik-bandaj","17":"product_tag-pamuk-bandaj","18":"product_tag-pamuklu-rulo-bandaj","19":"product_tag-tubuler-bandaj","21":"first","22":"instock","23":"shipping-taxable","24":"product-type-simple"},"_links":{"self":[{"href":"https:\/\/berha.org\/en\/wp-json\/wp\/v2\/product\/7861","targetHints":{"allow":["GET"]}}],"collection":[{"href":"https:\/\/berha.org\/en\/wp-json\/wp\/v2\/product"}],"about":[{"href":"https:\/\/berha.org\/en\/wp-json\/wp\/v2\/types\/product"}],"wp:featuredmedia":[{"embeddable":true,"href":"https:\/\/berha.org\/en\/wp-json\/wp\/v2\/media\/6924"}],"wp:attachment":[{"href":"https:\/\/berha.org\/en\/wp-json\/wp\/v2\/media?parent=7861"}],"wp:term":[{"taxonomy":"product_brand","embeddable":true,"href":"https:\/\/berha.org\/en\/wp-json\/wp\/v2\/product_brand?post=7861"},{"taxonomy":"product_cat","embeddable":true,"href":"https:\/\/berha.org\/en\/wp-json\/wp\/v2\/product_cat?post=7861"},{"taxonomy":"product_tag","embeddable":true,"href":"https:\/\/berha.org\/en\/wp-json\/wp\/v2\/product_tag?post=7861"}],"curies":[{"name":"wp","href":"https:\/\/api.w.org\/{rel}","templated":true}]}}