{"id":7860,"date":"2025-07-20T22:48:22","date_gmt":"2025-07-20T19:48:22","guid":{"rendered":"https:\/\/berha.org\/en\/?post_type=product&#038;p=7860"},"modified":"2025-07-20T22:48:32","modified_gmt":"2025-07-20T19:48:32","slug":"jersey-coton-15cm-x-25m","status":"publish","type":"product","link":"https:\/\/berha.org\/en\/urun\/jersey-coton-15cm-x-25m\/","title":{"rendered":"Jersey Coton 15cm x 25m"},"content":{"rendered":"<p>Jersey Coton 15cm x 25m, \u00f6zellikle ortopedik al\u00e7\u0131 ve bandaj uygulamalar\u0131nda ciltle do\u011frudan temas eden b\u00f6lgeleri korumak i\u00e7in kullan\u0131lan, pamuk esasl\u0131 ve esnek yap\u0131da bir alt bandajd\u0131r.<\/p>\n<p>Geni\u015f yap\u0131s\u0131 sayesinde kol, bacak gibi daha b\u00fcy\u00fck v\u00fccut b\u00f6lgelerinde rahatl\u0131kla kullan\u0131labilir. T\u00fcb\u00fcler formu sayesinde diki\u015fsiz, d\u00fczg\u00fcn ve kaymaz bir uygulama sa\u011flar. Hipoalerjenik \u00f6zelli\u011fi ile hassas ciltler i\u00e7in uygundur.<\/p>\n<p>25 metrelik uzunlu\u011fu, tek ruloda ekonomik ve verimli kullan\u0131m sunar. Klinik uygulamalar, ortopedi merkezleri ve evde bak\u0131mda g\u00fcvenle tercih edilir.<\/p>\n","protected":false},"excerpt":{"rendered":"<p>Jersey Coton 15cm x 25m, al\u00e7\u0131 ve bandaj uygulamalar\u0131nda cildi korumak amac\u0131yla kullan\u0131lan, yumu\u015fak ve pamuklu yap\u0131ya sahip bir alt bandajd\u0131r.<\/p>\n","protected":false},"featured_media":6922,"template":"","meta":[],"product_brand":[464],"product_cat":[1674,1671,215],"product_tag":[704,654,676,702,696,700,697,707,699,706,705],"class_list":{"0":"post-7860","1":"product","2":"type-product","3":"status-publish","4":"has-post-thumbnail","6":"product_brand-bsn-medikal","7":"product_cat-bsn-medikal","8":"product_cat-elastik-bandajlar","9":"product_cat-ortopedi","10":"product_tag-15cm-x-25m-bandaj","11":"product_tag-alci-alti-bandaj","12":"product_tag-bsn-bandaj","13":"product_tag-cilt-koruyucu-bandaj","14":"product_tag-jersey-coton","15":"product_tag-ortopedik-bandaj","16":"product_tag-pamuk-bandaj","17":"product_tag-pamuk-sargi","18":"product_tag-tibbi-rulo-bandaj","19":"product_tag-tubuler-bandaj","20":"product_tag-yumusak-bandaj","22":"first","23":"instock","24":"shipping-taxable","25":"product-type-simple"},"_links":{"self":[{"href":"https:\/\/berha.org\/en\/wp-json\/wp\/v2\/product\/7860","targetHints":{"allow":["GET"]}}],"collection":[{"href":"https:\/\/berha.org\/en\/wp-json\/wp\/v2\/product"}],"about":[{"href":"https:\/\/berha.org\/en\/wp-json\/wp\/v2\/types\/product"}],"wp:featuredmedia":[{"embeddable":true,"href":"https:\/\/berha.org\/en\/wp-json\/wp\/v2\/media\/6922"}],"wp:attachment":[{"href":"https:\/\/berha.org\/en\/wp-json\/wp\/v2\/media?parent=7860"}],"wp:term":[{"taxonomy":"product_brand","embeddable":true,"href":"https:\/\/berha.org\/en\/wp-json\/wp\/v2\/product_brand?post=7860"},{"taxonomy":"product_cat","embeddable":true,"href":"https:\/\/berha.org\/en\/wp-json\/wp\/v2\/product_cat?post=7860"},{"taxonomy":"product_tag","embeddable":true,"href":"https:\/\/berha.org\/en\/wp-json\/wp\/v2\/product_tag?post=7860"}],"curies":[{"name":"wp","href":"https:\/\/api.w.org\/{rel}","templated":true}]}}