{"id":7859,"date":"2025-07-20T22:48:22","date_gmt":"2025-07-20T19:48:22","guid":{"rendered":"https:\/\/berha.org\/en\/?post_type=product&#038;p=7859"},"modified":"2025-07-20T22:48:32","modified_gmt":"2025-07-20T19:48:32","slug":"leukosan-skin-strip-6mm-x-38mm-cilt-dikis-bandi-300lu-kutu","status":"publish","type":"product","link":"https:\/\/berha.org\/en\/urun\/leukosan-skin-strip-6mm-x-38mm-cilt-dikis-bandi-300lu-kutu\/","title":{"rendered":"Leukosan Skin Strip 6mm  X 38mm Cilt Diki\u015f Band\u0131 300l\u00fc Kutu"},"content":{"rendered":"<p>Leukosan Skin Strip 6mm x 38mm Cilt Diki\u015f Band\u0131, cilt y\u00fczeyindeki kesilerin invaziv olmayan y\u00f6ntemle kapat\u0131lmas\u0131na olanak sa\u011flar. Diki\u015f gerektirmeyen bu pratik \u00e7\u00f6z\u00fcm, iyile\u015fme s\u00fcrecini h\u0131zland\u0131r\u0131rken enfeksiyon riskini azalt\u0131r. Steril olarak sunulan bu medikal bantlar, y\u00fcksek yap\u0131\u015fma g\u00fcc\u00fcne sahip olup cilde zarar vermeden uygulanabilir ve \u00e7\u0131kar\u0131labilir.<\/p>\n<p>300\u2019l\u00fc kutu i\u00e7eri\u011fi sayesinde hastane, klinik ve acil m\u00fcdahale birimleri gibi yo\u011fun kullan\u0131m alanlar\u0131nda idealdir. Cerrahi sonras\u0131, k\u00fc\u00e7\u00fck cilt kesileri veya y\u0131rt\u0131klar\u0131nda kullan\u0131l\u0131r. Yap\u0131\u015fkanl\u0131 y\u00fczeyi lateks i\u00e7ermez ve hassas ciltlerle uyumludur.<\/p>\n<p>Kullan\u0131m\u0131 kolay olan Leukosan Skin Strip, yara kenarlar\u0131n\u0131 g\u00fcvenli bir \u015fekilde bir arada tutar ve yara izinin minimal kalmas\u0131na yard\u0131mc\u0131 olur.<\/p>\n","protected":false},"excerpt":{"rendered":"<p>6mm x 38mm \u00f6l\u00e7\u00fclerinde, cilt kapatmaya y\u00f6nelik tasarlanm\u0131\u015f, 300 adet i\u00e7eren medikal diki\u015f band\u0131 kutusu. Klinik ve cerrahi uygulamalarda pratik ve g\u00fcvenli kullan\u0131m sa\u011flar.<\/p>\n","protected":false},"featured_media":6919,"template":"","meta":[],"product_brand":[464],"product_cat":[1674,630],"product_tag":[1013,796,800,913,960,908,405,728,1012],"class_list":{"0":"post-7859","1":"product","2":"type-product","3":"status-publish","4":"has-post-thumbnail","6":"product_brand-bsn-medikal","7":"product_cat-bsn-medikal","8":"product_cat-yara-bakimi","9":"product_tag-6mm-x-38mm-dikis-bandi","10":"product_tag-cerrahi-bant","11":"product_tag-cilt-dikis-bandi","12":"product_tag-dikissiz-yara-kapama","13":"product_tag-klinik-sarf","14":"product_tag-leukosan-skin-strip","15":"product_tag-medikal-sarf-malzeme","16":"product_tag-steril-yara-bandi","17":"product_tag-yara-kapama-bandi","19":"first","20":"instock","21":"shipping-taxable","22":"product-type-simple"},"_links":{"self":[{"href":"https:\/\/berha.org\/en\/wp-json\/wp\/v2\/product\/7859","targetHints":{"allow":["GET"]}}],"collection":[{"href":"https:\/\/berha.org\/en\/wp-json\/wp\/v2\/product"}],"about":[{"href":"https:\/\/berha.org\/en\/wp-json\/wp\/v2\/types\/product"}],"wp:featuredmedia":[{"embeddable":true,"href":"https:\/\/berha.org\/en\/wp-json\/wp\/v2\/media\/6919"}],"wp:attachment":[{"href":"https:\/\/berha.org\/en\/wp-json\/wp\/v2\/media?parent=7859"}],"wp:term":[{"taxonomy":"product_brand","embeddable":true,"href":"https:\/\/berha.org\/en\/wp-json\/wp\/v2\/product_brand?post=7859"},{"taxonomy":"product_cat","embeddable":true,"href":"https:\/\/berha.org\/en\/wp-json\/wp\/v2\/product_cat?post=7859"},{"taxonomy":"product_tag","embeddable":true,"href":"https:\/\/berha.org\/en\/wp-json\/wp\/v2\/product_tag?post=7859"}],"curies":[{"name":"wp","href":"https:\/\/api.w.org\/{rel}","templated":true}]}}