{"id":7858,"date":"2025-07-20T22:48:22","date_gmt":"2025-07-20T19:48:22","guid":{"rendered":"https:\/\/berha.org\/en\/?post_type=product&#038;p=7858"},"modified":"2025-07-20T22:48:31","modified_gmt":"2025-07-20T19:48:31","slug":"leukosan-skin-strip-12mm-x-100mm-cilt-dikis-bandi-300lu-kutu","status":"publish","type":"product","link":"https:\/\/berha.org\/en\/urun\/leukosan-skin-strip-12mm-x-100mm-cilt-dikis-bandi-300lu-kutu\/","title":{"rendered":"Leukosan Skin Strip 12mm  X 100mm Cilt Diki\u015f Band\u0131 300l\u00fc Kutu"},"content":{"rendered":"<p>Leukosan Skin Strip 12mm x 100mm, cilt yaralar\u0131n\u0131n cerrahi m\u00fcdahale olmadan kapat\u0131lmas\u0131n\u0131 sa\u011flayan, steril, esnek ve yap\u0131\u015fkanl\u0131 cilt diki\u015f band\u0131d\u0131r. Diki\u015f veya z\u0131mba kullan\u0131m\u0131na gerek kalmadan yara kenarlar\u0131n\u0131 nazik\u00e7e birle\u015ftirir, iyile\u015fme s\u00fcrecini destekler ve iz olu\u015fumunu en aza indirir.<\/p>\n<p>Cilt dostu yap\u0131s\u0131 hassas ciltlerde dahi g\u00fcvenle kullan\u0131labilir. Esnekli\u011fi sayesinde v\u00fccudun do\u011fal hareketlerine uyum sa\u011flar. 300\u2019l\u00fc kutu, hastaneler, klinikler ve sa\u011fl\u0131k merkezleri i\u00e7in ekonomik ve hijyenik bir \u00e7\u00f6z\u00fcmd\u00fcr.<\/p>\n","protected":false},"excerpt":{"rendered":"<p>Leukosan Skin Strip 12mm x 100mm, cerrahi kesiler ve k\u00fc\u00e7\u00fck yaralar\u0131n diki\u015fsiz kapat\u0131lmas\u0131nda kullan\u0131lan, steril ve cilde dost cilt diki\u015f band\u0131d\u0131r.<\/p>\n","protected":false},"featured_media":6916,"template":"","meta":[],"product_brand":[464],"product_cat":[1674,630],"product_tag":[910,909,721,796,800,912,913,908,911],"class_list":{"0":"post-7858","1":"product","2":"type-product","3":"status-publish","4":"has-post-thumbnail","6":"product_brand-bsn-medikal","7":"product_cat-bsn-medikal","8":"product_cat-yara-bakimi","9":"product_tag-100mm-yara-bandi","10":"product_tag-12mm-cilt-bandi","11":"product_tag-bsn-yara-bandi","12":"product_tag-cerrahi-bant","13":"product_tag-cilt-dikis-bandi","14":"product_tag-cilt-kapatma-bandi","15":"product_tag-dikissiz-yara-kapama","16":"product_tag-leukosan-skin-strip","17":"product_tag-steril-dikis-bandi","19":"first","20":"instock","21":"shipping-taxable","22":"product-type-simple"},"_links":{"self":[{"href":"https:\/\/berha.org\/en\/wp-json\/wp\/v2\/product\/7858","targetHints":{"allow":["GET"]}}],"collection":[{"href":"https:\/\/berha.org\/en\/wp-json\/wp\/v2\/product"}],"about":[{"href":"https:\/\/berha.org\/en\/wp-json\/wp\/v2\/types\/product"}],"wp:featuredmedia":[{"embeddable":true,"href":"https:\/\/berha.org\/en\/wp-json\/wp\/v2\/media\/6916"}],"wp:attachment":[{"href":"https:\/\/berha.org\/en\/wp-json\/wp\/v2\/media?parent=7858"}],"wp:term":[{"taxonomy":"product_brand","embeddable":true,"href":"https:\/\/berha.org\/en\/wp-json\/wp\/v2\/product_brand?post=7858"},{"taxonomy":"product_cat","embeddable":true,"href":"https:\/\/berha.org\/en\/wp-json\/wp\/v2\/product_cat?post=7858"},{"taxonomy":"product_tag","embeddable":true,"href":"https:\/\/berha.org\/en\/wp-json\/wp\/v2\/product_tag?post=7858"}],"curies":[{"name":"wp","href":"https:\/\/api.w.org\/{rel}","templated":true}]}}