{"id":7857,"date":"2025-07-20T22:48:22","date_gmt":"2025-07-20T19:48:22","guid":{"rendered":"https:\/\/berha.org\/en\/?post_type=product&#038;p=7857"},"modified":"2025-07-20T22:48:31","modified_gmt":"2025-07-20T19:48:31","slug":"bsn-actimove-alufoam-aluminyum-parmak-ateli-1-3-cm-x-457-cm-12-li","status":"publish","type":"product","link":"https:\/\/berha.org\/en\/urun\/bsn-actimove-alufoam-aluminyum-parmak-ateli-1-3-cm-x-457-cm-12-li\/","title":{"rendered":"Bsn Actimove Alufoam Al\u00fcminyum Parmak Ateli 1.3 cm x 45,7 cm 12 &#8216;li"},"content":{"rendered":"<p>BSN Actimove Alufoam Al\u00fcminyum Parmak Ateli, 1.3 cm geni\u015fli\u011finde ve 45,7 cm uzunlu\u011fundad\u0131r. Al\u00fcminyum yap\u0131s\u0131 sayesinde kolayca \u015fekil verilebilirken, d\u0131\u015f y\u00fczeydeki yumu\u015fak k\u00f6p\u00fck (foam) kaplama sayesinde cilde kar\u015f\u0131 nazik ve konforlu bir kullan\u0131m sunar.<\/p>\n<p>Parmak k\u0131r\u0131klar\u0131, \u00e7\u0131k\u0131klar\u0131, burkulmalar ve tendon yaralanmalar\u0131 gibi durumlarda profesyonel sabitleme sa\u011flar. 12 adetlik \u00e7oklu paket i\u00e7eri\u011fi ile klinikler, ortopedi merkezleri ve acil m\u00fcdahale birimleri i\u00e7in idealdir.<\/p>\n","protected":false},"excerpt":{"rendered":"<p>BSN Actimove Alufoam Parmak Ateli 1.3 cm x 45,7 cm, \u015fekillendirilebilir yap\u0131s\u0131 ile parmak sabitlemede etkili, profesyonel bir \u00e7\u00f6z\u00fcmd\u00fcr. 12\u2019li paket halinde sunulur.<\/p>\n","protected":false},"featured_media":6913,"template":"","meta":[],"product_brand":[464],"product_cat":[1674,215],"product_tag":[901,907,898,899,903,900,902,905,904,906],"class_list":{"0":"post-7857","1":"product","2":"type-product","3":"status-publish","4":"has-post-thumbnail","6":"product_brand-bsn-medikal","7":"product_cat-bsn-medikal","8":"product_cat-ortopedi","9":"product_tag-1-3cm-parmak-ateli","10":"product_tag-12li-parmak-ateli","11":"product_tag-actimove-atel","12":"product_tag-alufoam-parmak-ateli","13":"product_tag-aluminyum-kopuk-atel","14":"product_tag-bsn-aluminyum-atel","15":"product_tag-el-ateli","16":"product_tag-kirik-parmak-ateli","17":"product_tag-medikal-atel","18":"product_tag-splint","20":"first","21":"instock","22":"shipping-taxable","23":"product-type-simple"},"_links":{"self":[{"href":"https:\/\/berha.org\/en\/wp-json\/wp\/v2\/product\/7857","targetHints":{"allow":["GET"]}}],"collection":[{"href":"https:\/\/berha.org\/en\/wp-json\/wp\/v2\/product"}],"about":[{"href":"https:\/\/berha.org\/en\/wp-json\/wp\/v2\/types\/product"}],"wp:featuredmedia":[{"embeddable":true,"href":"https:\/\/berha.org\/en\/wp-json\/wp\/v2\/media\/6913"}],"wp:attachment":[{"href":"https:\/\/berha.org\/en\/wp-json\/wp\/v2\/media?parent=7857"}],"wp:term":[{"taxonomy":"product_brand","embeddable":true,"href":"https:\/\/berha.org\/en\/wp-json\/wp\/v2\/product_brand?post=7857"},{"taxonomy":"product_cat","embeddable":true,"href":"https:\/\/berha.org\/en\/wp-json\/wp\/v2\/product_cat?post=7857"},{"taxonomy":"product_tag","embeddable":true,"href":"https:\/\/berha.org\/en\/wp-json\/wp\/v2\/product_tag?post=7857"}],"curies":[{"name":"wp","href":"https:\/\/api.w.org\/{rel}","templated":true}]}}