{"id":7856,"date":"2025-07-20T22:48:22","date_gmt":"2025-07-20T19:48:22","guid":{"rendered":"https:\/\/berha.org\/en\/?post_type=product&#038;p=7856"},"modified":"2025-07-20T22:48:31","modified_gmt":"2025-07-20T19:48:31","slug":"tensoplast-sport-6cm-x-25m-cok-guclu-elastik-yapiskan-bandaj","status":"publish","type":"product","link":"https:\/\/berha.org\/en\/urun\/tensoplast-sport-6cm-x-25m-cok-guclu-elastik-yapiskan-bandaj\/","title":{"rendered":"Tensoplast Sport 6cm x 2,5m \u00c7ok G\u00fc\u00e7l\u00fc Elastik Yap\u0131\u015fkan Bandaj"},"content":{"rendered":"<p>Tensoplast Sport 6cm x 2,5m, elastik ve \u00e7ok g\u00fc\u00e7l\u00fc yap\u0131\u015fkanl\u0131 tasar\u0131m\u0131yla spor aktiviteleri s\u0131ras\u0131nda olu\u015fan yaralanmalar\u0131n tedavisinde ve \u00f6nlenmesinde ideal destek sa\u011flar. Bandaj, esnek yap\u0131s\u0131 sayesinde hareket \u00f6zg\u00fcrl\u00fc\u011f\u00fcn\u00fc k\u0131s\u0131tlamaz ve konforlu kullan\u0131m sunar.<\/p>\n<p>Yaralanma sonras\u0131 eklem ve kaslar\u0131 sabitleyerek iyile\u015fme s\u00fcrecini h\u0131zland\u0131r\u0131r. Dayan\u0131kl\u0131 yap\u0131s\u0131, aktif sporcular i\u00e7in g\u00fcvenilir bir destek sa\u011flar. Klinik ve ev kullan\u0131m\u0131 i\u00e7in uygundur.<\/p>\n","protected":false},"excerpt":{"rendered":"<p>Tensoplast Sport 6cm x 2,5m, \u00e7ok g\u00fc\u00e7l\u00fc elastik yap\u0131\u015fkan yap\u0131s\u0131yla spor yaralanmalar\u0131nda destek ve koruma sa\u011flayan dayan\u0131kl\u0131 bandajd\u0131r.<\/p>\n","protected":false},"featured_media":6910,"template":"","meta":[],"product_brand":[464],"product_cat":[1674,1671],"product_tag":[814,890,888,889,502,487,891,887],"class_list":{"0":"post-7856","1":"product","2":"type-product","3":"status-publish","4":"has-post-thumbnail","6":"product_brand-bsn-medikal","7":"product_cat-bsn-medikal","8":"product_cat-elastik-bandajlar","9":"product_tag-6cm-bandaj","10":"product_tag-destekleyici-bandaj","11":"product_tag-elastik-yapiskan-bandaj","12":"product_tag-guclu-yapiskan-bandaj","13":"product_tag-medikal-bandaj","14":"product_tag-spor-bandaji","15":"product_tag-sporcu-bandaji","16":"product_tag-tensoplast-sport","18":"first","19":"instock","20":"shipping-taxable","21":"product-type-simple"},"_links":{"self":[{"href":"https:\/\/berha.org\/en\/wp-json\/wp\/v2\/product\/7856","targetHints":{"allow":["GET"]}}],"collection":[{"href":"https:\/\/berha.org\/en\/wp-json\/wp\/v2\/product"}],"about":[{"href":"https:\/\/berha.org\/en\/wp-json\/wp\/v2\/types\/product"}],"wp:featuredmedia":[{"embeddable":true,"href":"https:\/\/berha.org\/en\/wp-json\/wp\/v2\/media\/6910"}],"wp:attachment":[{"href":"https:\/\/berha.org\/en\/wp-json\/wp\/v2\/media?parent=7856"}],"wp:term":[{"taxonomy":"product_brand","embeddable":true,"href":"https:\/\/berha.org\/en\/wp-json\/wp\/v2\/product_brand?post=7856"},{"taxonomy":"product_cat","embeddable":true,"href":"https:\/\/berha.org\/en\/wp-json\/wp\/v2\/product_cat?post=7856"},{"taxonomy":"product_tag","embeddable":true,"href":"https:\/\/berha.org\/en\/wp-json\/wp\/v2\/product_tag?post=7856"}],"curies":[{"name":"wp","href":"https:\/\/api.w.org\/{rel}","templated":true}]}}