{"id":7855,"date":"2025-07-20T22:48:22","date_gmt":"2025-07-20T19:48:22","guid":{"rendered":"https:\/\/berha.org\/en\/?post_type=product&#038;p=7855"},"modified":"2025-07-20T22:48:30","modified_gmt":"2025-07-20T19:48:30","slug":"gazofix-color-8cm-x20m-lf-bsn-fiksasyon-bandaji-mavi","status":"publish","type":"product","link":"https:\/\/berha.org\/en\/urun\/gazofix-color-8cm-x20m-lf-bsn-fiksasyon-bandaji-mavi\/","title":{"rendered":"Gazofix Color 8cm x20m LF Bsn Fiksasyon Bandaj\u0131 Mavi"},"content":{"rendered":"<p>BSN Gazofix Color 8cm x 20m LF Mavi Fiksasyon Bandaj\u0131, pansumanlar\u0131n ve yara \u00f6rt\u00fclerinin sabitlenmesinde kullan\u0131lan, renkli ve elastik bir medikal bandajd\u0131r. Canl\u0131 mavi rengiyle g\u00f6rsel ayr\u0131m sa\u011flar ve uygulama s\u00fcrecinde pratiklik kazand\u0131r\u0131r.<\/p>\n<p>Lateks i\u00e7ermeyen (LF \u2013 Lateks Free) form\u00fcl\u00fc, hassas ciltlerde bile g\u00fcvenle kullan\u0131labilir. Yumu\u015fak ve nefes alabilen yap\u0131s\u0131 sayesinde uzun s\u00fcreli kullan\u0131mlarda ciltte tahri\u015fe neden olmaz. Hem profesyonel sa\u011fl\u0131k ortamlar\u0131nda hem de evde ki\u015fisel bak\u0131m i\u00e7in uygundur.<\/p>\n","protected":false},"excerpt":{"rendered":"<p>Gazofix Color 8cm x 20m LF mavi bandaj, esnek yap\u0131s\u0131, canl\u0131 rengi ve lateks i\u00e7ermeyen i\u00e7eri\u011fi ile pansuman sabitlemede g\u00fcvenli ve konforlu bir \u00e7\u00f6z\u00fcm sunar.<\/p>\n","protected":false},"featured_media":6906,"template":"","meta":[],"product_brand":[464],"product_cat":[1674,1671],"product_tag":[819,818,820,490,817,693,805,821,815],"class_list":{"0":"post-7855","1":"product","2":"type-product","3":"status-publish","4":"has-post-thumbnail","6":"product_brand-bsn-medikal","7":"product_cat-bsn-medikal","8":"product_cat-elastik-bandajlar","9":"product_tag-8cm-bandaj","10":"product_tag-bsn-mavi-bandaj","11":"product_tag-esnek-tibbi-bandaj","12":"product_tag-fiksasyon-bandaji","13":"product_tag-gazofix-color","14":"product_tag-lateks-icermeyen-bandaj","15":"product_tag-lf-bandaj","16":"product_tag-mavi-elastik-bandaj","17":"product_tag-yara-sabitleme-bandi","19":"first","20":"instock","21":"shipping-taxable","22":"product-type-simple"},"_links":{"self":[{"href":"https:\/\/berha.org\/en\/wp-json\/wp\/v2\/product\/7855","targetHints":{"allow":["GET"]}}],"collection":[{"href":"https:\/\/berha.org\/en\/wp-json\/wp\/v2\/product"}],"about":[{"href":"https:\/\/berha.org\/en\/wp-json\/wp\/v2\/types\/product"}],"wp:featuredmedia":[{"embeddable":true,"href":"https:\/\/berha.org\/en\/wp-json\/wp\/v2\/media\/6906"}],"wp:attachment":[{"href":"https:\/\/berha.org\/en\/wp-json\/wp\/v2\/media?parent=7855"}],"wp:term":[{"taxonomy":"product_brand","embeddable":true,"href":"https:\/\/berha.org\/en\/wp-json\/wp\/v2\/product_brand?post=7855"},{"taxonomy":"product_cat","embeddable":true,"href":"https:\/\/berha.org\/en\/wp-json\/wp\/v2\/product_cat?post=7855"},{"taxonomy":"product_tag","embeddable":true,"href":"https:\/\/berha.org\/en\/wp-json\/wp\/v2\/product_tag?post=7855"}],"curies":[{"name":"wp","href":"https:\/\/api.w.org\/{rel}","templated":true}]}}