{"id":7853,"date":"2025-07-20T22:48:22","date_gmt":"2025-07-20T19:48:22","guid":{"rendered":"https:\/\/berha.org\/en\/?post_type=product&#038;p=7853"},"modified":"2025-07-20T22:48:30","modified_gmt":"2025-07-20T19:48:30","slug":"tensoplast-sport-10cm-x-25m-bsn-cok-guclu-elastik-yapiskan-bandaj","status":"publish","type":"product","link":"https:\/\/berha.org\/en\/urun\/tensoplast-sport-10cm-x-25m-bsn-cok-guclu-elastik-yapiskan-bandaj\/","title":{"rendered":"Tensoplast Sport 10cm x 2,5m Bsn \u00c7ok G\u00fc\u00e7l\u00fc Elastik Yap\u0131\u015fkan Bandaj"},"content":{"rendered":"<p>BSN Tensoplast Sport 10cm x 2,5m, sporcularda meydana gelen kas ve eklem zorlanmalar\u0131nda g\u00fcvenli bir sabitleme ve destek sunan elastik yap\u0131\u015fkanl\u0131 bandajd\u0131r. Geni\u015f y\u00fczeyi sayesinde daha fazla alan\u0131 kapsar, bu da \u00f6zellikle diz, omuz, bel gibi b\u00fcy\u00fck eklemlerde kullan\u0131m i\u00e7in idealdir.<\/p>\n<p>\u00c7ok g\u00fc\u00e7l\u00fc yap\u0131\u015fkan\u0131, cilde sa\u011flam \u015fekilde tutunur ve hareket esnas\u0131nda kaymaz. Esnek yap\u0131s\u0131 sayesinde konforlu bir kullan\u0131m sunar ve hareket kabiliyetini k\u0131s\u0131tlamaz. Spor \u00f6ncesi koruma, spor sonras\u0131 iyile\u015ftirme ve g\u00fcnl\u00fck kas-eklem destek uygulamalar\u0131nda g\u00fcvenle kullan\u0131labilir.<\/p>\n","protected":false},"excerpt":{"rendered":"<p>Tensoplast Sport 10cm x 2,5m BSN, spor aktivitelerinde maksimum destek ve sabitleme sa\u011flamak i\u00e7in tasarlanm\u0131\u015f, \u00e7ok g\u00fc\u00e7l\u00fc elastik yap\u0131\u015fkanl\u0131 bandajd\u0131r.<\/p>\n","protected":false},"featured_media":6900,"template":"","meta":[],"product_brand":[464],"product_cat":[1674,1671],"product_tag":[896,894,888,886,892,897,891,887,491],"class_list":{"0":"post-7853","1":"product","2":"type-product","3":"status-publish","4":"has-post-thumbnail","6":"product_brand-bsn-medikal","7":"product_cat-bsn-medikal","8":"product_cat-elastik-bandajlar","9":"product_tag-10cm-spor-bandaji","10":"product_tag-bsn-spor-bandaji","11":"product_tag-elastik-yapiskan-bandaj","12":"product_tag-guclu-elastik-bandaj","13":"product_tag-kas-ve-eklem-destegi","14":"product_tag-medikal-destek-bandi","15":"product_tag-sporcu-bandaji","16":"product_tag-tensoplast-sport","17":"product_tag-yapiskanli-bandaj","19":"first","20":"instock","21":"shipping-taxable","22":"product-type-simple"},"_links":{"self":[{"href":"https:\/\/berha.org\/en\/wp-json\/wp\/v2\/product\/7853","targetHints":{"allow":["GET"]}}],"collection":[{"href":"https:\/\/berha.org\/en\/wp-json\/wp\/v2\/product"}],"about":[{"href":"https:\/\/berha.org\/en\/wp-json\/wp\/v2\/types\/product"}],"wp:featuredmedia":[{"embeddable":true,"href":"https:\/\/berha.org\/en\/wp-json\/wp\/v2\/media\/6900"}],"wp:attachment":[{"href":"https:\/\/berha.org\/en\/wp-json\/wp\/v2\/media?parent=7853"}],"wp:term":[{"taxonomy":"product_brand","embeddable":true,"href":"https:\/\/berha.org\/en\/wp-json\/wp\/v2\/product_brand?post=7853"},{"taxonomy":"product_cat","embeddable":true,"href":"https:\/\/berha.org\/en\/wp-json\/wp\/v2\/product_cat?post=7853"},{"taxonomy":"product_tag","embeddable":true,"href":"https:\/\/berha.org\/en\/wp-json\/wp\/v2\/product_tag?post=7853"}],"curies":[{"name":"wp","href":"https:\/\/api.w.org\/{rel}","templated":true}]}}