{"id":7852,"date":"2025-07-20T22:48:22","date_gmt":"2025-07-20T19:48:22","guid":{"rendered":"https:\/\/berha.org\/en\/?post_type=product&#038;p=7852"},"modified":"2025-07-20T22:48:29","modified_gmt":"2025-07-20T19:48:29","slug":"leukomed-t-11cm-x-14cm-transparan-yara-pansuman-ortusu-pedsiz-50li-kutu","status":"publish","type":"product","link":"https:\/\/berha.org\/en\/urun\/leukomed-t-11cm-x-14cm-transparan-yara-pansuman-ortusu-pedsiz-50li-kutu\/","title":{"rendered":"Leukomed T  11cm x 14cm Transparan Yara Pansuman \u00d6rt\u00fcs\u00fc Pedsiz 50li Kutu"},"content":{"rendered":"<p>Leukomed T 11cm x 14cm Transparan Yara Pansuman \u00d6rt\u00fcs\u00fc Pedsiz (50\u2019li kutu), cerrahi, travma ve post-operatif yaralar\u0131n korunmas\u0131 i\u00e7in geli\u015ftirilmi\u015f y\u00fcksek kaliteli steril yara \u00f6rt\u00fcs\u00fcd\u00fcr.<\/p>\n<p>Pedsiz yap\u0131s\u0131 ile yara \u00fczerine do\u011frudan yap\u0131\u015fma olmaz, bu sayede kolay de\u011fi\u015ftirme imkan\u0131 sunar. Transparan filmi sayesinde yara b\u00f6lgesi g\u00f6zle takip edilebilir ve bak\u0131m s\u00fcreci izlenebilir.<\/p>\n<p>Su ge\u00e7irmez ama hava alabilen yap\u0131s\u0131 sayesinde cilt nem dengesini korur, enfeksiyon riskini azalt\u0131r. Klinik, hastane ve evde yara bak\u0131m\u0131nda tercih edilir.<\/p>\n","protected":false},"excerpt":{"rendered":"<p>Leukomed T 11cm x 14cm, pedsiz, \u015feffaf ve nefes alabilen yara pansuman \u00f6rt\u00fcs\u00fcd\u00fcr. 50\u2019li kutu ile profesyonel yara bak\u0131m\u0131nda g\u00fcvenilir \u00e7\u00f6z\u00fcmd\u00fcr.<\/p>\n","protected":false},"featured_media":6899,"template":"","meta":[],"product_brand":[464],"product_cat":[1674,630],"product_tag":[731,721,715,660,729,732,727,467,661,730],"class_list":{"0":"post-7852","1":"product","2":"type-product","3":"status-publish","4":"has-post-thumbnail","6":"product_brand-bsn-medikal","7":"product_cat-bsn-medikal","8":"product_cat-yara-bakimi","9":"product_tag-11cm-x-14cm","10":"product_tag-bsn-yara-bandi","11":"product_tag-bsn-yara-ortusu","12":"product_tag-leukomed-t","13":"product_tag-nefes-alabilen-yara-ortusu","14":"product_tag-pedsiz-yara-bandi","15":"product_tag-post-op-yara-bakimi","16":"product_tag-steril-yara-ortusu","17":"product_tag-transparan-yara-ortusu","18":"product_tag-yara-pansuman-ortusu","20":"first","21":"instock","22":"shipping-taxable","23":"product-type-simple"},"_links":{"self":[{"href":"https:\/\/berha.org\/en\/wp-json\/wp\/v2\/product\/7852","targetHints":{"allow":["GET"]}}],"collection":[{"href":"https:\/\/berha.org\/en\/wp-json\/wp\/v2\/product"}],"about":[{"href":"https:\/\/berha.org\/en\/wp-json\/wp\/v2\/types\/product"}],"wp:featuredmedia":[{"embeddable":true,"href":"https:\/\/berha.org\/en\/wp-json\/wp\/v2\/media\/6899"}],"wp:attachment":[{"href":"https:\/\/berha.org\/en\/wp-json\/wp\/v2\/media?parent=7852"}],"wp:term":[{"taxonomy":"product_brand","embeddable":true,"href":"https:\/\/berha.org\/en\/wp-json\/wp\/v2\/product_brand?post=7852"},{"taxonomy":"product_cat","embeddable":true,"href":"https:\/\/berha.org\/en\/wp-json\/wp\/v2\/product_cat?post=7852"},{"taxonomy":"product_tag","embeddable":true,"href":"https:\/\/berha.org\/en\/wp-json\/wp\/v2\/product_tag?post=7852"}],"curies":[{"name":"wp","href":"https:\/\/api.w.org\/{rel}","templated":true}]}}