{"id":7851,"date":"2025-07-20T22:48:22","date_gmt":"2025-07-20T19:48:22","guid":{"rendered":"https:\/\/berha.org\/en\/?post_type=product&#038;p=7851"},"modified":"2025-07-20T22:48:29","modified_gmt":"2025-07-20T19:48:29","slug":"tensoplast-sport-8cm-x-25m-cok-guclu-elastik-yapiskan-bandaj","status":"publish","type":"product","link":"https:\/\/berha.org\/en\/urun\/tensoplast-sport-8cm-x-25m-cok-guclu-elastik-yapiskan-bandaj\/","title":{"rendered":"Tensoplast Sport 8cm x 2,5m \u00c7ok G\u00fc\u00e7l\u00fc Elastik Yap\u0131\u015fkan Bandaj"},"content":{"rendered":"<p>Tensoplast Sport 8cm x 2,5m, \u00e7ok g\u00fc\u00e7l\u00fc yap\u0131\u015fkanl\u0131 elastik yap\u0131s\u0131 sayesinde kaslar\u0131 ve eklemleri sabitleyerek spor yaralanmalar\u0131n\u0131n tedavisinde ve korunmas\u0131nda etkili \u00e7\u00f6z\u00fcmler sunar.<\/p>\n<p>Esnekli\u011fi sayesinde hareket kabiliyetini k\u0131s\u0131tlamaz, ayn\u0131 zamanda hedef b\u00f6lgeye g\u00fcvenli destek sa\u011flar. \u00d6zellikle sporcular\u0131n antrenman veya m\u00fcsabaka esnas\u0131nda kullan\u0131m\u0131 i\u00e7in idealdir. Cilde iyi yap\u0131\u015f\u0131r, kaymaz ve uzun s\u00fcreli koruma sa\u011flar.<\/p>\n","protected":false},"excerpt":{"rendered":"<p>Tensoplast Sport 8cm x 2,5m, sporcularda s\u0131k g\u00f6r\u00fclen kas ve eklem zorlanmalar\u0131nda g\u00fc\u00e7l\u00fc destek sa\u011flayan elastik ve yap\u0131\u015fkanl\u0131 medikal bandajd\u0131r.<\/p>\n","protected":false},"featured_media":6896,"template":"","meta":[],"product_brand":[464],"product_cat":[1674,1671],"product_tag":[819,894,888,893,892,487,891,887,895],"class_list":{"0":"post-7851","1":"product","2":"type-product","3":"status-publish","4":"has-post-thumbnail","6":"product_brand-bsn-medikal","7":"product_cat-bsn-medikal","8":"product_cat-elastik-bandajlar","9":"product_tag-8cm-bandaj","10":"product_tag-bsn-spor-bandaji","11":"product_tag-elastik-yapiskan-bandaj","12":"product_tag-guclu-bandaj","13":"product_tag-kas-ve-eklem-destegi","14":"product_tag-spor-bandaji","15":"product_tag-sporcu-bandaji","16":"product_tag-tensoplast-sport","17":"product_tag-yapiskanli-elastik-bandaj","19":"first","20":"instock","21":"shipping-taxable","22":"product-type-simple"},"_links":{"self":[{"href":"https:\/\/berha.org\/en\/wp-json\/wp\/v2\/product\/7851","targetHints":{"allow":["GET"]}}],"collection":[{"href":"https:\/\/berha.org\/en\/wp-json\/wp\/v2\/product"}],"about":[{"href":"https:\/\/berha.org\/en\/wp-json\/wp\/v2\/types\/product"}],"wp:featuredmedia":[{"embeddable":true,"href":"https:\/\/berha.org\/en\/wp-json\/wp\/v2\/media\/6896"}],"wp:attachment":[{"href":"https:\/\/berha.org\/en\/wp-json\/wp\/v2\/media?parent=7851"}],"wp:term":[{"taxonomy":"product_brand","embeddable":true,"href":"https:\/\/berha.org\/en\/wp-json\/wp\/v2\/product_brand?post=7851"},{"taxonomy":"product_cat","embeddable":true,"href":"https:\/\/berha.org\/en\/wp-json\/wp\/v2\/product_cat?post=7851"},{"taxonomy":"product_tag","embeddable":true,"href":"https:\/\/berha.org\/en\/wp-json\/wp\/v2\/product_tag?post=7851"}],"curies":[{"name":"wp","href":"https:\/\/api.w.org\/{rel}","templated":true}]}}