{"id":7850,"date":"2025-07-20T22:48:21","date_gmt":"2025-07-20T19:48:21","guid":{"rendered":"https:\/\/berha.org\/en\/?post_type=product&#038;p=7850"},"modified":"2025-07-20T22:48:29","modified_gmt":"2025-07-20T19:48:29","slug":"hypafix-gentle-touch-15cm-x-5m-bsn-hasas-ciltler-icin-silikon-yapiskanli-sargi-tutucu-serit","status":"publish","type":"product","link":"https:\/\/berha.org\/en\/urun\/hypafix-gentle-touch-15cm-x-5m-bsn-hasas-ciltler-icin-silikon-yapiskanli-sargi-tutucu-serit\/","title":{"rendered":"Hypafix Gentle Touch 15cm x 5m Bsn Hasas Ciltler \u0130\u00e7in Silikon Yap\u0131\u015fkanl\u0131 Sarg\u0131 Tutucu \u015eerit"},"content":{"rendered":"<p>BSN Hypafix Gentle Touch 15cm x 5m, hassas ciltler i\u00e7in \u00f6zel olarak geli\u015ftirilmi\u015f silikon bazl\u0131 yap\u0131\u015fkanl\u0131 sarg\u0131 tutucu \u015ferittir. Silikon yap\u0131\u015fkan\u0131 sayesinde cilt tahri\u015fini \u00f6nler ve kolay \u00e7\u0131kar\u0131labilirlik sunar.<\/p>\n<p>Nefes alabilen, esnek ve yumu\u015fak yap\u0131s\u0131yla uzun s\u00fcreli kullan\u0131mlarda konfor sa\u011flar. Klinik ve ev tipi bak\u0131m uygulamalar\u0131nda hassas ciltli hastalar i\u00e7in ideal \u00e7\u00f6z\u00fcm olarak tercih edilir.<\/p>\n","protected":false},"excerpt":{"rendered":"<p>Hypafix Gentle Touch 15cm x 5m, silikon yap\u0131\u015fkanl\u0131 yap\u0131s\u0131 ile hassas ciltlerde nazik ve g\u00fcvenli pansuman sabitleme sa\u011flar.<\/p>\n","protected":false},"featured_media":6894,"template":"","meta":[],"product_brand":[464],"product_cat":[1674,630],"product_tag":[876,871,832,874,875,835,872,850],"class_list":{"0":"post-7850","1":"product","2":"type-product","3":"status-publish","4":"has-post-thumbnail","6":"product_brand-bsn-medikal","7":"product_cat-bsn-medikal","8":"product_cat-yara-bakimi","9":"product_tag-15cm-sargi-bandi","10":"product_tag-bsn-silikon-yapiskanli-band","11":"product_tag-hassas-cilt-bandi","12":"product_tag-hassas-ciltler-icin-bandaj","13":"product_tag-hypafix-gentle-touch","14":"product_tag-medikal-bant","15":"product_tag-silikon-sargi-tutucu","16":"product_tag-yara-sabitleme","18":"first","19":"instock","20":"shipping-taxable","21":"product-type-simple"},"_links":{"self":[{"href":"https:\/\/berha.org\/en\/wp-json\/wp\/v2\/product\/7850","targetHints":{"allow":["GET"]}}],"collection":[{"href":"https:\/\/berha.org\/en\/wp-json\/wp\/v2\/product"}],"about":[{"href":"https:\/\/berha.org\/en\/wp-json\/wp\/v2\/types\/product"}],"wp:featuredmedia":[{"embeddable":true,"href":"https:\/\/berha.org\/en\/wp-json\/wp\/v2\/media\/6894"}],"wp:attachment":[{"href":"https:\/\/berha.org\/en\/wp-json\/wp\/v2\/media?parent=7850"}],"wp:term":[{"taxonomy":"product_brand","embeddable":true,"href":"https:\/\/berha.org\/en\/wp-json\/wp\/v2\/product_brand?post=7850"},{"taxonomy":"product_cat","embeddable":true,"href":"https:\/\/berha.org\/en\/wp-json\/wp\/v2\/product_cat?post=7850"},{"taxonomy":"product_tag","embeddable":true,"href":"https:\/\/berha.org\/en\/wp-json\/wp\/v2\/product_tag?post=7850"}],"curies":[{"name":"wp","href":"https:\/\/api.w.org\/{rel}","templated":true}]}}