{"id":7848,"date":"2025-07-20T22:48:21","date_gmt":"2025-07-20T19:48:21","guid":{"rendered":"https:\/\/berha.org\/en\/?post_type=product&#038;p=7848"},"modified":"2025-07-20T22:48:28","modified_gmt":"2025-07-20T19:48:28","slug":"leukopor-125cm-x-5m-kagit-flaster-yara-bandi","status":"publish","type":"product","link":"https:\/\/berha.org\/en\/urun\/leukopor-125cm-x-5m-kagit-flaster-yara-bandi\/","title":{"rendered":"Leukopor 1,25cm x 5m Ka\u011f\u0131t Flaster Yara Band\u0131"},"content":{"rendered":"<p>Leukopor 1,25cm x 5m Ka\u011f\u0131t Flaster Yara Band\u0131, \u00f6zellikle ince ve hassas ciltlerde kullan\u0131ma uygun, nefes alabilir yap\u0131\u015fkanl\u0131 yara band\u0131d\u0131r. Hipoalerjenik form\u00fcl\u00fc sayesinde ciltte tahri\u015f veya alerji riskini minimuma indirir.<\/p>\n<p>Ka\u011f\u0131t bazl\u0131 yap\u0131s\u0131 sayesinde esnek ve hafiftir, kolayca y\u0131rt\u0131larak istenilen boyutta kullan\u0131labilir. Klinik ve ev tipi yara bak\u0131m uygulamalar\u0131nda g\u00fcvenle tercih edilir. Yara \u00f6rt\u00fclerini sabitlemek i\u00e7in pratik ve etkili \u00e7\u00f6z\u00fcmd\u00fcr.<\/p>\n","protected":false},"excerpt":{"rendered":"<p>Leukopor 1,25cm x 5m ka\u011f\u0131t flaster, ince yap\u0131s\u0131 ve hipoalerjenik \u00f6zelli\u011fi ile hassas ciltler i\u00e7in ideal, nefes alabilen yara band\u0131d\u0131r.<\/p>\n","protected":false},"featured_media":6891,"template":"","meta":[],"product_brand":[464],"product_cat":[1674,630],"product_tag":[841,842,721,832,843,840,829,839,815],"class_list":{"0":"post-7848","1":"product","2":"type-product","3":"status-publish","4":"has-post-thumbnail","6":"product_brand-bsn-medikal","7":"product_cat-bsn-medikal","8":"product_cat-yara-bakimi","9":"product_tag-841","10":"product_tag-25-cm-flaster","11":"product_tag-bsn-yara-bandi","12":"product_tag-hassas-cilt-bandi","13":"product_tag-hipoalerjenik-flaster","14":"product_tag-kagit-yara-bandi","15":"product_tag-leukopor-flaster","16":"product_tag-medikal-flaster","17":"product_tag-yara-sabitleme-bandi","19":"first","20":"instock","21":"shipping-taxable","22":"product-type-simple"},"_links":{"self":[{"href":"https:\/\/berha.org\/en\/wp-json\/wp\/v2\/product\/7848","targetHints":{"allow":["GET"]}}],"collection":[{"href":"https:\/\/berha.org\/en\/wp-json\/wp\/v2\/product"}],"about":[{"href":"https:\/\/berha.org\/en\/wp-json\/wp\/v2\/types\/product"}],"wp:featuredmedia":[{"embeddable":true,"href":"https:\/\/berha.org\/en\/wp-json\/wp\/v2\/media\/6891"}],"wp:attachment":[{"href":"https:\/\/berha.org\/en\/wp-json\/wp\/v2\/media?parent=7848"}],"wp:term":[{"taxonomy":"product_brand","embeddable":true,"href":"https:\/\/berha.org\/en\/wp-json\/wp\/v2\/product_brand?post=7848"},{"taxonomy":"product_cat","embeddable":true,"href":"https:\/\/berha.org\/en\/wp-json\/wp\/v2\/product_cat?post=7848"},{"taxonomy":"product_tag","embeddable":true,"href":"https:\/\/berha.org\/en\/wp-json\/wp\/v2\/product_tag?post=7848"}],"curies":[{"name":"wp","href":"https:\/\/api.w.org\/{rel}","templated":true}]}}