{"id":7846,"date":"2025-07-20T22:48:21","date_gmt":"2025-07-20T19:48:21","guid":{"rendered":"https:\/\/berha.org\/en\/?post_type=product&#038;p=7846"},"modified":"2025-07-20T22:48:27","modified_gmt":"2025-07-20T19:48:27","slug":"leukopor-5cm-x-5m-kagit-flaster-yara-bandi","status":"publish","type":"product","link":"https:\/\/berha.org\/en\/urun\/leukopor-5cm-x-5m-kagit-flaster-yara-bandi\/","title":{"rendered":"Leukopor 5cm x 5m Ka\u011f\u0131t Flaster Yara Band\u0131"},"content":{"rendered":"<p>Leukopor 5cm x 5m Ka\u011f\u0131t Flaster Yara Band\u0131, ciltle uyumlu yap\u0131s\u0131yla pansumanlar\u0131 sabitlemek i\u00e7in ideal, yumu\u015fak ve hipoalerjenik bir flasterdir. \u00d6zellikle hassas ve alerjiye yatk\u0131n ciltler i\u00e7in geli\u015ftirilmi\u015f olup, nazik yap\u0131\u015fkan\u0131 sayesinde ciltte tahri\u015fe neden olmaz.<\/p>\n<p>Ka\u011f\u0131t yap\u0131s\u0131 sayesinde hava ve nem ge\u00e7i\u015fine izin verir, cildin nefes almas\u0131n\u0131 sa\u011flar. Flaster kolayca y\u0131rt\u0131labilir ve istenilen boyutta kullan\u0131labilir. Klinik, hastane ve evde yara bak\u0131m\u0131 uygulamalar\u0131 i\u00e7in uygundur.<\/p>\n","protected":false},"excerpt":{"rendered":"<p>Leukopor 5cm x 5m ka\u011f\u0131t flaster, hassas ciltler i\u00e7in \u00f6zel olarak tasarlanm\u0131\u015f, hava ge\u00e7irgen ve hipoalerjenik yap\u0131\u015fkanl\u0131 yara band\u0131d\u0131r.<\/p>\n","protected":false},"featured_media":6872,"template":"","meta":[],"product_brand":[464],"product_cat":[1674,630],"product_tag":[831,833,836,832,830,829,835,834,473],"class_list":{"0":"post-7846","1":"product","2":"type-product","3":"status-publish","4":"has-post-thumbnail","6":"product_brand-bsn-medikal","7":"product_cat-bsn-medikal","8":"product_cat-yara-bakimi","9":"product_tag-5cm-flaster","10":"product_tag-bsn-flaster","11":"product_tag-cilt-dostu-yara-bandi","12":"product_tag-hassas-cilt-bandi","13":"product_tag-kagit-flaster","14":"product_tag-leukopor-flaster","15":"product_tag-medikal-bant","16":"product_tag-tibbi-flaster","17":"product_tag-yara-bandi","19":"first","20":"instock","21":"shipping-taxable","22":"product-type-simple"},"_links":{"self":[{"href":"https:\/\/berha.org\/en\/wp-json\/wp\/v2\/product\/7846","targetHints":{"allow":["GET"]}}],"collection":[{"href":"https:\/\/berha.org\/en\/wp-json\/wp\/v2\/product"}],"about":[{"href":"https:\/\/berha.org\/en\/wp-json\/wp\/v2\/types\/product"}],"wp:featuredmedia":[{"embeddable":true,"href":"https:\/\/berha.org\/en\/wp-json\/wp\/v2\/media\/6872"}],"wp:attachment":[{"href":"https:\/\/berha.org\/en\/wp-json\/wp\/v2\/media?parent=7846"}],"wp:term":[{"taxonomy":"product_brand","embeddable":true,"href":"https:\/\/berha.org\/en\/wp-json\/wp\/v2\/product_brand?post=7846"},{"taxonomy":"product_cat","embeddable":true,"href":"https:\/\/berha.org\/en\/wp-json\/wp\/v2\/product_cat?post=7846"},{"taxonomy":"product_tag","embeddable":true,"href":"https:\/\/berha.org\/en\/wp-json\/wp\/v2\/product_tag?post=7846"}],"curies":[{"name":"wp","href":"https:\/\/api.w.org\/{rel}","templated":true}]}}