{"id":7843,"date":"2025-07-20T22:48:21","date_gmt":"2025-07-20T19:48:21","guid":{"rendered":"https:\/\/berha.org\/en\/?post_type=product&#038;p=7843"},"modified":"2025-07-20T22:48:26","modified_gmt":"2025-07-20T19:48:26","slug":"leukoplast-wound-closure-strip-yara-kapama-stribi-6mm-x-75mm-150-adet","status":"publish","type":"product","link":"https:\/\/berha.org\/en\/urun\/leukoplast-wound-closure-strip-yara-kapama-stribi-6mm-x-75mm-150-adet\/","title":{"rendered":"Leukoplast Wound Closure Strip, Yara Kapama Stribi 6mm x 75mm 150 Adet"},"content":{"rendered":"<p>Leukoplast Wound Closure Strip 6mm x 75mm, cerrahi kesiler veya y\u00fczeysel yaralanmalar\u0131n g\u00fcvenli ve iz b\u0131rakmadan kapanmas\u0131na yard\u0131mc\u0131 olan medikal yara kapama stribidir. Cilt dostu yap\u0131\u015fkan\u0131 sayesinde hassas ciltlerde bile g\u00fcvenle kullan\u0131labilir.<\/p>\n<p>Steril yap\u0131s\u0131, enfeksiyon riskini azalt\u0131rken; uzunlu\u011fu sayesinde daha geni\u015f yara b\u00f6lgelerinde etkili sabitleme sa\u011flar. Diki\u015f ya da z\u0131mba kullan\u0131m\u0131na gerek kalmadan yara bak\u0131m\u0131 sa\u011flar ve estetik sonu\u00e7lara katk\u0131 sunar.<\/p>\n<p>150 adetlik paket i\u00e7eri\u011fiyle hastane, klinik ve ev tipi sa\u011fl\u0131k uygulamalar\u0131 i\u00e7in uygundur.<\/p>\n","protected":false},"excerpt":{"rendered":"<p>Leukoplast Wound Closure Strip 6mm x 75mm, yara kenarlar\u0131n\u0131 birle\u015ftirmeye yard\u0131mc\u0131 olan steril ve diki\u015fsiz cilt kapama band\u0131d\u0131r. 150 adetlik ekonomik kutu ile sunulur.<\/p>\n","protected":false},"featured_media":6867,"template":"","meta":[],"product_brand":[464],"product_cat":[1674,630],"product_tag":[915,920,721,922,921,913,504,918,911,914],"class_list":{"0":"post-7843","1":"product","2":"type-product","3":"status-publish","4":"has-post-thumbnail","6":"product_brand-bsn-medikal","7":"product_cat-bsn-medikal","8":"product_cat-yara-bakimi","9":"product_tag-6mm-yara-bandi","10":"product_tag-75mm-yara-bandi","11":"product_tag-bsn-yara-bandi","12":"product_tag-cerrahi-yara-kapama","13":"product_tag-cilt-kapama-bandi","14":"product_tag-dikissiz-yara-kapama","15":"product_tag-leukoplast","16":"product_tag-medikal-strip","17":"product_tag-steril-dikis-bandi","18":"product_tag-yara-kapama-stribi","20":"first","21":"instock","22":"shipping-taxable","23":"product-type-simple"},"_links":{"self":[{"href":"https:\/\/berha.org\/en\/wp-json\/wp\/v2\/product\/7843","targetHints":{"allow":["GET"]}}],"collection":[{"href":"https:\/\/berha.org\/en\/wp-json\/wp\/v2\/product"}],"about":[{"href":"https:\/\/berha.org\/en\/wp-json\/wp\/v2\/types\/product"}],"wp:featuredmedia":[{"embeddable":true,"href":"https:\/\/berha.org\/en\/wp-json\/wp\/v2\/media\/6867"}],"wp:attachment":[{"href":"https:\/\/berha.org\/en\/wp-json\/wp\/v2\/media?parent=7843"}],"wp:term":[{"taxonomy":"product_brand","embeddable":true,"href":"https:\/\/berha.org\/en\/wp-json\/wp\/v2\/product_brand?post=7843"},{"taxonomy":"product_cat","embeddable":true,"href":"https:\/\/berha.org\/en\/wp-json\/wp\/v2\/product_cat?post=7843"},{"taxonomy":"product_tag","embeddable":true,"href":"https:\/\/berha.org\/en\/wp-json\/wp\/v2\/product_tag?post=7843"}],"curies":[{"name":"wp","href":"https:\/\/api.w.org\/{rel}","templated":true}]}}