{"id":7841,"date":"2025-07-20T22:48:21","date_gmt":"2025-07-20T19:48:21","guid":{"rendered":"https:\/\/berha.org\/en\/?post_type=product&#038;p=7841"},"modified":"2025-07-20T22:48:25","modified_gmt":"2025-07-20T19:48:25","slug":"leukoplast-wound-closure-strip-yara-kapama-stribi-3mm-x-75mm-250-adet","status":"publish","type":"product","link":"https:\/\/berha.org\/en\/urun\/leukoplast-wound-closure-strip-yara-kapama-stribi-3mm-x-75mm-250-adet\/","title":{"rendered":"Leukoplast Wound Closure Strip, Yara Kapama Stribi 3mm x 75mm 250 Adet"},"content":{"rendered":"<p>Leukoplast Wound Closure Strip 3mm x 75mm, \u00f6zellikle y\u00fcz, el veya hassas b\u00f6lgelerde bulunan k\u00fc\u00e7\u00fck kesiklerin, cerrahi yaralar\u0131n ve estetik operasyon sonras\u0131 iz kalmamas\u0131 istenen alanlar\u0131n kapat\u0131lmas\u0131nda tercih edilen medikal bir \u00e7\u00f6z\u00fcmd\u00fcr.<\/p>\n<p>\u0130nce yap\u0131s\u0131 sayesinde minimum iz b\u0131rak\u0131r, cilt dostu yap\u0131\u015fkan\u0131 ile hassas ciltlerde dahi g\u00fcvenle kullan\u0131labilir. Diki\u015f gerektirmeyen yap\u0131s\u0131yla uygulamas\u0131 kolayd\u0131r ve yara iyile\u015fmesini h\u0131zland\u0131r\u0131rken enfeksiyon riskini azalt\u0131r.<\/p>\n<p>250 adetlik paket i\u00e7eri\u011fiyle hastaneler, klinikler, acil m\u00fcdahale \u00e7antalar\u0131 ve ev tipi sa\u011fl\u0131k kitleri i\u00e7in idealdir.<\/p>\n","protected":false},"excerpt":{"rendered":"<p>Leukoplast Wound Closure Strip 3mm x 75mm, ince ve uzun formu ile k\u00fc\u00e7\u00fck ve hassas b\u00f6lgelerdeki yaralar\u0131n diki\u015fsiz kapat\u0131lmas\u0131n\u0131 sa\u011flayan steril yara kapama stribidir.<\/p>\n","protected":false},"featured_media":6866,"template":"","meta":[],"product_brand":[464],"product_cat":[1674,630],"product_tag":[927,928,931,930,926,913,929,504,728,914],"class_list":{"0":"post-7841","1":"product","2":"type-product","3":"status-publish","4":"has-post-thumbnail","6":"product_brand-bsn-medikal","7":"product_cat-bsn-medikal","8":"product_cat-yara-bakimi","9":"product_tag-3mm-yara-bandi","10":"product_tag-75mm-yara-seridi","11":"product_tag-bsn-yara-kapama","12":"product_tag-cerrahi-kapatma-bandi","13":"product_tag-cilt-kapama-seridi","14":"product_tag-dikissiz-yara-kapama","15":"product_tag-ince-yara-bandi","16":"product_tag-leukoplast","17":"product_tag-steril-yara-bandi","18":"product_tag-yara-kapama-stribi","20":"first","21":"instock","22":"shipping-taxable","23":"product-type-simple"},"_links":{"self":[{"href":"https:\/\/berha.org\/en\/wp-json\/wp\/v2\/product\/7841","targetHints":{"allow":["GET"]}}],"collection":[{"href":"https:\/\/berha.org\/en\/wp-json\/wp\/v2\/product"}],"about":[{"href":"https:\/\/berha.org\/en\/wp-json\/wp\/v2\/types\/product"}],"wp:featuredmedia":[{"embeddable":true,"href":"https:\/\/berha.org\/en\/wp-json\/wp\/v2\/media\/6866"}],"wp:attachment":[{"href":"https:\/\/berha.org\/en\/wp-json\/wp\/v2\/media?parent=7841"}],"wp:term":[{"taxonomy":"product_brand","embeddable":true,"href":"https:\/\/berha.org\/en\/wp-json\/wp\/v2\/product_brand?post=7841"},{"taxonomy":"product_cat","embeddable":true,"href":"https:\/\/berha.org\/en\/wp-json\/wp\/v2\/product_cat?post=7841"},{"taxonomy":"product_tag","embeddable":true,"href":"https:\/\/berha.org\/en\/wp-json\/wp\/v2\/product_tag?post=7841"}],"curies":[{"name":"wp","href":"https:\/\/api.w.org\/{rel}","templated":true}]}}