{"id":7840,"date":"2025-07-20T22:48:21","date_gmt":"2025-07-20T19:48:21","guid":{"rendered":"https:\/\/berha.org\/en\/?post_type=product&#038;p=7840"},"modified":"2025-07-20T22:48:25","modified_gmt":"2025-07-20T19:48:25","slug":"leukoplast-wound-closure-strip-yara-kapama-stribi-25mm-x-100mm-100-adet","status":"publish","type":"product","link":"https:\/\/berha.org\/en\/urun\/leukoplast-wound-closure-strip-yara-kapama-stribi-25mm-x-100mm-100-adet\/","title":{"rendered":"Leukoplast Wound Closure Strip ,Yara Kapama Stribi 25mm x 100mm 100 Adet"},"content":{"rendered":"<p>Leukoplast Wound Closure Strip 25mm x 100mm, geni\u015f yara b\u00f6lgelerinin diki\u015f kullanmadan kapat\u0131lmas\u0131 i\u00e7in geli\u015ftirilmi\u015f y\u00fcksek kaliteli yara kapama stribidir. Steril ve cilt dostu yap\u0131s\u0131yla enfeksiyon riskini azalt\u0131rken, yara kenarlar\u0131n\u0131 birle\u015ftirerek h\u0131zl\u0131 ve estetik iyile\u015fmeye katk\u0131 sa\u011flar.<\/p>\n<p>25 mm geni\u015fli\u011fi ve 100 mm uzunlu\u011fu ile kar\u0131n, s\u0131rt, uyluk gibi b\u00fcy\u00fck alanlardaki cerrahi kesilerde veya travmatik yaralanmalarda etkili sabitleme sunar. 100 adetlik paket i\u00e7eri\u011fi sayesinde hastaneler, klinikler ve cerrahi birimler i\u00e7in ekonomik \u00e7\u00f6z\u00fcmd\u00fcr.<\/p>\n","protected":false},"excerpt":{"rendered":"<p>Leukoplast Wound Closure Strip 25mm x 100mm, b\u00fcy\u00fck cerrahi kesiler ve geni\u015f y\u00fczeyli yaralar\u0131n diki\u015fsiz ve g\u00fcvenli \u015fekilde kapat\u0131lmas\u0131 i\u00e7in tasarlanm\u0131\u015f steril yara kapama \u015ferididir.<\/p>\n","protected":false},"featured_media":6864,"template":"","meta":[],"product_brand":[464],"product_cat":[1674,630],"product_tag":[924,923,721,922,926,913,925,504,728,914],"class_list":{"0":"post-7840","1":"product","2":"type-product","3":"status-publish","4":"has-post-thumbnail","6":"product_brand-bsn-medikal","7":"product_cat-bsn-medikal","8":"product_cat-yara-bakimi","9":"product_tag-100mm-yara-seridi","10":"product_tag-25mm-yara-bandi","11":"product_tag-bsn-yara-bandi","12":"product_tag-cerrahi-yara-kapama","13":"product_tag-cilt-kapama-seridi","14":"product_tag-dikissiz-yara-kapama","15":"product_tag-genis-yara-bandi","16":"product_tag-leukoplast","17":"product_tag-steril-yara-bandi","18":"product_tag-yara-kapama-stribi","20":"first","21":"instock","22":"shipping-taxable","23":"product-type-simple"},"_links":{"self":[{"href":"https:\/\/berha.org\/en\/wp-json\/wp\/v2\/product\/7840","targetHints":{"allow":["GET"]}}],"collection":[{"href":"https:\/\/berha.org\/en\/wp-json\/wp\/v2\/product"}],"about":[{"href":"https:\/\/berha.org\/en\/wp-json\/wp\/v2\/types\/product"}],"wp:featuredmedia":[{"embeddable":true,"href":"https:\/\/berha.org\/en\/wp-json\/wp\/v2\/media\/6864"}],"wp:attachment":[{"href":"https:\/\/berha.org\/en\/wp-json\/wp\/v2\/media?parent=7840"}],"wp:term":[{"taxonomy":"product_brand","embeddable":true,"href":"https:\/\/berha.org\/en\/wp-json\/wp\/v2\/product_brand?post=7840"},{"taxonomy":"product_cat","embeddable":true,"href":"https:\/\/berha.org\/en\/wp-json\/wp\/v2\/product_cat?post=7840"},{"taxonomy":"product_tag","embeddable":true,"href":"https:\/\/berha.org\/en\/wp-json\/wp\/v2\/product_tag?post=7840"}],"curies":[{"name":"wp","href":"https:\/\/api.w.org\/{rel}","templated":true}]}}