{"id":7839,"date":"2025-07-20T22:48:21","date_gmt":"2025-07-20T19:48:21","guid":{"rendered":"https:\/\/berha.org\/en\/?post_type=product&#038;p=7839"},"modified":"2025-07-20T22:48:25","modified_gmt":"2025-07-20T19:48:25","slug":"hypafix-transparent-seffaf-yara-ortusu-15cm-x-10-m","status":"publish","type":"product","link":"https:\/\/berha.org\/en\/urun\/hypafix-transparent-seffaf-yara-ortusu-15cm-x-10-m\/","title":{"rendered":"Hypafix Transparent \u015eeffaf Yara \u00d6rt\u00fcs\u00fc 15cm x 10 m"},"content":{"rendered":"<p>BSN Hypafix Transparent \u015eeffaf Yara \u00d6rt\u00fcs\u00fc 15cm x 10m, suya dayan\u0131kl\u0131 ve nefes alabilen yap\u0131s\u0131yla yara bak\u0131m\u0131nda y\u00fcksek koruma sa\u011flar. \u015eeffaf tasar\u0131m\u0131 sayesinde yara b\u00f6lgesi g\u00f6r\u00fcn\u00fcr kal\u0131r, b\u00f6ylece pansuman\u0131n durumu kolayca takip edilebilir.<\/p>\n<p>Esnek ve hafif yap\u0131s\u0131 ciltle uyumlu olup, hareket \u00f6zg\u00fcrl\u00fc\u011f\u00fc sa\u011flar. Klinik ve ev tipi kullan\u0131mlarda tercih edilen bu yara \u00f6rt\u00fcs\u00fc, suya dayan\u0131kl\u0131l\u0131\u011f\u0131 sayesinde g\u00fcnl\u00fck ya\u015famda rahat kullan\u0131m sunar.<\/p>\n","protected":false},"excerpt":{"rendered":"<p>Hypafix Transparent 15cm x 10m, nefes alabilir ve suya dayan\u0131kl\u0131 yap\u0131s\u0131 ile yara bak\u0131m\u0131nda g\u00fcvenli ve \u015feffaf pansuman sabitleme sa\u011flar.<\/p>\n","protected":false},"featured_media":6862,"template":"","meta":[],"product_brand":[464],"product_cat":[1674,630],"product_tag":[878,721,877,880,879,492,646,652],"class_list":{"0":"post-7839","1":"product","2":"type-product","3":"status-publish","4":"has-post-thumbnail","6":"product_brand-bsn-medikal","7":"product_cat-bsn-medikal","8":"product_cat-yara-bakimi","9":"product_tag-15cm-yara-ortusu","10":"product_tag-bsn-yara-bandi","11":"product_tag-hypafix-transparent","12":"product_tag-medikal-yara-bandi","13":"product_tag-nefes-alabilir-yara-bandi","14":"product_tag-pansuman-sabitleme","15":"product_tag-seffaf-yara-ortusu","16":"product_tag-su-gecirmez-yara-ortusu","18":"first","19":"instock","20":"shipping-taxable","21":"product-type-simple"},"_links":{"self":[{"href":"https:\/\/berha.org\/en\/wp-json\/wp\/v2\/product\/7839","targetHints":{"allow":["GET"]}}],"collection":[{"href":"https:\/\/berha.org\/en\/wp-json\/wp\/v2\/product"}],"about":[{"href":"https:\/\/berha.org\/en\/wp-json\/wp\/v2\/types\/product"}],"wp:featuredmedia":[{"embeddable":true,"href":"https:\/\/berha.org\/en\/wp-json\/wp\/v2\/media\/6862"}],"wp:attachment":[{"href":"https:\/\/berha.org\/en\/wp-json\/wp\/v2\/media?parent=7839"}],"wp:term":[{"taxonomy":"product_brand","embeddable":true,"href":"https:\/\/berha.org\/en\/wp-json\/wp\/v2\/product_brand?post=7839"},{"taxonomy":"product_cat","embeddable":true,"href":"https:\/\/berha.org\/en\/wp-json\/wp\/v2\/product_cat?post=7839"},{"taxonomy":"product_tag","embeddable":true,"href":"https:\/\/berha.org\/en\/wp-json\/wp\/v2\/product_tag?post=7839"}],"curies":[{"name":"wp","href":"https:\/\/api.w.org\/{rel}","templated":true}]}}