{"id":7838,"date":"2025-07-20T22:48:21","date_gmt":"2025-07-20T19:48:21","guid":{"rendered":"https:\/\/berha.org\/en\/?post_type=product&#038;p=7838"},"modified":"2025-07-20T22:48:24","modified_gmt":"2025-07-20T19:48:24","slug":"bsn-leukomed-t-plus-pedli-transparan-film-yara-ortusu-5cm-x-72cm-5-li-2","status":"publish","type":"product","link":"https:\/\/berha.org\/en\/urun\/bsn-leukomed-t-plus-pedli-transparan-film-yara-ortusu-5cm-x-72cm-5-li-2\/","title":{"rendered":"Bsn Leukomed T Plus Pedli Transparan Film Yara \u00d6rt\u00fcs\u00fc 5cm x 7,2cm 5 &#8216;li"},"content":{"rendered":"<p>BSN Leukomed T Plus Pedli Transparan Film Yara \u00d6rt\u00fcs\u00fc 5cm x 7,2cm (5\u2019li paket), cerrahi, post-operatif ve travma sonras\u0131 yara bak\u0131m\u0131nda \u00fcst\u00fcn koruma sa\u011flayan \u015feffaf, esnek ve pedli yara \u00f6rt\u00fcs\u00fcd\u00fcr.<\/p>\n<p>Transparan filmi sayesinde yara b\u00f6lgesi g\u00f6r\u00fcn\u00fcr kal\u0131r ve izleme kolayl\u0131\u011f\u0131 sa\u011flar. Pedli yap\u0131s\u0131 ise yaran\u0131n \u00fczerine nazik\u00e7e oturur, s\u0131z\u0131nt\u0131 ve enfeksiyon riskini azalt\u0131r.<\/p>\n<p>Hava ge\u00e7irgen ve suya dayan\u0131kl\u0131 yap\u0131s\u0131 ile cilt sa\u011fl\u0131\u011f\u0131n\u0131 desteklerken, hareket \u00f6zg\u00fcrl\u00fc\u011f\u00fc sunar. Klinik ve evde bak\u0131m uygulamalar\u0131 i\u00e7in idealdir.<\/p>\n","protected":false},"excerpt":{"rendered":"<p>BSN Leukomed T Plus Pedli Transparan Film Yara \u00d6rt\u00fcs\u00fc 5cm x 7,2cm, yara bak\u0131m\u0131nda kullan\u0131lan, pedli, nefes alabilen ve \u015feffaf yap\u0131ya sahip steril yara \u00f6rt\u00fcs\u00fcd\u00fcr. 5\u2019li paket ile sunulur.<\/p>\n","protected":false},"featured_media":6861,"template":"","meta":[],"product_brand":[464],"product_cat":[1674,630],"product_tag":[726,718,721,715,723,724,729,717,727,728,725],"class_list":{"0":"post-7838","1":"product","2":"type-product","3":"status-publish","4":"has-post-thumbnail","6":"product_brand-bsn-medikal","7":"product_cat-bsn-medikal","8":"product_cat-yara-bakimi","9":"product_tag-2cm","10":"product_tag-5cm-x-7","11":"product_tag-bsn-yara-bandi","12":"product_tag-bsn-yara-ortusu","13":"product_tag-cerrahi-yara-ortusu","14":"product_tag-leukomed-t-plus","15":"product_tag-nefes-alabilen-yara-ortusu","16":"product_tag-pedli-yara-ortusu","17":"product_tag-post-op-yara-bakimi","18":"product_tag-steril-yara-bandi","19":"product_tag-transparan-film-yara-ortusu","21":"first","22":"instock","23":"shipping-taxable","24":"product-type-simple"},"_links":{"self":[{"href":"https:\/\/berha.org\/en\/wp-json\/wp\/v2\/product\/7838","targetHints":{"allow":["GET"]}}],"collection":[{"href":"https:\/\/berha.org\/en\/wp-json\/wp\/v2\/product"}],"about":[{"href":"https:\/\/berha.org\/en\/wp-json\/wp\/v2\/types\/product"}],"wp:featuredmedia":[{"embeddable":true,"href":"https:\/\/berha.org\/en\/wp-json\/wp\/v2\/media\/6861"}],"wp:attachment":[{"href":"https:\/\/berha.org\/en\/wp-json\/wp\/v2\/media?parent=7838"}],"wp:term":[{"taxonomy":"product_brand","embeddable":true,"href":"https:\/\/berha.org\/en\/wp-json\/wp\/v2\/product_brand?post=7838"},{"taxonomy":"product_cat","embeddable":true,"href":"https:\/\/berha.org\/en\/wp-json\/wp\/v2\/product_cat?post=7838"},{"taxonomy":"product_tag","embeddable":true,"href":"https:\/\/berha.org\/en\/wp-json\/wp\/v2\/product_tag?post=7838"}],"curies":[{"name":"wp","href":"https:\/\/api.w.org\/{rel}","templated":true}]}}