{"id":7837,"date":"2025-07-20T22:48:21","date_gmt":"2025-07-20T19:48:21","guid":{"rendered":"https:\/\/berha.org\/en\/?post_type=product&#038;p=7837"},"modified":"2025-07-20T22:48:24","modified_gmt":"2025-07-20T19:48:24","slug":"bsn-leukomed-pedli-nonwoven-yara-ortusu-5cm-x72m-50-li","status":"publish","type":"product","link":"https:\/\/berha.org\/en\/urun\/bsn-leukomed-pedli-nonwoven-yara-ortusu-5cm-x72m-50-li\/","title":{"rendered":"Bsn Leukomed Pedli Nonwoven Yara \u00d6rt\u00fcs\u00fc  5cm x7,2m 50 &#8216;li"},"content":{"rendered":"<p>BSN Leukomed Pedli Nonwoven Yara \u00d6rt\u00fcs\u00fc 5cm x 7,2m (50\u2019li paket), cerrahi, travma ve post-operatif yaralar\u0131n korunmas\u0131 i\u00e7in tasarlanm\u0131\u015f y\u00fcksek kaliteli, steril bir yara \u00f6rt\u00fcs\u00fcd\u00fcr.<\/p>\n<p>Pedli yap\u0131s\u0131 sayesinde yaran\u0131n \u00fczerine nazik\u00e7e oturur, s\u0131z\u0131nt\u0131lar\u0131 emer ve enfeksiyon riskini azalt\u0131r. Nonwoven (dokumas\u0131z) y\u00fczeyi sayesinde hava ge\u00e7irgenli\u011fi sa\u011flar, ciltte nem ve tahri\u015fi \u00f6nler.<\/p>\n<p>Yumu\u015fak ve esnek yap\u0131s\u0131yla hareket \u00f6zg\u00fcrl\u00fc\u011f\u00fc sa\u011flarken, dayan\u0131kl\u0131 yap\u0131s\u0131 uzun s\u00fcreli kullan\u0131mlarda g\u00fcven verir. Kliniklerde ve sa\u011fl\u0131k kurulu\u015flar\u0131nda yara bak\u0131m\u0131 i\u00e7in ideal bir \u00e7\u00f6z\u00fcmd\u00fcr.<\/p>\n","protected":false},"excerpt":{"rendered":"<p>BSN Leukomed Pedli Nonwoven Yara \u00d6rt\u00fcs\u00fc 5cm x 7,2m, cerrahi ve post-operatif yara bak\u0131m\u0131nda kullan\u0131lan, pedli ve nefes alabilen steril yara \u00f6rt\u00fcs\u00fcd\u00fcr. 50 adetlik paketle ekonomik \u00e7\u00f6z\u00fcmd\u00fcr.<\/p>\n","protected":false},"featured_media":6859,"template":"","meta":[],"product_brand":[464],"product_cat":[1674,630],"product_tag":[719,718,721,715,723,465,716,717,722,467,720],"class_list":{"0":"post-7837","1":"product","2":"type-product","3":"status-publish","4":"has-post-thumbnail","6":"product_brand-bsn-medikal","7":"product_cat-bsn-medikal","8":"product_cat-yara-bakimi","9":"product_tag-2m","10":"product_tag-5cm-x-7","11":"product_tag-bsn-yara-bandi","12":"product_tag-bsn-yara-ortusu","13":"product_tag-cerrahi-yara-ortusu","14":"product_tag-leukomed","15":"product_tag-nonwoven-yara-ortusu","16":"product_tag-pedli-yara-ortusu","17":"product_tag-post-op-yara-ortusu","18":"product_tag-steril-yara-ortusu","19":"product_tag-yara-bakim-urunleri","21":"first","22":"instock","23":"shipping-taxable","24":"product-type-simple"},"_links":{"self":[{"href":"https:\/\/berha.org\/en\/wp-json\/wp\/v2\/product\/7837","targetHints":{"allow":["GET"]}}],"collection":[{"href":"https:\/\/berha.org\/en\/wp-json\/wp\/v2\/product"}],"about":[{"href":"https:\/\/berha.org\/en\/wp-json\/wp\/v2\/types\/product"}],"wp:featuredmedia":[{"embeddable":true,"href":"https:\/\/berha.org\/en\/wp-json\/wp\/v2\/media\/6859"}],"wp:attachment":[{"href":"https:\/\/berha.org\/en\/wp-json\/wp\/v2\/media?parent=7837"}],"wp:term":[{"taxonomy":"product_brand","embeddable":true,"href":"https:\/\/berha.org\/en\/wp-json\/wp\/v2\/product_brand?post=7837"},{"taxonomy":"product_cat","embeddable":true,"href":"https:\/\/berha.org\/en\/wp-json\/wp\/v2\/product_cat?post=7837"},{"taxonomy":"product_tag","embeddable":true,"href":"https:\/\/berha.org\/en\/wp-json\/wp\/v2\/product_tag?post=7837"}],"curies":[{"name":"wp","href":"https:\/\/api.w.org\/{rel}","templated":true}]}}