{"id":7835,"date":"2025-07-20T22:48:20","date_gmt":"2025-07-20T19:48:20","guid":{"rendered":"https:\/\/berha.org\/en\/?post_type=product&#038;p=7835"},"modified":"2025-07-20T22:48:23","modified_gmt":"2025-07-20T19:48:23","slug":"leukoplast-leukosan-strip-6-mmx38-mm-6-ad-6-mmx75-mm-3-ad-yara-kapatma-seriti","status":"publish","type":"product","link":"https:\/\/berha.org\/en\/urun\/leukoplast-leukosan-strip-6-mmx38-mm-6-ad-6-mmx75-mm-3-ad-yara-kapatma-seriti\/","title":{"rendered":"Leukoplast Leukosan Strip 6 mmx38 mm (6 ad.), 6 mmx75 mm (3 ad.) Yara Kapatma \u015eeriti"},"content":{"rendered":"<p>Leukoplast Leukosan Strip, BSN Medical taraf\u0131ndan \u00fcretilen, 6 mm x 38 mm (6 adet) ve 6 mm x 75 mm (3 adet) \u00f6l\u00e7\u00fclerinde yara kapatma \u015feritlerinden olu\u015fan steril pakettir. Yumu\u015fak ve cilt dostu yap\u0131s\u0131 sayesinde yara kenarlar\u0131n\u0131 nazik\u00e7e bir arada tutar ve cerrahi m\u00fcdahale sonras\u0131 iyile\u015fmeyi destekler. Esnek yap\u0131s\u0131 sayesinde hareket halinde bile g\u00fcvenli fiksasyon sa\u011flar. Farkl\u0131 boyutlar\u0131 ile \u00e7e\u015fitli yara tiplerine uygun kullan\u0131m imkan\u0131 sunar. Klinik ve cerrahi uygulamalarda g\u00fcvenle tercih edilir.<\/p>\n","protected":false},"excerpt":{"rendered":"<p>Marka: BSN Medical<\/p>\n<p>\u00dcr\u00fcn Ad\u0131: Leukoplast Leukosan Strip<\/p>\n<p>\u00d6l\u00e7\u00fcler: 6 mm x 38 mm (6 adet), 6 mm x 75 mm (3 adet)<\/p>\n<p>Ambalaj: Steril, paket i\u00e7inde 9 adet \u015ferit<\/p>\n<p>Kullan\u0131m Alan\u0131: Yara kenarlar\u0131n\u0131n kapat\u0131lmas\u0131, cerrahi sonras\u0131 destek<\/p>\n<p>Malzeme: Cilt dostu, esnek yap\u0131<\/p>\n<p>Steril: Evet<\/p>\n<p>Yap\u0131\u015fkanl\u0131k: Ciltte hassas yap\u0131\u015fma, kolay \u00e7\u0131kar\u0131labilir<\/p>\n<p>Uygulama: Esnek, hareket esnas\u0131nda g\u00fcvenli fiksasyon sa\u011flar<\/p>\n<p>Uyumluluk: CE sertifikal\u0131, medikal standartlara uygun<\/p>\n","protected":false},"featured_media":6855,"template":"","meta":[],"product_brand":[464],"product_cat":[1674,630],"product_tag":[511,468,509,504,505,405,508,510,506,507],"class_list":{"0":"post-7835","1":"product","2":"type-product","3":"status-publish","4":"has-post-thumbnail","6":"product_brand-bsn-medikal","7":"product_cat-bsn-medikal","8":"product_cat-yara-bakimi","9":"product_tag-6mm-yara-seridi","10":"product_tag-bsn-medical","11":"product_tag-cerrahi-yara-bandi","12":"product_tag-leukoplast","13":"product_tag-leukosan-strip","14":"product_tag-medikal-sarf-malzeme","15":"product_tag-steril-yara-banti","16":"product_tag-yara-fiksasyonu","17":"product_tag-yara-kapatma-seridi","18":"product_tag-yara-seridi","20":"first","21":"instock","22":"shipping-taxable","23":"product-type-simple"},"_links":{"self":[{"href":"https:\/\/berha.org\/en\/wp-json\/wp\/v2\/product\/7835","targetHints":{"allow":["GET"]}}],"collection":[{"href":"https:\/\/berha.org\/en\/wp-json\/wp\/v2\/product"}],"about":[{"href":"https:\/\/berha.org\/en\/wp-json\/wp\/v2\/types\/product"}],"wp:featuredmedia":[{"embeddable":true,"href":"https:\/\/berha.org\/en\/wp-json\/wp\/v2\/media\/6855"}],"wp:attachment":[{"href":"https:\/\/berha.org\/en\/wp-json\/wp\/v2\/media?parent=7835"}],"wp:term":[{"taxonomy":"product_brand","embeddable":true,"href":"https:\/\/berha.org\/en\/wp-json\/wp\/v2\/product_brand?post=7835"},{"taxonomy":"product_cat","embeddable":true,"href":"https:\/\/berha.org\/en\/wp-json\/wp\/v2\/product_cat?post=7835"},{"taxonomy":"product_tag","embeddable":true,"href":"https:\/\/berha.org\/en\/wp-json\/wp\/v2\/product_tag?post=7835"}],"curies":[{"name":"wp","href":"https:\/\/api.w.org\/{rel}","templated":true}]}}