{"id":7834,"date":"2025-07-20T22:48:20","date_gmt":"2025-07-20T19:48:20","guid":{"rendered":"https:\/\/berha.org\/en\/?post_type=product&#038;p=7834"},"modified":"2025-07-20T22:48:23","modified_gmt":"2025-07-20T19:48:23","slug":"gazofix-4cm-x20m-lf-bsn-fiksasyon-bandaji-ten","status":"publish","type":"product","link":"https:\/\/berha.org\/en\/urun\/gazofix-4cm-x20m-lf-bsn-fiksasyon-bandaji-ten\/","title":{"rendered":"Gazofix 4cm x20m LF Bsn Fiksasyon Bandaj\u0131 Ten"},"content":{"rendered":"<p>BSN Gazofix 4cm x 20m LF Fiksasyon Bandaj\u0131, yara pansumanlar\u0131n\u0131n sabitlenmesinde etkili, y\u00fcksek kaliteli bir elastik bandajd\u0131r. Lateks i\u00e7ermeyen (LF \u2013 Latex Free) yap\u0131s\u0131 sayesinde alerji riskini minimize eder, hassas ciltlerde g\u00fcvenle kullan\u0131labilir.<\/p>\n<p>Ten rengi sayesinde ciltle uyum sa\u011flar ve fark edilmeden rahat kullan\u0131m imk\u00e2n\u0131 sunar. Esnek dokusu ile v\u00fccut hareketlerine uyum sa\u011flar, kaymaz ve konforlu bir sabitleme sa\u011flar. Kliniklerde ve evde kullan\u0131m i\u00e7in idealdir.<\/p>\n","protected":false},"excerpt":{"rendered":"<p>Gazofix 4cm x 20m LF, ten rengi, lateks i\u00e7ermeyen ve elastik yap\u0131l\u0131 fiksasyon bandaj\u0131d\u0131r. Yara pansumanlar\u0131n\u0131 sabitlemek i\u00e7in g\u00fcvenli ve konforlu bir \u00e7\u00f6z\u00fcmd\u00fcr.<\/p>\n","protected":false},"featured_media":6852,"template":"","meta":[],"product_brand":[464],"product_cat":[1674,1671],"product_tag":[500,499,468,480,490,496,502,501,503,498,491,497],"class_list":{"0":"post-7834","1":"product","2":"type-product","3":"status-publish","4":"has-post-thumbnail","6":"product_brand-bsn-medikal","7":"product_cat-bsn-medikal","8":"product_cat-elastik-bandajlar","9":"product_tag-20-m-bandaj","10":"product_tag-4-cm-bandaj","11":"product_tag-bsn-medical","12":"product_tag-elastik-bandaj","13":"product_tag-fiksasyon-bandaji","14":"product_tag-gazofix","15":"product_tag-medikal-bandaj","16":"product_tag-pansuman-bandaji","17":"product_tag-saglik-urunleri","18":"product_tag-ten-rengi-bandaj","19":"product_tag-yapiskanli-bandaj","20":"product_tag-yara-bandaji","22":"first","23":"instock","24":"shipping-taxable","25":"product-type-simple"},"_links":{"self":[{"href":"https:\/\/berha.org\/en\/wp-json\/wp\/v2\/product\/7834","targetHints":{"allow":["GET"]}}],"collection":[{"href":"https:\/\/berha.org\/en\/wp-json\/wp\/v2\/product"}],"about":[{"href":"https:\/\/berha.org\/en\/wp-json\/wp\/v2\/types\/product"}],"wp:featuredmedia":[{"embeddable":true,"href":"https:\/\/berha.org\/en\/wp-json\/wp\/v2\/media\/6852"}],"wp:attachment":[{"href":"https:\/\/berha.org\/en\/wp-json\/wp\/v2\/media?parent=7834"}],"wp:term":[{"taxonomy":"product_brand","embeddable":true,"href":"https:\/\/berha.org\/en\/wp-json\/wp\/v2\/product_brand?post=7834"},{"taxonomy":"product_cat","embeddable":true,"href":"https:\/\/berha.org\/en\/wp-json\/wp\/v2\/product_cat?post=7834"},{"taxonomy":"product_tag","embeddable":true,"href":"https:\/\/berha.org\/en\/wp-json\/wp\/v2\/product_tag?post=7834"}],"curies":[{"name":"wp","href":"https:\/\/api.w.org\/{rel}","templated":true}]}}