{"id":7833,"date":"2025-07-20T22:48:09","date_gmt":"2025-07-20T19:48:09","guid":{"rendered":"https:\/\/berha.org\/en\/?post_type=product&#038;p=7833"},"modified":"2025-07-20T22:48:19","modified_gmt":"2025-07-20T19:48:19","slug":"elastomull-haft-lf-bsn-fiksasyon-bandaji-12cm-x-20m-beyaz","status":"publish","type":"product","link":"https:\/\/berha.org\/en\/urun\/elastomull-haft-lf-bsn-fiksasyon-bandaji-12cm-x-20m-beyaz\/","title":{"rendered":"Elastomull Haft LF BSN Fiksasyon Bandaj\u0131 12cm x 20m Beyaz"},"content":{"rendered":"<p>Elastomull Haft LF, BSN Medical taraf\u0131ndan \u00fcretilen, elastik, kendinden yap\u0131\u015fkanl\u0131 ve beyaz renkte bir fiksasyon bandaj\u0131d\u0131r. 12 cm geni\u015flik ve 20 m uzunlu\u011fundaki rulo formu ile uzun s\u00fcreli ve ekonomik kullan\u0131m sa\u011flar. Yumu\u015fak ve nefes alabilir yap\u0131s\u0131 sayesinde hasta konforunu art\u0131r\u0131rken, pansumanlar\u0131n sa\u011flam \u015fekilde sabitlenmesine olanak tan\u0131r. Hipoalerjenik yap\u0131\u015fkan\u0131 ciltte tahri\u015f riskini azalt\u0131r. Cerrahi, acil servis ve klinik ortamlarda g\u00fcvenle tercih edilir.<\/p>\n","protected":false},"excerpt":{"rendered":"<p>BSN Medical Elastomull Haft LF 12cm x 20m, esnek ve yap\u0131\u015fkanl\u0131 yap\u0131s\u0131yla pansumanlar\u0131n g\u00fcvenli fiksasyonu i\u00e7in ideal fiksasyon bandaj\u0131d\u0131r.<\/p>\n","protected":false},"featured_media":6851,"template":"","meta":[],"product_brand":[464],"product_cat":[1674,1671],"product_tag":[493,494,495,468,489,490,405,492,491],"class_list":{"0":"post-7833","1":"product","2":"type-product","3":"status-publish","4":"has-post-thumbnail","6":"product_brand-bsn-medikal","7":"product_cat-bsn-medikal","8":"product_cat-elastik-bandajlar","9":"product_tag-12cm-bandaj","10":"product_tag-20m-bandaj","11":"product_tag-beyaz-bandaj","12":"product_tag-bsn-medical","13":"product_tag-elastomull-haft","14":"product_tag-fiksasyon-bandaji","15":"product_tag-medikal-sarf-malzeme","16":"product_tag-pansuman-sabitleme","17":"product_tag-yapiskanli-bandaj","19":"first","20":"instock","21":"shipping-taxable","22":"product-type-simple"},"_links":{"self":[{"href":"https:\/\/berha.org\/en\/wp-json\/wp\/v2\/product\/7833","targetHints":{"allow":["GET"]}}],"collection":[{"href":"https:\/\/berha.org\/en\/wp-json\/wp\/v2\/product"}],"about":[{"href":"https:\/\/berha.org\/en\/wp-json\/wp\/v2\/types\/product"}],"wp:featuredmedia":[{"embeddable":true,"href":"https:\/\/berha.org\/en\/wp-json\/wp\/v2\/media\/6851"}],"wp:attachment":[{"href":"https:\/\/berha.org\/en\/wp-json\/wp\/v2\/media?parent=7833"}],"wp:term":[{"taxonomy":"product_brand","embeddable":true,"href":"https:\/\/berha.org\/en\/wp-json\/wp\/v2\/product_brand?post=7833"},{"taxonomy":"product_cat","embeddable":true,"href":"https:\/\/berha.org\/en\/wp-json\/wp\/v2\/product_cat?post=7833"},{"taxonomy":"product_tag","embeddable":true,"href":"https:\/\/berha.org\/en\/wp-json\/wp\/v2\/product_tag?post=7833"}],"curies":[{"name":"wp","href":"https:\/\/api.w.org\/{rel}","templated":true}]}}