{"id":7832,"date":"2025-07-20T22:48:08","date_gmt":"2025-07-20T19:48:08","guid":{"rendered":"https:\/\/berha.org\/en\/?post_type=product&#038;p=7832"},"modified":"2025-07-20T22:48:19","modified_gmt":"2025-07-20T19:48:19","slug":"soffcrepe-10cm-x45m-bsn-hafif-krep-bandaj","status":"publish","type":"product","link":"https:\/\/berha.org\/en\/urun\/soffcrepe-10cm-x45m-bsn-hafif-krep-bandaj\/","title":{"rendered":"Soffcrepe 10cm x4,5m Bsn Hafif Krep Bandaj"},"content":{"rendered":"<p>BSN Medical Soffcrepe hafif krep bandaj, elastik ve nefes alabilir yap\u0131s\u0131yla cerrahi, spor ve destek ama\u00e7l\u0131 kullan\u0131mda tercih edilir. Cilde uyumlu, dayan\u0131kl\u0131 ve uzun s\u00fcreli kullan\u0131ma uygundur. End\u00fcstriyel standartlara uygun, y\u00fcksek kalite garantilidir.Marka: BSN Medical<\/p>\n<p>\u00dcr\u00fcn Ad\u0131: Soffcrepe Hafif Krep Bandaj<\/p>\n<p>\u00d6l\u00e7\u00fc: 10 cm x 4,5 m<\/p>\n<p>Malzeme: Elastik, nefes alabilir krep kuma\u015f<\/p>\n<p>Kullan\u0131m Alan\u0131: Yara sarma, destek, kompresyon<\/p>\n<p>Esneklik: Elastik, hareket \u00f6zg\u00fcrl\u00fc\u011f\u00fc sa\u011flar<\/p>\n<p>Ambalaj: Rulo formda<\/p>\n<p>Steril: Hay\u0131r<\/p>\n","protected":false},"excerpt":{"rendered":"<p>BSN Soffcrepe 10cm x 4,5m hafif krep bandaj, cilt dostu yap\u0131s\u0131yla sabitleme ve hafif kompresyon amac\u0131yla kullan\u0131l\u0131r. Konforlu, nefes alabilir ve yumu\u015fak dokuludur.<\/p>\n","protected":false},"featured_media":6848,"template":"","meta":[],"product_brand":[464],"product_cat":[1674,1671],"product_tag":[484,485,468,486,480,481,483,479,405,488,478,487,482],"class_list":{"0":"post-7832","1":"product","2":"type-product","3":"status-publish","4":"has-post-thumbnail","6":"product_brand-bsn-medikal","7":"product_cat-bsn-medikal","8":"product_cat-elastik-bandajlar","9":"product_tag-10cm-bandaj","10":"product_tag-4-5m-bandaj","11":"product_tag-bsn-medical","12":"product_tag-cerrahi-bandaj","13":"product_tag-elastik-bandaj","14":"product_tag-hafif-bandaj","15":"product_tag-kompresyon-bandaji","16":"product_tag-krep-bandaj","17":"product_tag-medikal-sarf-malzeme","18":"product_tag-nefes-alabilir-bandaj","19":"product_tag-soffcrepe","20":"product_tag-spor-bandaji","21":"product_tag-yara-sarma-bandaji","23":"first","24":"instock","25":"shipping-taxable","26":"product-type-simple"},"_links":{"self":[{"href":"https:\/\/berha.org\/en\/wp-json\/wp\/v2\/product\/7832","targetHints":{"allow":["GET"]}}],"collection":[{"href":"https:\/\/berha.org\/en\/wp-json\/wp\/v2\/product"}],"about":[{"href":"https:\/\/berha.org\/en\/wp-json\/wp\/v2\/types\/product"}],"wp:featuredmedia":[{"embeddable":true,"href":"https:\/\/berha.org\/en\/wp-json\/wp\/v2\/media\/6848"}],"wp:attachment":[{"href":"https:\/\/berha.org\/en\/wp-json\/wp\/v2\/media?parent=7832"}],"wp:term":[{"taxonomy":"product_brand","embeddable":true,"href":"https:\/\/berha.org\/en\/wp-json\/wp\/v2\/product_brand?post=7832"},{"taxonomy":"product_cat","embeddable":true,"href":"https:\/\/berha.org\/en\/wp-json\/wp\/v2\/product_cat?post=7832"},{"taxonomy":"product_tag","embeddable":true,"href":"https:\/\/berha.org\/en\/wp-json\/wp\/v2\/product_tag?post=7832"}],"curies":[{"name":"wp","href":"https:\/\/api.w.org\/{rel}","templated":true}]}}