{"id":7829,"date":"2025-07-20T22:48:08","date_gmt":"2025-07-20T19:48:08","guid":{"rendered":"https:\/\/berha.org\/en\/?post_type=product&#038;p=7829"},"modified":"2025-07-20T22:48:18","modified_gmt":"2025-07-20T19:48:18","slug":"steril-ameliyathane-onlukleri-tek-kullanimlik-cerrahi-onlukler-2","status":"publish","type":"product","link":"https:\/\/berha.org\/en\/urun\/steril-ameliyathane-onlukleri-tek-kullanimlik-cerrahi-onlukler-2\/","title":{"rendered":"Steril Ameliyathane \u00d6nl\u00fckleri \u2013 Tek Kullan\u0131ml\u0131k Cerrahi \u00d6nl\u00fckler"},"content":{"rendered":"<p>Ameliyathane ortam\u0131nda kullan\u0131lan \u00f6nl\u00fckler, enfeksiyon riskini azaltmak ve cerrah ile sa\u011fl\u0131k personelini korumak amac\u0131yla \u00f6zel olarak \u00fcretilir. Tek kullan\u0131ml\u0131k steril cerrahi \u00f6nl\u00fckler, s\u0131v\u0131 ge\u00e7irmez \u00f6zellikte olup, nefes alabilir materyalden \u00fcretilmi\u015ftir. Lateks i\u00e7ermez, cilt dostudur.<\/p>\n<p>Standart, b\u00fcy\u00fck beden ve ekstra uzun versiyonlar\u0131yla ihtiyaca y\u00f6nelik \u00e7\u00f6z\u00fcmler sunar. CE belgeli ve EN 13795 standartlar\u0131na uygundur.<\/p>\n<p>Ameliyat \u00f6ncesi ve sonras\u0131 hijyen kurallar\u0131na uygun olarak kullan\u0131l\u0131r, \u00e7e\u015fitli hastane ve sa\u011fl\u0131k kurulu\u015flar\u0131n\u0131n tercihi olan bu \u00fcr\u00fcnler y\u00fcksek kalite standartlar\u0131nda \u00fcretilmi\u015ftir.<\/p>\n","protected":false},"excerpt":{"rendered":"<p>Steril \/ Tek kullan\u0131ml\u0131k<\/p>\n<p>S\u0131v\u0131 ge\u00e7irmez, nefes alabilir kuma\u015f<\/p>\n<p>Kol man\u015fetleri elastik (\u00f6rme)<\/p>\n<p>Belden ba\u011flamal\u0131<\/p>\n<p>4 Kemer<\/p>\n<p>Steril Katlama<\/p>\n<p>Y\u0131rt\u0131lmaya dayan\u0131kl\u0131<\/p>\n<p>Beden se\u00e7enekleri: S \/ M \/ L \/ XL \/ XXL<\/p>\n","protected":false},"featured_media":6836,"template":"","meta":[],"product_brand":[],"product_cat":[1673],"product_tag":[456,449,454,450,457,453,451,452,455],"class_list":{"0":"post-7829","1":"product","2":"type-product","3":"status-publish","4":"has-post-thumbnail","6":"product_cat-ameliyathane-ortu-setleri","7":"product_tag-ameliyat-kiyafeti","8":"product_tag-ameliyathane-onlugu","9":"product_tag-cerrahi-kiyafet","10":"product_tag-cerrahi-onluk","11":"product_tag-medikal-onluk","12":"product_tag-sivi-gecirmez-ameliyat-onlugu","13":"product_tag-steril-onluk","14":"product_tag-tek-kullanimlik-onluk","15":"product_tag-tibbi-onluk","17":"first","18":"instock","19":"featured","20":"shipping-taxable","21":"product-type-simple"},"_links":{"self":[{"href":"https:\/\/berha.org\/en\/wp-json\/wp\/v2\/product\/7829","targetHints":{"allow":["GET"]}}],"collection":[{"href":"https:\/\/berha.org\/en\/wp-json\/wp\/v2\/product"}],"about":[{"href":"https:\/\/berha.org\/en\/wp-json\/wp\/v2\/types\/product"}],"wp:featuredmedia":[{"embeddable":true,"href":"https:\/\/berha.org\/en\/wp-json\/wp\/v2\/media\/6836"}],"wp:attachment":[{"href":"https:\/\/berha.org\/en\/wp-json\/wp\/v2\/media?parent=7829"}],"wp:term":[{"taxonomy":"product_brand","embeddable":true,"href":"https:\/\/berha.org\/en\/wp-json\/wp\/v2\/product_brand?post=7829"},{"taxonomy":"product_cat","embeddable":true,"href":"https:\/\/berha.org\/en\/wp-json\/wp\/v2\/product_cat?post=7829"},{"taxonomy":"product_tag","embeddable":true,"href":"https:\/\/berha.org\/en\/wp-json\/wp\/v2\/product_tag?post=7829"}],"curies":[{"name":"wp","href":"https:\/\/api.w.org\/{rel}","templated":true}]}}