{"id":7828,"date":"2025-07-20T22:48:08","date_gmt":"2025-07-20T19:48:08","guid":{"rendered":"https:\/\/berha.org\/en\/?post_type=product&#038;p=7828"},"modified":"2025-07-20T22:48:18","modified_gmt":"2025-07-20T19:48:18","slug":"uriner-torba-steril-idrar-toplama-torbalari-500-ml-1000-ml-2000-ml-2","status":"publish","type":"product","link":"https:\/\/berha.org\/en\/urun\/uriner-torba-steril-idrar-toplama-torbalari-500-ml-1000-ml-2000-ml-2\/","title":{"rendered":"\u00dcriner Torba &#8211; Steril \u0130drar Toplama Torbalar\u0131 | 500 ml, 1000 ml, 2000 ml"},"content":{"rendered":"<p>\u00dcriner torbalar, idrar\u0131n g\u00fcvenli ve hijyenik \u015fekilde toplanmas\u0131 i\u00e7in tasarlanm\u0131\u015f, steril medikal sarf malzemelerdir. Farkl\u0131 kapasite se\u00e7enekleri ile hastalar\u0131n ve sa\u011fl\u0131k kurulu\u015flar\u0131n\u0131n ihtiya\u00e7lar\u0131na uygun \u00e7\u00f6z\u00fcmler sunar. Steril \u00fcriner torbalar, farkl\u0131 kapasitelerle (500 ml, 1000 ml, 2000 ml) \u00fcrolojik idrar toplama i\u00e7in g\u00fcvenilir ve dayan\u0131kl\u0131 \u00e7\u00f6z\u00fcmler sunar. Hastane ve klinik ihtiya\u00e7lar\u0131na uygun medikal sarf.<\/p>\n<p>Kapasite Se\u00e7enekleri: 500 ml, 1000 ml, 2000 ml<\/p>\n<p>Malzeme: Yumu\u015fak, dayan\u0131kl\u0131 ve s\u0131z\u0131nt\u0131 yapmayan polivinil klor\u00fcr (PVC)<\/p>\n","protected":false},"excerpt":{"rendered":"<p>Kapasite: 500 ml \/ 1000 ml \/ 2000 ml<\/p>\n<p>Malzeme: PVC (Toksik madde i\u00e7ermez)<\/p>\n<p>Ba\u011flant\u0131: Evrensel konnekt\u00f6r<\/p>\n<p>Ambalaj: Tek kullan\u0131ml\u0131k, steril po\u015fet<\/p>\n<p>Not: Boyutlara ait fiyat ve stok bilgisi i\u00e7in l\u00fctfen ileti\u015fime ge\u00e7iniz.<\/p>\n","protected":false},"featured_media":6835,"template":"","meta":[],"product_brand":[],"product_cat":[211],"product_tag":[447,446,443,440,439,405,444,441,445,442,438,448,421],"class_list":{"0":"post-7828","1":"product","2":"type-product","3":"status-publish","4":"has-post-thumbnail","6":"product_cat-uroloji","7":"product_tag-1000-ml-idrar-torbasi","8":"product_tag-2000-ml-uriner-torba","9":"product_tag-hospital-urine-bag","10":"product_tag-idrar-toplama-torbasi","11":"product_tag-idrar-torbasi","12":"product_tag-medikal-sarf-malzeme","13":"product_tag-medikal-torba","14":"product_tag-steril-uriner-torba","15":"product_tag-tek-kullanimlik-idrar-torbasi","16":"product_tag-urine-collection-bag","17":"product_tag-uriner-torba","18":"product_tag-uroloji-malzemeleri","19":"product_tag-uroloji-sarf-malzeme","21":"first","22":"instock","23":"featured","24":"shipping-taxable","25":"product-type-simple"},"_links":{"self":[{"href":"https:\/\/berha.org\/en\/wp-json\/wp\/v2\/product\/7828","targetHints":{"allow":["GET"]}}],"collection":[{"href":"https:\/\/berha.org\/en\/wp-json\/wp\/v2\/product"}],"about":[{"href":"https:\/\/berha.org\/en\/wp-json\/wp\/v2\/types\/product"}],"wp:featuredmedia":[{"embeddable":true,"href":"https:\/\/berha.org\/en\/wp-json\/wp\/v2\/media\/6835"}],"wp:attachment":[{"href":"https:\/\/berha.org\/en\/wp-json\/wp\/v2\/media?parent=7828"}],"wp:term":[{"taxonomy":"product_brand","embeddable":true,"href":"https:\/\/berha.org\/en\/wp-json\/wp\/v2\/product_brand?post=7828"},{"taxonomy":"product_cat","embeddable":true,"href":"https:\/\/berha.org\/en\/wp-json\/wp\/v2\/product_cat?post=7828"},{"taxonomy":"product_tag","embeddable":true,"href":"https:\/\/berha.org\/en\/wp-json\/wp\/v2\/product_tag?post=7828"}],"curies":[{"name":"wp","href":"https:\/\/api.w.org\/{rel}","templated":true}]}}