{"id":7827,"date":"2025-07-20T22:48:08","date_gmt":"2025-07-20T19:48:08","guid":{"rendered":"https:\/\/berha.org\/en\/?post_type=product&#038;p=7827"},"modified":"2025-07-20T22:48:17","modified_gmt":"2025-07-20T19:48:17","slug":"3-yollu-foley-kateter-silikon-kapli-ch12-ch24-steril-2","status":"publish","type":"product","link":"https:\/\/berha.org\/en\/urun\/3-yollu-foley-kateter-silikon-kapli-ch12-ch24-steril-2\/","title":{"rendered":"3 Yollu Foley Kateter \u2013 Silikon Kapl\u0131, CH12\u2013CH24, Steril"},"content":{"rendered":"<p>Silikon kapl\u0131, steril 3 yollu Foley kateter. CH12\u2019den CH24\u2019e kadar boyut se\u00e7enekleri. Balon hacmi 30 ml. Tek kullan\u0131ml\u0131k, medikal ve cerrahi uygulamalar i\u00e7in uygundur.<\/p>\n<p>Silikon kapl\u0131 lateks malzemeden \u00fcretilmi\u015f 3 yollu Foley kateter.<\/p>\n<p>\u00dc\u00e7 ayr\u0131 kanal sayesinde idrar drenaj\u0131, balon \u015fi\u015firme ve irrigasyon i\u015flemleri yap\u0131labilir.<\/p>\n<p>Steril ve tek kullan\u0131ml\u0131kt\u0131r.<\/p>\n<p>P\u00fcr\u00fczs\u00fcz y\u00fczey ve yumu\u015fak ge\u00e7i\u015flerle konforlu ve g\u00fcvenli uygulama sa\u011flar.<\/p>\n<p>Standart idrar torbalar\u0131 ile tam uyumludur.<\/p>\n","protected":false},"excerpt":{"rendered":"<p>CH12 \u2013 30 ml balon<\/p>\n<p>CH14 \u2013 30 ml balon<\/p>\n<p>CH16 \u2013 30 ml balon<\/p>\n<p>CH18 \u2013 30 ml balon<\/p>\n<p>CH20 \u2013 30 ml balon<\/p>\n<p>CH22 \u2013 30 ml balon<\/p>\n<p>CH24 \u2013 30 ml balon<\/p>\n<p>Not: Boyutlara ait fiyat ve stok bilgisi i\u00e7in l\u00fctfen ileti\u015fime ge\u00e7iniz.<\/p>\n","protected":false},"featured_media":6834,"template":"","meta":[],"product_brand":[],"product_cat":[211],"product_tag":[],"class_list":{"0":"post-7827","1":"product","2":"type-product","3":"status-publish","4":"has-post-thumbnail","6":"product_cat-uroloji","8":"first","9":"instock","10":"featured","11":"shipping-taxable","12":"product-type-simple"},"_links":{"self":[{"href":"https:\/\/berha.org\/en\/wp-json\/wp\/v2\/product\/7827","targetHints":{"allow":["GET"]}}],"collection":[{"href":"https:\/\/berha.org\/en\/wp-json\/wp\/v2\/product"}],"about":[{"href":"https:\/\/berha.org\/en\/wp-json\/wp\/v2\/types\/product"}],"wp:featuredmedia":[{"embeddable":true,"href":"https:\/\/berha.org\/en\/wp-json\/wp\/v2\/media\/6834"}],"wp:attachment":[{"href":"https:\/\/berha.org\/en\/wp-json\/wp\/v2\/media?parent=7827"}],"wp:term":[{"taxonomy":"product_brand","embeddable":true,"href":"https:\/\/berha.org\/en\/wp-json\/wp\/v2\/product_brand?post=7827"},{"taxonomy":"product_cat","embeddable":true,"href":"https:\/\/berha.org\/en\/wp-json\/wp\/v2\/product_cat?post=7827"},{"taxonomy":"product_tag","embeddable":true,"href":"https:\/\/berha.org\/en\/wp-json\/wp\/v2\/product_tag?post=7827"}],"curies":[{"name":"wp","href":"https:\/\/api.w.org\/{rel}","templated":true}]}}