{"id":7826,"date":"2025-07-20T22:48:08","date_gmt":"2025-07-20T19:48:08","guid":{"rendered":"https:\/\/berha.org\/en\/?post_type=product&#038;p=7826"},"modified":"2025-07-20T22:48:17","modified_gmt":"2025-07-20T19:48:17","slug":"2-yollu-foley-kateter-silikon-kapli-ch12-ch24-2","status":"publish","type":"product","link":"https:\/\/berha.org\/en\/urun\/2-yollu-foley-kateter-silikon-kapli-ch12-ch24-2\/","title":{"rendered":"2 Yollu Foley Kateter \u2013 Silikon Kapl\u0131, CH12\u2013CH24"},"content":{"rendered":"<p>Drenaj ve balon \u015fi\u015firme i\u015flemleri i\u00e7in \u00e7ift kanall\u0131 tasar\u0131m.<\/p>\n<p>Steril ve tek kullan\u0131ml\u0131kt\u0131r.<\/p>\n<p>P\u00fcr\u00fczs\u00fcz y\u00fczey ve yumu\u015fak ge\u00e7i\u015flerle konforlu kullan\u0131m.<\/p>\n<p>Mesanede g\u00fcvenli sabitleme, balonun yer de\u011fi\u015ftirmesini engeller.<\/p>\n<p>Standart idrar drenaj torbalar\u0131 ile uyumludur.<\/p>\n","protected":false},"excerpt":{"rendered":"<p>CH12 \u2013 10 ml balon<\/p>\n<p>CH14 \u2013 10 ml balon<\/p>\n<p>CH16 \u2013 10 ml balon<\/p>\n<p>CH18 \u2013 10 ml balon<\/p>\n<p>CH20 \u2013 10 ml balon<\/p>\n<p>CH22 \u2013 10 ml balon<\/p>\n<p>CH24 \u2013 10 ml balon<\/p>\n<p>Not: Boyutlara ait fiyat ve stok bilgisi i\u00e7in l\u00fctfen ileti\u015fime ge\u00e7iniz.<\/p>\n","protected":false},"featured_media":6832,"template":"","meta":[],"product_brand":[],"product_cat":[211],"product_tag":[425,430,431,432,433,434,435,436,437,424,423,428,420,429,427,421],"class_list":{"0":"post-7826","1":"product","2":"type-product","3":"status-publish","4":"has-post-thumbnail","6":"product_cat-uroloji","7":"product_tag-2-yollu-foley-kateter","8":"product_tag-ch12-kateter","9":"product_tag-ch14-kateter","10":"product_tag-ch16-kateter","11":"product_tag-ch18-kateter","12":"product_tag-ch20-kateter","13":"product_tag-ch22-kateter","14":"product_tag-ch24-kateter","15":"product_tag-erkek-tipi-foley-kateter","16":"product_tag-hastane-sarf-malzeme","17":"product_tag-idrar-drenaj-kateteri","18":"product_tag-lateks-kateter","19":"product_tag-medikal-kateter","20":"product_tag-silikon-kapli-kateter","21":"product_tag-steril-kateter","22":"product_tag-uroloji-sarf-malzeme","24":"first","25":"instock","26":"featured","27":"shipping-taxable","28":"product-type-simple"},"_links":{"self":[{"href":"https:\/\/berha.org\/en\/wp-json\/wp\/v2\/product\/7826","targetHints":{"allow":["GET"]}}],"collection":[{"href":"https:\/\/berha.org\/en\/wp-json\/wp\/v2\/product"}],"about":[{"href":"https:\/\/berha.org\/en\/wp-json\/wp\/v2\/types\/product"}],"wp:featuredmedia":[{"embeddable":true,"href":"https:\/\/berha.org\/en\/wp-json\/wp\/v2\/media\/6832"}],"wp:attachment":[{"href":"https:\/\/berha.org\/en\/wp-json\/wp\/v2\/media?parent=7826"}],"wp:term":[{"taxonomy":"product_brand","embeddable":true,"href":"https:\/\/berha.org\/en\/wp-json\/wp\/v2\/product_brand?post=7826"},{"taxonomy":"product_cat","embeddable":true,"href":"https:\/\/berha.org\/en\/wp-json\/wp\/v2\/product_cat?post=7826"},{"taxonomy":"product_tag","embeddable":true,"href":"https:\/\/berha.org\/en\/wp-json\/wp\/v2\/product_tag?post=7826"}],"curies":[{"name":"wp","href":"https:\/\/api.w.org\/{rel}","templated":true}]}}