{"id":7825,"date":"2025-07-20T22:48:08","date_gmt":"2025-07-20T19:48:08","guid":{"rendered":"https:\/\/berha.org\/en\/?post_type=product&#038;p=7825"},"modified":"2025-07-20T22:48:17","modified_gmt":"2025-07-20T19:48:17","slug":"2-yollu-foley-kateter-steril-silikon-kapli-ch12-ch24-2","status":"publish","type":"product","link":"https:\/\/berha.org\/en\/urun\/2-yollu-foley-kateter-steril-silikon-kapli-ch12-ch24-2\/","title":{"rendered":"2 Yollu Foley Kateter \u2013 Steril, Silikon Kapl\u0131, CH12\u2013CH24"},"content":{"rendered":"<p>Steril, tek kullan\u0131ml\u0131k ve silikon kapl\u0131 lateks 2 yollu Foley kateter.<\/p>\n<p>Drenaj ve balon \u015fi\u015firme kanallar\u0131 mevcuttur.<\/p>\n<p>Standart idrar torbalar\u0131 ile uyumludur.<\/p>\n<p>Farkl\u0131 CH boyut se\u00e7enekleri sunulmaktad\u0131r.<\/p>\n","protected":false},"excerpt":{"rendered":"<p>CH12 \u2013 10 ml balon<\/p>\n<p>CH14 \u2013 10 ml balon<\/p>\n<p>CH16 \u2013 10 ml balon<\/p>\n<p>CH18 \u2013 10 ml balon<\/p>\n<p>CH20 \u2013 10 ml balon<\/p>\n<p>CH22 \u2013 10 ml balon<\/p>\n<p>CH24 \u2013 10 ml balon<\/p>\n<p>Not: Boyutlara ait fiyat ve stok bilgisi i\u00e7in l\u00fctfen ileti\u015fime ge\u00e7iniz.<\/p>\n","protected":false},"featured_media":6831,"template":"","meta":[],"product_brand":[],"product_cat":[211],"product_tag":[425,430,431,432,433,434,435,436,426,412,424,423,428,420,429,427,421],"class_list":{"0":"post-7825","1":"product","2":"type-product","3":"status-publish","4":"has-post-thumbnail","6":"product_cat-uroloji","7":"product_tag-2-yollu-foley-kateter","8":"product_tag-ch12-kateter","9":"product_tag-ch14-kateter","10":"product_tag-ch16-kateter","11":"product_tag-ch18-kateter","12":"product_tag-ch20-kateter","13":"product_tag-ch22-kateter","14":"product_tag-ch24-kateter","15":"product_tag-double-lumen-kateter","16":"product_tag-foley-kateter","17":"product_tag-hastane-sarf-malzeme","18":"product_tag-idrar-drenaj-kateteri","19":"product_tag-lateks-kateter","20":"product_tag-medikal-kateter","21":"product_tag-silikon-kapli-kateter","22":"product_tag-steril-kateter","23":"product_tag-uroloji-sarf-malzeme","25":"first","26":"instock","27":"shipping-taxable","28":"product-type-simple"},"_links":{"self":[{"href":"https:\/\/berha.org\/en\/wp-json\/wp\/v2\/product\/7825","targetHints":{"allow":["GET"]}}],"collection":[{"href":"https:\/\/berha.org\/en\/wp-json\/wp\/v2\/product"}],"about":[{"href":"https:\/\/berha.org\/en\/wp-json\/wp\/v2\/types\/product"}],"wp:featuredmedia":[{"embeddable":true,"href":"https:\/\/berha.org\/en\/wp-json\/wp\/v2\/media\/6831"}],"wp:attachment":[{"href":"https:\/\/berha.org\/en\/wp-json\/wp\/v2\/media?parent=7825"}],"wp:term":[{"taxonomy":"product_brand","embeddable":true,"href":"https:\/\/berha.org\/en\/wp-json\/wp\/v2\/product_brand?post=7825"},{"taxonomy":"product_cat","embeddable":true,"href":"https:\/\/berha.org\/en\/wp-json\/wp\/v2\/product_cat?post=7825"},{"taxonomy":"product_tag","embeddable":true,"href":"https:\/\/berha.org\/en\/wp-json\/wp\/v2\/product_tag?post=7825"}],"curies":[{"name":"wp","href":"https:\/\/api.w.org\/{rel}","templated":true}]}}