{"id":7824,"date":"2025-07-20T22:48:08","date_gmt":"2025-07-20T19:48:08","guid":{"rendered":"https:\/\/berha.org\/en\/?post_type=product&#038;p=7824"},"modified":"2025-07-20T22:48:16","modified_gmt":"2025-07-20T19:48:16","slug":"3-yollu-foley-kateter-silikon-kapli-steril-ch16-ch24-2","status":"publish","type":"product","link":"https:\/\/berha.org\/en\/urun\/3-yollu-foley-kateter-silikon-kapli-steril-ch16-ch24-2\/","title":{"rendered":"3 Yollu Foley Kateter \u2013 Silikon Kapl\u0131, Steril, CH16\u2013CH24"},"content":{"rendered":"<p>Steril, tek kullan\u0131ml\u0131k, silikon kapl\u0131 lateks 3 yollu Foley kateter.<\/p>\n<p>Mesane irrigasyonu ve drenaj i\u015flemleri i\u00e7in uygundur.<\/p>\n<p>\u00dc\u00e7 kanall\u0131 yap\u0131: drenaj, balon \u015fi\u015firme ve irrigasyon.<\/p>\n<p>Farkl\u0131 CH (French) boyut se\u00e7enekleri mevcuttur.<\/p>\n<p>Standart ba\u011flant\u0131 u\u00e7lar\u0131na ve idrar torbalar\u0131yla uyumlu yap\u0131ya sahiptir.<\/p>\n<p>Sa\u011fl\u0131k kurulu\u015flar\u0131nda profesyonel kullan\u0131m i\u00e7in uygundur.<\/p>\n","protected":false},"excerpt":{"rendered":"<p>CH16 \u2013 30 ml balon<\/p>\n<p>CH18 \u2013 30 ml balon<\/p>\n<p>CH20 \u2013 30 ml balon<\/p>\n<p>CH22 \u2013 30 ml balon<\/p>\n<p>CH24 \u2013 30 ml balon<\/p>\n<p>Not: Boyutlara ait fiyat ve stok bilgisi i\u00e7in l\u00fctfen ileti\u015fime ge\u00e7iniz.<\/p>\n","protected":false},"featured_media":6830,"template":"","meta":[],"product_brand":[],"product_cat":[211],"product_tag":[411,409,413,414,415,412,424,423,418,420,422,416,417,419,410,421],"class_list":{"0":"post-7824","1":"product","2":"type-product","3":"status-publish","4":"has-post-thumbnail","6":"product_cat-uroloji","7":"product_tag-3-way-foley-catheter","8":"product_tag-3-yollu-foley-kateter","9":"product_tag-ch18-foley","10":"product_tag-ch20-foley","11":"product_tag-ch22-foley","12":"product_tag-foley-kateter","13":"product_tag-hastane-sarf-malzeme","14":"product_tag-idrar-drenaj-kateteri","15":"product_tag-lateks-foley-kateter","16":"product_tag-medikal-kateter","17":"product_tag-mesane-irrigasyon-kateteri","18":"product_tag-silikon-kapli-foley-kateter","19":"product_tag-steril-foley-kateter","20":"product_tag-triple-lumen-foley","21":"product_tag-uc-yollu-foley-kateter","22":"product_tag-uroloji-sarf-malzeme","24":"first","25":"instock","26":"shipping-taxable","27":"product-type-simple"},"_links":{"self":[{"href":"https:\/\/berha.org\/en\/wp-json\/wp\/v2\/product\/7824","targetHints":{"allow":["GET"]}}],"collection":[{"href":"https:\/\/berha.org\/en\/wp-json\/wp\/v2\/product"}],"about":[{"href":"https:\/\/berha.org\/en\/wp-json\/wp\/v2\/types\/product"}],"wp:featuredmedia":[{"embeddable":true,"href":"https:\/\/berha.org\/en\/wp-json\/wp\/v2\/media\/6830"}],"wp:attachment":[{"href":"https:\/\/berha.org\/en\/wp-json\/wp\/v2\/media?parent=7824"}],"wp:term":[{"taxonomy":"product_brand","embeddable":true,"href":"https:\/\/berha.org\/en\/wp-json\/wp\/v2\/product_brand?post=7824"},{"taxonomy":"product_cat","embeddable":true,"href":"https:\/\/berha.org\/en\/wp-json\/wp\/v2\/product_cat?post=7824"},{"taxonomy":"product_tag","embeddable":true,"href":"https:\/\/berha.org\/en\/wp-json\/wp\/v2\/product_tag?post=7824"}],"curies":[{"name":"wp","href":"https:\/\/api.w.org\/{rel}","templated":true}]}}