{"id":7822,"date":"2025-07-20T22:48:08","date_gmt":"2025-07-20T19:48:08","guid":{"rendered":"https:\/\/berha.org\/en\/?post_type=product&#038;p=7822"},"modified":"2025-07-20T22:48:16","modified_gmt":"2025-07-20T19:48:16","slug":"brahms-pct-reagent-for-roche-cobas-c-8000-300-test-2","status":"publish","type":"product","link":"https:\/\/berha.org\/en\/urun\/brahms-pct-reagent-for-roche-cobas-c-8000-300-test-2\/","title":{"rendered":"BRAHMS PCT Reagent for Roche Cobas C 8000 \u2013 300 Test"},"content":{"rendered":"<p>BRAHMS PCT Reagent, Roche Cobas C 8000 sistemiyle tam uyumlu olarak, serum ve plazmada prokalsitonin seviyesinin hassas ve g\u00fcvenilir \u00f6l\u00e7\u00fcm\u00fcn\u00fc sa\u011flar. \u00d6zellikle bakteriyel enfeksiyonlar ve sepsis tan\u0131s\u0131nda kritik rol oynayan PCT, erken tan\u0131 ve tedavi takibi i\u00e7in ideal bir parametredir.<\/p>\n<p>Y\u00fcksek duyarl\u0131l\u0131kta \u00f6l\u00e7\u00fcm kapasitesi sayesinde klinik karar destek s\u00fcre\u00e7lerini h\u0131zland\u0131r\u0131r ve optimize eder.<\/p>\n","protected":false},"excerpt":{"rendered":"<p>300 Test &#8211; 9318747190 &#8211; BRAHMS PCT (Prokalsitonin) Reagent &#8211; Cobas 8000<\/p>\n","protected":false},"featured_media":6813,"template":"","meta":[],"product_brand":[238],"product_cat":[234,217],"product_tag":[394,399,397,244,400,395,396,254,398,401],"class_list":{"0":"post-7822","1":"product","2":"type-product","3":"status-publish","4":"has-post-thumbnail","6":"product_brand-roche","7":"product_cat-roche-elecsys-cobas-8000-reagents","8":"product_cat-roche-reagentlari","9":"product_tag-brahms-pct","10":"product_tag-c8000-reagent","11":"product_tag-enfeksiyon-belirteci","12":"product_tag-klinik-biyokimya","13":"product_tag-pct-testi","14":"product_tag-prokalsitonin-reaktifi","15":"product_tag-roche-cobas-c8000","16":"product_tag-roche-diagnostik","17":"product_tag-sepsis-tanisi","18":"product_tag-yuksek-duyarlilik-reaktifi","20":"first","21":"instock","22":"shipping-taxable","23":"product-type-simple"},"_links":{"self":[{"href":"https:\/\/berha.org\/en\/wp-json\/wp\/v2\/product\/7822","targetHints":{"allow":["GET"]}}],"collection":[{"href":"https:\/\/berha.org\/en\/wp-json\/wp\/v2\/product"}],"about":[{"href":"https:\/\/berha.org\/en\/wp-json\/wp\/v2\/types\/product"}],"wp:featuredmedia":[{"embeddable":true,"href":"https:\/\/berha.org\/en\/wp-json\/wp\/v2\/media\/6813"}],"wp:attachment":[{"href":"https:\/\/berha.org\/en\/wp-json\/wp\/v2\/media?parent=7822"}],"wp:term":[{"taxonomy":"product_brand","embeddable":true,"href":"https:\/\/berha.org\/en\/wp-json\/wp\/v2\/product_brand?post=7822"},{"taxonomy":"product_cat","embeddable":true,"href":"https:\/\/berha.org\/en\/wp-json\/wp\/v2\/product_cat?post=7822"},{"taxonomy":"product_tag","embeddable":true,"href":"https:\/\/berha.org\/en\/wp-json\/wp\/v2\/product_tag?post=7822"}],"curies":[{"name":"wp","href":"https:\/\/api.w.org\/{rel}","templated":true}]}}