{"id":7821,"date":"2025-07-20T22:48:08","date_gmt":"2025-07-20T19:48:08","guid":{"rendered":"https:\/\/berha.org\/en\/?post_type=product&#038;p=7821"},"modified":"2025-07-20T22:48:15","modified_gmt":"2025-07-20T19:48:15","slug":"hdl-c-plus-reagent-for-roche-cobas-c-111-200-test-2","status":"publish","type":"product","link":"https:\/\/berha.org\/en\/urun\/hdl-c-plus-reagent-for-roche-cobas-c-111-200-test-2\/","title":{"rendered":"HDL-C Plus Reagent for Roche Cobas C 111 \u2013 200 Test"},"content":{"rendered":"<p>Roche HDL-C Plus Reagent, Roche Cobas C 111 cihaz\u0131 ile tam uyumlu olarak y\u00fcksek yo\u011funluklu lipoprotein kolesterol (HDL-C) d\u00fczeylerinin do\u011frudan, homojenik ve spesifik \u00f6l\u00e7\u00fcm\u00fcn\u00fc sa\u011flar. HDL kolesterol; kalp-damar hastal\u0131klar\u0131 riskinin de\u011ferlendirilmesinde kritik bir biyobelirte\u00e7tir.<\/p>\n<p>HDL-C Plus y\u00f6ntemi, santrif\u00fcj gerektirmeyen do\u011frudan y\u00f6ntemle \u00e7al\u0131\u015f\u0131r ve sonu\u00e7lar\u0131n h\u0131z\u0131n\u0131 art\u0131r\u0131r.<\/p>\n","protected":false},"excerpt":{"rendered":"<p>200 Test &#8211; 7528604190 &#8211; HDL-C Plus Reagent Kit &#8211; Cobas C 111<\/p>\n","protected":false},"featured_media":6796,"template":"","meta":[],"product_brand":[238],"product_cat":[233,217],"product_tag":[379,318,376,375,378,343,314,254,377],"class_list":{"0":"post-7821","1":"product","2":"type-product","3":"status-publish","4":"has-post-thumbnail","6":"product_brand-roche","7":"product_cat-roche-cobas-elecsys-c111-reagents","8":"product_cat-roche-reagentlari","9":"product_tag-biyokimya-reaktifi","10":"product_tag-cobas-c111","11":"product_tag-hdl-kolesterol-testi","12":"product_tag-hdl-c-plus-reagent","13":"product_tag-kalp-sagligi-testi","14":"product_tag-lipid-profili","15":"product_tag-roche-c111","16":"product_tag-roche-diagnostik","17":"product_tag-yuksek-yogunluklu-lipoprotein","19":"first","20":"instock","21":"shipping-taxable","22":"product-type-simple"},"_links":{"self":[{"href":"https:\/\/berha.org\/en\/wp-json\/wp\/v2\/product\/7821","targetHints":{"allow":["GET"]}}],"collection":[{"href":"https:\/\/berha.org\/en\/wp-json\/wp\/v2\/product"}],"about":[{"href":"https:\/\/berha.org\/en\/wp-json\/wp\/v2\/types\/product"}],"wp:featuredmedia":[{"embeddable":true,"href":"https:\/\/berha.org\/en\/wp-json\/wp\/v2\/media\/6796"}],"wp:attachment":[{"href":"https:\/\/berha.org\/en\/wp-json\/wp\/v2\/media?parent=7821"}],"wp:term":[{"taxonomy":"product_brand","embeddable":true,"href":"https:\/\/berha.org\/en\/wp-json\/wp\/v2\/product_brand?post=7821"},{"taxonomy":"product_cat","embeddable":true,"href":"https:\/\/berha.org\/en\/wp-json\/wp\/v2\/product_cat?post=7821"},{"taxonomy":"product_tag","embeddable":true,"href":"https:\/\/berha.org\/en\/wp-json\/wp\/v2\/product_tag?post=7821"}],"curies":[{"name":"wp","href":"https:\/\/api.w.org\/{rel}","templated":true}]}}