{"id":7820,"date":"2025-07-20T22:48:08","date_gmt":"2025-07-20T19:48:08","guid":{"rendered":"https:\/\/berha.org\/en\/?post_type=product&#038;p=7820"},"modified":"2025-07-20T22:48:15","modified_gmt":"2025-07-20T19:48:15","slug":"alb2-reagent-for-roche-cobas-c-111-400-test-2","status":"publish","type":"product","link":"https:\/\/berha.org\/en\/urun\/alb2-reagent-for-roche-cobas-c-111-400-test-2\/","title":{"rendered":"ALB2 Reagent for Roche Cobas C 111 \u2013 400 Test"},"content":{"rendered":"<p>ALB2 Reaktifi, Roche\u2019un geli\u015ftirdi\u011fi Cobas C 111 cihaz\u0131 ile uyumlu olarak \u00e7al\u0131\u015fan, serum alb\u00fcmin d\u00fczeyinin kantitatif \u00f6l\u00e7\u00fcm\u00fcnde kullan\u0131lan y\u00fcksek kaliteli bir test reaktifidir. Albumin testi, karaci\u011fer ve b\u00f6brek fonksiyonlar\u0131n\u0131n de\u011ferlendirilmesinde \u00f6nemli bir parametredir ve ALB2 reaktifi bu \u00f6l\u00e7\u00fcm\u00fcn g\u00fcvenilir ve hassas \u015fekilde yap\u0131lmas\u0131n\u0131 sa\u011flar.<\/p>\n<p>K\u00fc\u00e7\u00fck ve orta \u00f6l\u00e7ekli laboratuvarlar i\u00e7in ideal olan Roche Cobas C 111 cihazlar\u0131nda, ALB2 reaktifi fotometrik y\u00f6ntemle \u00e7al\u0131\u015f\u0131r. Her testte do\u011fru sonu\u00e7lar sunmak \u00fczere optimize edilmi\u015f form\u00fclasyonu sayesinde, klinik tan\u0131 s\u00fcre\u00e7lerinin do\u011frulu\u011funu art\u0131r\u0131r.<\/p>\n","protected":false},"excerpt":{"rendered":"<p>400 Test &#8211; 4657357190 &#8211; Albumin Reagent Kit &#8211; Cobas C 111<\/p>\n","protected":false},"featured_media":6812,"template":"","meta":[],"product_brand":[238],"product_cat":[233,217],"product_tag":[372,373,319,318,327,371,314,254,374],"class_list":{"0":"post-7820","1":"product","2":"type-product","3":"status-publish","4":"has-post-thumbnail","6":"product_brand-roche","7":"product_cat-roche-cobas-elecsys-c111-reagents","8":"product_cat-roche-reagentlari","9":"product_tag-albumin-reagent","10":"product_tag-albumin-testi","11":"product_tag-biyokimya-reaktifleri","12":"product_tag-cobas-c111","13":"product_tag-karaciger-fonksiyon-testi","14":"product_tag-otomatik-cihaz-reaktifi","15":"product_tag-roche-c111","16":"product_tag-roche-diagnostik","17":"product_tag-serum-protein-olcumu","19":"first","20":"instock","21":"shipping-taxable","22":"product-type-simple"},"_links":{"self":[{"href":"https:\/\/berha.org\/en\/wp-json\/wp\/v2\/product\/7820","targetHints":{"allow":["GET"]}}],"collection":[{"href":"https:\/\/berha.org\/en\/wp-json\/wp\/v2\/product"}],"about":[{"href":"https:\/\/berha.org\/en\/wp-json\/wp\/v2\/types\/product"}],"wp:featuredmedia":[{"embeddable":true,"href":"https:\/\/berha.org\/en\/wp-json\/wp\/v2\/media\/6812"}],"wp:attachment":[{"href":"https:\/\/berha.org\/en\/wp-json\/wp\/v2\/media?parent=7820"}],"wp:term":[{"taxonomy":"product_brand","embeddable":true,"href":"https:\/\/berha.org\/en\/wp-json\/wp\/v2\/product_brand?post=7820"},{"taxonomy":"product_cat","embeddable":true,"href":"https:\/\/berha.org\/en\/wp-json\/wp\/v2\/product_cat?post=7820"},{"taxonomy":"product_tag","embeddable":true,"href":"https:\/\/berha.org\/en\/wp-json\/wp\/v2\/product_tag?post=7820"}],"curies":[{"name":"wp","href":"https:\/\/api.w.org\/{rel}","templated":true}]}}