{"id":7819,"date":"2025-07-20T22:48:07","date_gmt":"2025-07-20T19:48:07","guid":{"rendered":"https:\/\/berha.org\/en\/?post_type=product&#038;p=7819"},"modified":"2025-07-20T22:48:14","modified_gmt":"2025-07-20T19:48:14","slug":"glucose-reagent-for-roche-cobas-c-111-400-test-2","status":"publish","type":"product","link":"https:\/\/berha.org\/en\/urun\/glucose-reagent-for-roche-cobas-c-111-400-test-2\/","title":{"rendered":"Glucose Reagent for Roche Cobas C 111 \u2013 400 Test"},"content":{"rendered":"<p>Roche Glucose Reagent, Roche Cobas C 111 cihaz\u0131 ile tam uyumlu olup, serum ve plazma \u00f6rneklerinde glikoz (\u015feker) seviyelerinin kantitatif olarak tayinini sa\u011flar. Diyabet tan\u0131s\u0131 ve takibi, hipoglisemi ve hiperglisemi durumlar\u0131n\u0131n izlenmesinde kullan\u0131l\u0131r.<\/p>\n<p>Y\u00fcksek hassasiyet ve do\u011fru sonu\u00e7lar ile g\u00fcvenilir bir analiz sunar.<\/p>\n","protected":false},"excerpt":{"rendered":"<p>400 Test &#8211; 4657527190 &#8211; Glucose (Glikoz) Reagent Kit &#8211; Cobas C 111<\/p>\n","protected":false},"featured_media":6796,"template":"","meta":[],"product_brand":[238],"product_cat":[233,217],"product_tag":[319,318,368,367,370,371,314,254,369],"class_list":{"0":"post-7819","1":"product","2":"type-product","3":"status-publish","4":"has-post-thumbnail","6":"product_brand-roche","7":"product_cat-roche-cobas-elecsys-c111-reagents","8":"product_cat-roche-reagentlari","9":"product_tag-biyokimya-reaktifleri","10":"product_tag-cobas-c111","11":"product_tag-glikoz-testi","12":"product_tag-glucose-reagent","13":"product_tag-glukoz-analizi","14":"product_tag-otomatik-cihaz-reaktifi","15":"product_tag-roche-c111","16":"product_tag-roche-diagnostik","17":"product_tag-seker-olcumu","19":"first","20":"instock","21":"shipping-taxable","22":"product-type-simple"},"_links":{"self":[{"href":"https:\/\/berha.org\/en\/wp-json\/wp\/v2\/product\/7819","targetHints":{"allow":["GET"]}}],"collection":[{"href":"https:\/\/berha.org\/en\/wp-json\/wp\/v2\/product"}],"about":[{"href":"https:\/\/berha.org\/en\/wp-json\/wp\/v2\/types\/product"}],"wp:featuredmedia":[{"embeddable":true,"href":"https:\/\/berha.org\/en\/wp-json\/wp\/v2\/media\/6796"}],"wp:attachment":[{"href":"https:\/\/berha.org\/en\/wp-json\/wp\/v2\/media?parent=7819"}],"wp:term":[{"taxonomy":"product_brand","embeddable":true,"href":"https:\/\/berha.org\/en\/wp-json\/wp\/v2\/product_brand?post=7819"},{"taxonomy":"product_cat","embeddable":true,"href":"https:\/\/berha.org\/en\/wp-json\/wp\/v2\/product_cat?post=7819"},{"taxonomy":"product_tag","embeddable":true,"href":"https:\/\/berha.org\/en\/wp-json\/wp\/v2\/product_tag?post=7819"}],"curies":[{"name":"wp","href":"https:\/\/api.w.org\/{rel}","templated":true}]}}