{"id":7818,"date":"2025-07-20T22:48:07","date_gmt":"2025-07-20T19:48:07","guid":{"rendered":"https:\/\/berha.org\/en\/?post_type=product&#038;p=7818"},"modified":"2025-07-20T22:48:14","modified_gmt":"2025-07-20T19:48:14","slug":"got-ast-reagent-for-roche-cobas-c-111-400-test-2","status":"publish","type":"product","link":"https:\/\/berha.org\/en\/urun\/got-ast-reagent-for-roche-cobas-c-111-400-test-2\/","title":{"rendered":"GOT (AST) Reagent for Roche Cobas C 111 \u2013 400 Test"},"content":{"rendered":"<p>Roche GOT (AST) Reagent, Roche Cobas C 111 cihazlar\u0131nda kullan\u0131ma uygun olarak, serum ve plazma \u00f6rneklerinde Aspartat Aminotransferaz (AST\/GOT) seviyelerini hassas ve g\u00fcvenilir bir \u015fekilde \u00f6l\u00e7er. Bu test, karaci\u011fer fonksiyonlar\u0131n\u0131n de\u011ferlendirilmesinde \u00f6nemli bir biyokimyasal g\u00f6stergedir.<\/p>\n<p>H\u0131zl\u0131 sonu\u00e7 veren bu reaktif, laboratuvarlar i\u00e7in ideal kalite ve performans sunar.<\/p>\n","protected":false},"excerpt":{"rendered":"<p>400 Test &#8211; 4657543190 &#8211; GOT (AST) Reagent Kit &#8211; Cobas C 111<\/p>\n","protected":false},"featured_media":6796,"template":"","meta":[],"product_brand":[238],"product_cat":[233,217],"product_tag":[364,319,318,365,366,322,314,323,254],"class_list":{"0":"post-7818","1":"product","2":"type-product","3":"status-publish","4":"has-post-thumbnail","6":"product_brand-roche","7":"product_cat-roche-cobas-elecsys-c111-reagents","8":"product_cat-roche-reagentlari","9":"product_tag-ast-reagent","10":"product_tag-biyokimya-reaktifleri","11":"product_tag-cobas-c111","12":"product_tag-got-reagent","13":"product_tag-karaciger-enzim-testi","14":"product_tag-otomatik-analizor-reaktifi","15":"product_tag-roche-c111","16":"product_tag-roche-cihaz-uyumlu","17":"product_tag-roche-diagnostik","19":"first","20":"instock","21":"shipping-taxable","22":"product-type-simple"},"_links":{"self":[{"href":"https:\/\/berha.org\/en\/wp-json\/wp\/v2\/product\/7818","targetHints":{"allow":["GET"]}}],"collection":[{"href":"https:\/\/berha.org\/en\/wp-json\/wp\/v2\/product"}],"about":[{"href":"https:\/\/berha.org\/en\/wp-json\/wp\/v2\/types\/product"}],"wp:featuredmedia":[{"embeddable":true,"href":"https:\/\/berha.org\/en\/wp-json\/wp\/v2\/media\/6796"}],"wp:attachment":[{"href":"https:\/\/berha.org\/en\/wp-json\/wp\/v2\/media?parent=7818"}],"wp:term":[{"taxonomy":"product_brand","embeddable":true,"href":"https:\/\/berha.org\/en\/wp-json\/wp\/v2\/product_brand?post=7818"},{"taxonomy":"product_cat","embeddable":true,"href":"https:\/\/berha.org\/en\/wp-json\/wp\/v2\/product_cat?post=7818"},{"taxonomy":"product_tag","embeddable":true,"href":"https:\/\/berha.org\/en\/wp-json\/wp\/v2\/product_tag?post=7818"}],"curies":[{"name":"wp","href":"https:\/\/api.w.org\/{rel}","templated":true}]}}