{"id":7817,"date":"2025-07-20T22:48:07","date_gmt":"2025-07-20T19:48:07","guid":{"rendered":"https:\/\/berha.org\/en\/?post_type=product&#038;p=7817"},"modified":"2025-07-20T22:48:14","modified_gmt":"2025-07-20T19:48:14","slug":"iron-fe-reagent-for-roche-cobas-c-111-100-test-2","status":"publish","type":"product","link":"https:\/\/berha.org\/en\/urun\/iron-fe-reagent-for-roche-cobas-c-111-100-test-2\/","title":{"rendered":"Iron (Fe) Reagent for Roche Cobas C 111 \u2013 100 Test"},"content":{"rendered":"<p>Roche Iron (Fe) Reagent, Roche Cobas C 111 analiz\u00f6rleriyle tam uyumlu olup, serum ve plazma \u00f6rneklerinde demir (Fe) d\u00fczeylerinin do\u011fru ve g\u00fcvenilir bi\u00e7imde \u00f6l\u00e7\u00fcm\u00fcn\u00fc sa\u011flar. Demir \u00f6l\u00e7\u00fcm\u00fc, anemi, demir fazlal\u0131\u011f\u0131 veya eksikli\u011fi gibi durumlar\u0131n te\u015fhisinde \u00f6nemli bir parametredir.<\/p>\n<p>Klinik analizlerinizde y\u00fcksek hassasiyet ve kalite sunar.<\/p>\n","protected":false},"excerpt":{"rendered":"<p>100 Test &#8211; 5401658190 &#8211; Iron (Fe) Reagent Kit &#8211; Cobas C 111<\/p>\n","protected":false},"featured_media":6796,"template":"","meta":[],"product_brand":[238],"product_cat":[233,217],"product_tag":[319,318,362,361,322,314,323,254,363],"class_list":{"0":"post-7817","1":"product","2":"type-product","3":"status-publish","4":"has-post-thumbnail","6":"product_brand-roche","7":"product_cat-roche-cobas-elecsys-c111-reagents","8":"product_cat-roche-reagentlari","9":"product_tag-biyokimya-reaktifleri","10":"product_tag-cobas-c111","11":"product_tag-demir-testi","12":"product_tag-iron-reagent","13":"product_tag-otomatik-analizor-reaktifi","14":"product_tag-roche-c111","15":"product_tag-roche-cihaz-uyumlu","16":"product_tag-roche-diagnostik","17":"product_tag-serum-demiri","19":"first","20":"instock","21":"shipping-taxable","22":"product-type-simple"},"_links":{"self":[{"href":"https:\/\/berha.org\/en\/wp-json\/wp\/v2\/product\/7817","targetHints":{"allow":["GET"]}}],"collection":[{"href":"https:\/\/berha.org\/en\/wp-json\/wp\/v2\/product"}],"about":[{"href":"https:\/\/berha.org\/en\/wp-json\/wp\/v2\/types\/product"}],"wp:featuredmedia":[{"embeddable":true,"href":"https:\/\/berha.org\/en\/wp-json\/wp\/v2\/media\/6796"}],"wp:attachment":[{"href":"https:\/\/berha.org\/en\/wp-json\/wp\/v2\/media?parent=7817"}],"wp:term":[{"taxonomy":"product_brand","embeddable":true,"href":"https:\/\/berha.org\/en\/wp-json\/wp\/v2\/product_brand?post=7817"},{"taxonomy":"product_cat","embeddable":true,"href":"https:\/\/berha.org\/en\/wp-json\/wp\/v2\/product_cat?post=7817"},{"taxonomy":"product_tag","embeddable":true,"href":"https:\/\/berha.org\/en\/wp-json\/wp\/v2\/product_tag?post=7817"}],"curies":[{"name":"wp","href":"https:\/\/api.w.org\/{rel}","templated":true}]}}