{"id":7816,"date":"2025-07-20T22:48:07","date_gmt":"2025-07-20T19:48:07","guid":{"rendered":"https:\/\/berha.org\/en\/?post_type=product&#038;p=7816"},"modified":"2025-07-20T22:48:13","modified_gmt":"2025-07-20T19:48:13","slug":"magnesium-reagent-for-roche-cobas-c-111-100-test-2","status":"publish","type":"product","link":"https:\/\/berha.org\/en\/urun\/magnesium-reagent-for-roche-cobas-c-111-100-test-2\/","title":{"rendered":"Magnesium Reagent for Roche Cobas C 111 \u2013 100 Test"},"content":{"rendered":"<p>Roche Magnesium Reagent, Roche Cobas C 111 analiz\u00f6rleri ile tam uyumlu olarak, serum ve plazma \u00f6rneklerinde magnezyum konsantrasyonunun do\u011fru, hassas ve h\u0131zl\u0131 \u00f6l\u00e7\u00fcm\u00fcn\u00fc sa\u011flar. Magnezyum testi; kas fonksiyonlar\u0131, sinir iletimi ve metabolik denge a\u00e7\u0131s\u0131ndan kritik \u00f6neme sahiptir.<\/p>\n<p>Klinik analizlerinizde g\u00fcvenilir sonu\u00e7lar elde etmeniz i\u00e7in y\u00fcksek kalite standartlar\u0131nda \u00fcretilmi\u015ftir.<\/p>\n","protected":false},"excerpt":{"rendered":"<p>8900019190 &#8211; Magnesium (Magnezyum) Reagent Kit &#8211; Cobas C 111<\/p>\n","protected":false},"featured_media":6796,"template":"","meta":[],"product_brand":[238],"product_cat":[233,217],"product_tag":[319,318,244,360,359,322,314,323,254],"class_list":{"0":"post-7816","1":"product","2":"type-product","3":"status-publish","4":"has-post-thumbnail","6":"product_brand-roche","7":"product_cat-roche-cobas-elecsys-c111-reagents","8":"product_cat-roche-reagentlari","9":"product_tag-biyokimya-reaktifleri","10":"product_tag-cobas-c111","11":"product_tag-klinik-biyokimya","12":"product_tag-magnesium-testi","13":"product_tag-magnezyum-reagent","14":"product_tag-otomatik-analizor-reaktifi","15":"product_tag-roche-c111","16":"product_tag-roche-cihaz-uyumlu","17":"product_tag-roche-diagnostik","19":"first","20":"instock","21":"shipping-taxable","22":"product-type-simple"},"_links":{"self":[{"href":"https:\/\/berha.org\/en\/wp-json\/wp\/v2\/product\/7816","targetHints":{"allow":["GET"]}}],"collection":[{"href":"https:\/\/berha.org\/en\/wp-json\/wp\/v2\/product"}],"about":[{"href":"https:\/\/berha.org\/en\/wp-json\/wp\/v2\/types\/product"}],"wp:featuredmedia":[{"embeddable":true,"href":"https:\/\/berha.org\/en\/wp-json\/wp\/v2\/media\/6796"}],"wp:attachment":[{"href":"https:\/\/berha.org\/en\/wp-json\/wp\/v2\/media?parent=7816"}],"wp:term":[{"taxonomy":"product_brand","embeddable":true,"href":"https:\/\/berha.org\/en\/wp-json\/wp\/v2\/product_brand?post=7816"},{"taxonomy":"product_cat","embeddable":true,"href":"https:\/\/berha.org\/en\/wp-json\/wp\/v2\/product_cat?post=7816"},{"taxonomy":"product_tag","embeddable":true,"href":"https:\/\/berha.org\/en\/wp-json\/wp\/v2\/product_tag?post=7816"}],"curies":[{"name":"wp","href":"https:\/\/api.w.org\/{rel}","templated":true}]}}