{"id":7814,"date":"2025-07-20T22:48:07","date_gmt":"2025-07-20T19:48:07","guid":{"rendered":"https:\/\/berha.org\/en\/?post_type=product&#038;p=7814"},"modified":"2025-07-20T22:48:13","modified_gmt":"2025-07-20T19:48:13","slug":"creatinine-plus-reagent-for-roche-cobas-c-111-100-test-2","status":"publish","type":"product","link":"https:\/\/berha.org\/en\/urun\/creatinine-plus-reagent-for-roche-cobas-c-111-100-test-2\/","title":{"rendered":"Creatinine Plus Reagent for Roche Cobas C 111 \u2013 100 Test"},"content":{"rendered":"<p>Roche Creatinine Plus Reagent, Roche Cobas C 111 analiz\u00f6rlerinde serum ve plazma \u00f6rneklerinde kreatinin seviyesinin do\u011fru ve h\u0131zl\u0131 \u00f6l\u00e7\u00fcm\u00fcn\u00fc sa\u011flar. Kreatinin testi, b\u00f6brek fonksiyonlar\u0131n\u0131n de\u011ferlendirilmesinde kritik bir parametredir.<\/p>\n<p>Hassas, tekrarlanabilir ve g\u00fcvenilir sonu\u00e7larla laboratuvar\u0131n\u0131z\u0131n ihtiya\u00e7lar\u0131na uygun olarak tasarlanm\u0131\u015ft\u0131r.<\/p>\n","protected":false},"excerpt":{"rendered":"<p>5401470190 &#8211; Creatinine Plus Reagent Kit &#8211; Cobas C 111<\/p>\n","protected":false},"featured_media":6796,"template":"","meta":[],"product_brand":[238],"product_cat":[233,217],"product_tag":[319,318,356,244,357,322,314,323,254],"class_list":{"0":"post-7814","1":"product","2":"type-product","3":"status-publish","4":"has-post-thumbnail","6":"product_brand-roche","7":"product_cat-roche-cobas-elecsys-c111-reagents","8":"product_cat-roche-reagentlari","9":"product_tag-biyokimya-reaktifleri","10":"product_tag-cobas-c111","11":"product_tag-creatinine-plus-reagent","12":"product_tag-klinik-biyokimya","13":"product_tag-kreatinin-testi","14":"product_tag-otomatik-analizor-reaktifi","15":"product_tag-roche-c111","16":"product_tag-roche-cihaz-uyumlu","17":"product_tag-roche-diagnostik","19":"first","20":"instock","21":"shipping-taxable","22":"product-type-simple"},"_links":{"self":[{"href":"https:\/\/berha.org\/en\/wp-json\/wp\/v2\/product\/7814","targetHints":{"allow":["GET"]}}],"collection":[{"href":"https:\/\/berha.org\/en\/wp-json\/wp\/v2\/product"}],"about":[{"href":"https:\/\/berha.org\/en\/wp-json\/wp\/v2\/types\/product"}],"wp:featuredmedia":[{"embeddable":true,"href":"https:\/\/berha.org\/en\/wp-json\/wp\/v2\/media\/6796"}],"wp:attachment":[{"href":"https:\/\/berha.org\/en\/wp-json\/wp\/v2\/media?parent=7814"}],"wp:term":[{"taxonomy":"product_brand","embeddable":true,"href":"https:\/\/berha.org\/en\/wp-json\/wp\/v2\/product_brand?post=7814"},{"taxonomy":"product_cat","embeddable":true,"href":"https:\/\/berha.org\/en\/wp-json\/wp\/v2\/product_cat?post=7814"},{"taxonomy":"product_tag","embeddable":true,"href":"https:\/\/berha.org\/en\/wp-json\/wp\/v2\/product_tag?post=7814"}],"curies":[{"name":"wp","href":"https:\/\/api.w.org\/{rel}","templated":true}]}}