{"id":7813,"date":"2025-07-20T22:48:07","date_gmt":"2025-07-20T19:48:07","guid":{"rendered":"https:\/\/berha.org\/en\/?post_type=product&#038;p=7813"},"modified":"2025-07-20T22:48:12","modified_gmt":"2025-07-20T19:48:12","slug":"ldh-laktat-dehidrogenaz-reagent-for-roche-cobas-c-111-100-test-2","status":"publish","type":"product","link":"https:\/\/berha.org\/en\/urun\/ldh-laktat-dehidrogenaz-reagent-for-roche-cobas-c-111-100-test-2\/","title":{"rendered":"LDH (Laktat Dehidrogenaz) Reagent for Roche Cobas C 111 \u2013 100 Test"},"content":{"rendered":"<p>Roche LDH (Laktat Dehidrogenaz) Reagent, Roche Cobas C 111 analiz\u00f6rlerinde serum ve plazma \u00f6rneklerinde LDH enzim aktivitesinin do\u011fru ve h\u0131zl\u0131 \u00f6l\u00e7\u00fcm\u00fcn\u00fc sa\u011flar. LDH testi, doku hasar\u0131, miyokard enfarkt\u00fcs\u00fc ve \u00e7e\u015fitli hastal\u0131klar\u0131n tan\u0131 ve takibinde kullan\u0131l\u0131r.<\/p>\n<p>Y\u00fcksek hassasiyet ve g\u00fcvenilir sonu\u00e7larla laboratuvar\u0131n\u0131z\u0131n ihtiya\u00e7lar\u0131n\u0131 kar\u015f\u0131lar.<\/p>\n","protected":false},"excerpt":{"rendered":"<p>100 Test &#8211; 5401674190 &#8211; LDH (Laktat Dehidrogenaz) Reagent Kit &#8211; Cobas C 111<\/p>\n","protected":false},"featured_media":6796,"template":"","meta":[],"product_brand":[238],"product_cat":[233,217],"product_tag":[319,318,244,355,354,322,314,323,254],"class_list":{"0":"post-7813","1":"product","2":"type-product","3":"status-publish","4":"has-post-thumbnail","6":"product_brand-roche","7":"product_cat-roche-cobas-elecsys-c111-reagents","8":"product_cat-roche-reagentlari","9":"product_tag-biyokimya-reaktifleri","10":"product_tag-cobas-c111","11":"product_tag-klinik-biyokimya","12":"product_tag-laktat-dehidrogenaz-testi","13":"product_tag-ldh-reagent","14":"product_tag-otomatik-analizor-reaktifi","15":"product_tag-roche-c111","16":"product_tag-roche-cihaz-uyumlu","17":"product_tag-roche-diagnostik","19":"first","20":"instock","21":"shipping-taxable","22":"product-type-simple"},"_links":{"self":[{"href":"https:\/\/berha.org\/en\/wp-json\/wp\/v2\/product\/7813","targetHints":{"allow":["GET"]}}],"collection":[{"href":"https:\/\/berha.org\/en\/wp-json\/wp\/v2\/product"}],"about":[{"href":"https:\/\/berha.org\/en\/wp-json\/wp\/v2\/types\/product"}],"wp:featuredmedia":[{"embeddable":true,"href":"https:\/\/berha.org\/en\/wp-json\/wp\/v2\/media\/6796"}],"wp:attachment":[{"href":"https:\/\/berha.org\/en\/wp-json\/wp\/v2\/media?parent=7813"}],"wp:term":[{"taxonomy":"product_brand","embeddable":true,"href":"https:\/\/berha.org\/en\/wp-json\/wp\/v2\/product_brand?post=7813"},{"taxonomy":"product_cat","embeddable":true,"href":"https:\/\/berha.org\/en\/wp-json\/wp\/v2\/product_cat?post=7813"},{"taxonomy":"product_tag","embeddable":true,"href":"https:\/\/berha.org\/en\/wp-json\/wp\/v2\/product_tag?post=7813"}],"curies":[{"name":"wp","href":"https:\/\/api.w.org\/{rel}","templated":true}]}}