{"id":7811,"date":"2025-07-20T22:48:07","date_gmt":"2025-07-20T19:48:07","guid":{"rendered":"https:\/\/berha.org\/en\/?post_type=product&#038;p=7811"},"modified":"2025-07-20T22:48:12","modified_gmt":"2025-07-20T19:48:12","slug":"cholesterol-reagent-for-roche-cobas-c-111-100-test-2","status":"publish","type":"product","link":"https:\/\/berha.org\/en\/urun\/cholesterol-reagent-for-roche-cobas-c-111-100-test-2\/","title":{"rendered":"Cholesterol Reagent for Roche Cobas C 111 \u2013 100 Test"},"content":{"rendered":"<p>Roche Cholesterol Reagent, Roche Cobas C 111 analiz\u00f6rlerinde serum ve plazma \u00f6rneklerinde total kolesterol seviyesinin do\u011fru ve h\u0131zl\u0131 \u00f6l\u00e7\u00fcm\u00fcn\u00fc sa\u011flar. Total kolesterol testi, kardiyovask\u00fcler hastal\u0131k riskinin de\u011ferlendirilmesinde temel bir parametredir.<\/p>\n<p>Laboratuvarlara hassas, g\u00fcvenilir ve tekrarlanabilir sonu\u00e7lar sunar.<\/p>\n","protected":false},"excerpt":{"rendered":"<p>4718917190 &#8211; Cholesterol Reagent Kit &#8211; Cobas C111<\/p>\n","protected":false},"featured_media":6810,"template":"","meta":[],"product_brand":[238],"product_cat":[233,217],"product_tag":[319,350,318,244,351,322,314,323,254],"class_list":{"0":"post-7811","1":"product","2":"type-product","3":"status-publish","4":"has-post-thumbnail","6":"product_brand-roche","7":"product_cat-roche-cobas-elecsys-c111-reagents","8":"product_cat-roche-reagentlari","9":"product_tag-biyokimya-reaktifleri","10":"product_tag-cholesterol-reagent","11":"product_tag-cobas-c111","12":"product_tag-klinik-biyokimya","13":"product_tag-kolesterol-testi","14":"product_tag-otomatik-analizor-reaktifi","15":"product_tag-roche-c111","16":"product_tag-roche-cihaz-uyumlu","17":"product_tag-roche-diagnostik","19":"first","20":"instock","21":"shipping-taxable","22":"product-type-simple"},"_links":{"self":[{"href":"https:\/\/berha.org\/en\/wp-json\/wp\/v2\/product\/7811","targetHints":{"allow":["GET"]}}],"collection":[{"href":"https:\/\/berha.org\/en\/wp-json\/wp\/v2\/product"}],"about":[{"href":"https:\/\/berha.org\/en\/wp-json\/wp\/v2\/types\/product"}],"wp:featuredmedia":[{"embeddable":true,"href":"https:\/\/berha.org\/en\/wp-json\/wp\/v2\/media\/6810"}],"wp:attachment":[{"href":"https:\/\/berha.org\/en\/wp-json\/wp\/v2\/media?parent=7811"}],"wp:term":[{"taxonomy":"product_brand","embeddable":true,"href":"https:\/\/berha.org\/en\/wp-json\/wp\/v2\/product_brand?post=7811"},{"taxonomy":"product_cat","embeddable":true,"href":"https:\/\/berha.org\/en\/wp-json\/wp\/v2\/product_cat?post=7811"},{"taxonomy":"product_tag","embeddable":true,"href":"https:\/\/berha.org\/en\/wp-json\/wp\/v2\/product_tag?post=7811"}],"curies":[{"name":"wp","href":"https:\/\/api.w.org\/{rel}","templated":true}]}}