{"id":7810,"date":"2025-07-20T22:48:07","date_gmt":"2025-07-20T19:48:07","guid":{"rendered":"https:\/\/berha.org\/en\/?post_type=product&#038;p=7810"},"modified":"2025-07-20T22:48:11","modified_gmt":"2025-07-20T19:48:11","slug":"total-protein-tp-2-reagent-for-roche-cobas-c-111-100-test-2","status":"publish","type":"product","link":"https:\/\/berha.org\/en\/urun\/total-protein-tp-2-reagent-for-roche-cobas-c-111-100-test-2\/","title":{"rendered":"Total Protein (TP 2) Reagent for Roche Cobas C 111 \u2013 100 Test"},"content":{"rendered":"<p>Roche Total Protein (TP 2) Reagent, Roche Cobas C 111 analiz\u00f6rlerinde serum ve plazma \u00f6rneklerinde total protein seviyesinin do\u011fru ve h\u0131zl\u0131 \u00f6l\u00e7\u00fcm\u00fcn\u00fc sa\u011flar. Total protein testi, v\u00fccut protein durumunun genel de\u011ferlendirilmesinde ve \u00e7e\u015fitli hastal\u0131klar\u0131n takibinde kullan\u0131l\u0131r.<\/p>\n<p>Y\u00fcksek hassasiyetli ve g\u00fcvenilir sonu\u00e7lar sunar, klinik tan\u0131 i\u00e7in idealdir.<\/p>\n","protected":false},"excerpt":{"rendered":"<p>4657586190 &#8211; Total Protein (TP 2) Reagent Kit &#8211; Cobas C 111<\/p>\n","protected":false},"featured_media":6809,"template":"","meta":[],"product_brand":[238],"product_cat":[233,217],"product_tag":[319,318,244,322,314,323,254,349,348],"class_list":{"0":"post-7810","1":"product","2":"type-product","3":"status-publish","4":"has-post-thumbnail","6":"product_brand-roche","7":"product_cat-roche-cobas-elecsys-c111-reagents","8":"product_cat-roche-reagentlari","9":"product_tag-biyokimya-reaktifleri","10":"product_tag-cobas-c111","11":"product_tag-klinik-biyokimya","12":"product_tag-otomatik-analizor-reaktifi","13":"product_tag-roche-c111","14":"product_tag-roche-cihaz-uyumlu","15":"product_tag-roche-diagnostik","16":"product_tag-total-protein-testi","17":"product_tag-tp-2-reagent","19":"first","20":"instock","21":"shipping-taxable","22":"product-type-simple"},"_links":{"self":[{"href":"https:\/\/berha.org\/en\/wp-json\/wp\/v2\/product\/7810","targetHints":{"allow":["GET"]}}],"collection":[{"href":"https:\/\/berha.org\/en\/wp-json\/wp\/v2\/product"}],"about":[{"href":"https:\/\/berha.org\/en\/wp-json\/wp\/v2\/types\/product"}],"wp:featuredmedia":[{"embeddable":true,"href":"https:\/\/berha.org\/en\/wp-json\/wp\/v2\/media\/6809"}],"wp:attachment":[{"href":"https:\/\/berha.org\/en\/wp-json\/wp\/v2\/media?parent=7810"}],"wp:term":[{"taxonomy":"product_brand","embeddable":true,"href":"https:\/\/berha.org\/en\/wp-json\/wp\/v2\/product_brand?post=7810"},{"taxonomy":"product_cat","embeddable":true,"href":"https:\/\/berha.org\/en\/wp-json\/wp\/v2\/product_cat?post=7810"},{"taxonomy":"product_tag","embeddable":true,"href":"https:\/\/berha.org\/en\/wp-json\/wp\/v2\/product_tag?post=7810"}],"curies":[{"name":"wp","href":"https:\/\/api.w.org\/{rel}","templated":true}]}}