{"id":7809,"date":"2025-07-20T22:48:07","date_gmt":"2025-07-20T19:48:07","guid":{"rendered":"https:\/\/berha.org\/en\/?post_type=product&#038;p=7809"},"modified":"2025-07-20T22:48:11","modified_gmt":"2025-07-20T19:48:11","slug":"uric-acid-ua-2-reagent-for-roche-cobas-c-111-100-test-2","status":"publish","type":"product","link":"https:\/\/berha.org\/en\/urun\/uric-acid-ua-2-reagent-for-roche-cobas-c-111-100-test-2\/","title":{"rendered":"Uric Acid (UA 2) Reagent for Roche Cobas C 111 \u2013 100 Test"},"content":{"rendered":"<p>Roche Uric Acid (UA 2) Reagent, Roche Cobas C 111 analiz\u00f6rlerinde serum ve plazma \u00f6rneklerinde \u00fcrik asit seviyesinin do\u011fru ve h\u0131zl\u0131 \u00f6l\u00e7\u00fcm\u00fcn\u00fc sa\u011flar. \u00dcrik asit testi, gut hastal\u0131\u011f\u0131 ve b\u00f6brek fonksiyonlar\u0131n\u0131n de\u011ferlendirilmesinde \u00f6nemli bir parametredir.<\/p>\n<p>Hassas ve g\u00fcvenilir sonu\u00e7lar sunar, laboratuvar standartlar\u0131na uygundur.<\/p>\n","protected":false},"excerpt":{"rendered":"<p>400 Test- 4657608190 &#8211; Uric Acid (UA 2) Reagent Kit &#8211; Cobas C 111<\/p>\n","protected":false},"featured_media":6808,"template":"","meta":[],"product_brand":[238],"product_cat":[233,217],"product_tag":[319,318,244,322,314,323,254,346,347],"class_list":{"0":"post-7809","1":"product","2":"type-product","3":"status-publish","4":"has-post-thumbnail","6":"product_brand-roche","7":"product_cat-roche-cobas-elecsys-c111-reagents","8":"product_cat-roche-reagentlari","9":"product_tag-biyokimya-reaktifleri","10":"product_tag-cobas-c111","11":"product_tag-klinik-biyokimya","12":"product_tag-otomatik-analizor-reaktifi","13":"product_tag-roche-c111","14":"product_tag-roche-cihaz-uyumlu","15":"product_tag-roche-diagnostik","16":"product_tag-ua-2-reagent","17":"product_tag-urik-asit-testi","19":"first","20":"instock","21":"shipping-taxable","22":"product-type-simple"},"_links":{"self":[{"href":"https:\/\/berha.org\/en\/wp-json\/wp\/v2\/product\/7809","targetHints":{"allow":["GET"]}}],"collection":[{"href":"https:\/\/berha.org\/en\/wp-json\/wp\/v2\/product"}],"about":[{"href":"https:\/\/berha.org\/en\/wp-json\/wp\/v2\/types\/product"}],"wp:featuredmedia":[{"embeddable":true,"href":"https:\/\/berha.org\/en\/wp-json\/wp\/v2\/media\/6808"}],"wp:attachment":[{"href":"https:\/\/berha.org\/en\/wp-json\/wp\/v2\/media?parent=7809"}],"wp:term":[{"taxonomy":"product_brand","embeddable":true,"href":"https:\/\/berha.org\/en\/wp-json\/wp\/v2\/product_brand?post=7809"},{"taxonomy":"product_cat","embeddable":true,"href":"https:\/\/berha.org\/en\/wp-json\/wp\/v2\/product_cat?post=7809"},{"taxonomy":"product_tag","embeddable":true,"href":"https:\/\/berha.org\/en\/wp-json\/wp\/v2\/product_tag?post=7809"}],"curies":[{"name":"wp","href":"https:\/\/api.w.org\/{rel}","templated":true}]}}