{"id":7808,"date":"2025-07-20T22:48:06","date_gmt":"2025-07-20T19:48:06","guid":{"rendered":"https:\/\/berha.org\/en\/?post_type=product&#038;p=7808"},"modified":"2025-07-20T22:48:10","modified_gmt":"2025-07-20T19:48:10","slug":"bilirubin-total-bilt-3-reagent-for-roche-cobas-c-111-100-test-2","status":"publish","type":"product","link":"https:\/\/berha.org\/en\/urun\/bilirubin-total-bilt-3-reagent-for-roche-cobas-c-111-100-test-2\/","title":{"rendered":"Bilirubin Total (BILT 3) Reagent for Roche Cobas C 111 \u2013 100 Test"},"content":{"rendered":"<p>Roche Bilirubin Total (BILT 3) Reagent, Roche Cobas C 111 analiz\u00f6rlerinde serum ve plazma \u00f6rneklerinde total bilirubin seviyesinin do\u011fru ve h\u0131zl\u0131 \u00f6l\u00e7\u00fcm\u00fcn\u00fc sa\u011flar. Total bilirubin testi, karaci\u011fer fonksiyonlar\u0131n\u0131n de\u011ferlendirilmesinde ve sar\u0131l\u0131k gibi klinik durumlar\u0131n tan\u0131s\u0131nda \u00f6nemli bir biyobelirte\u00e7tir.<\/p>\n<p>Y\u00fcksek hassasiyet ve g\u00fcvenilir sonu\u00e7lar sunar, laboratuvar testlerinde standart kaliteyi sa\u011flar.<\/p>\n","protected":false},"excerpt":{"rendered":"<p>5795648190 &#8211; Bilirubin Total (BILT 3) Reagent Kit &#8211; Cobas C 111<\/p>\n","protected":false},"featured_media":6799,"template":"","meta":[],"product_brand":[238],"product_cat":[233,217],"product_tag":[345,344,319,318,244,322,314,323,254],"class_list":{"0":"post-7808","1":"product","2":"type-product","3":"status-publish","4":"has-post-thumbnail","6":"product_brand-roche","7":"product_cat-roche-cobas-elecsys-c111-reagents","8":"product_cat-roche-reagentlari","9":"product_tag-bilirubin-total-testi","10":"product_tag-bilt-3-reagent","11":"product_tag-biyokimya-reaktifleri","12":"product_tag-cobas-c111","13":"product_tag-klinik-biyokimya","14":"product_tag-otomatik-analizor-reaktifi","15":"product_tag-roche-c111","16":"product_tag-roche-cihaz-uyumlu","17":"product_tag-roche-diagnostik","19":"first","20":"instock","21":"shipping-taxable","22":"product-type-simple"},"_links":{"self":[{"href":"https:\/\/berha.org\/en\/wp-json\/wp\/v2\/product\/7808","targetHints":{"allow":["GET"]}}],"collection":[{"href":"https:\/\/berha.org\/en\/wp-json\/wp\/v2\/product"}],"about":[{"href":"https:\/\/berha.org\/en\/wp-json\/wp\/v2\/types\/product"}],"wp:featuredmedia":[{"embeddable":true,"href":"https:\/\/berha.org\/en\/wp-json\/wp\/v2\/media\/6799"}],"wp:attachment":[{"href":"https:\/\/berha.org\/en\/wp-json\/wp\/v2\/media?parent=7808"}],"wp:term":[{"taxonomy":"product_brand","embeddable":true,"href":"https:\/\/berha.org\/en\/wp-json\/wp\/v2\/product_brand?post=7808"},{"taxonomy":"product_cat","embeddable":true,"href":"https:\/\/berha.org\/en\/wp-json\/wp\/v2\/product_cat?post=7808"},{"taxonomy":"product_tag","embeddable":true,"href":"https:\/\/berha.org\/en\/wp-json\/wp\/v2\/product_tag?post=7808"}],"curies":[{"name":"wp","href":"https:\/\/api.w.org\/{rel}","templated":true}]}}