{"id":7807,"date":"2025-07-20T22:48:06","date_gmt":"2025-07-20T19:48:06","guid":{"rendered":"https:\/\/berha.org\/en\/?post_type=product&#038;p=7807"},"modified":"2025-07-20T22:48:10","modified_gmt":"2025-07-20T19:48:10","slug":"hdl-cholesterol-4-reagent-for-roche-cobas-c-111-100-test-2","status":"publish","type":"product","link":"https:\/\/berha.org\/en\/urun\/hdl-cholesterol-4-reagent-for-roche-cobas-c-111-100-test-2\/","title":{"rendered":"HDL Cholesterol 4 Reagent for Roche Cobas C 111 \u2013 100 Test"},"content":{"rendered":"<p>Roche HDL Cholesterol 4 Reagent, Roche Cobas C 111 analiz\u00f6rlerinde serum ve plazma \u00f6rneklerinde y\u00fcksek duyarl\u0131l\u0131kl\u0131 HDL kolesterol (HDL-C) seviyesinin do\u011fru ve h\u0131zl\u0131 \u00f6l\u00e7\u00fcm\u00fcn\u00fc sa\u011flar. HDL-C, kardiyovask\u00fcler hastal\u0131k riskinin de\u011ferlendirilmesinde \u00f6nemli bir lipit parametresidir.<\/p>\n<p>Laboratuvarlara hassas, g\u00fcvenilir ve tekrarlanabilir sonu\u00e7lar sunar.<\/p>\n","protected":false},"excerpt":{"rendered":"<p>07528604190 &#8211; HDL Cholesterol 4 Reagent Kit &#8211; Cobas C 111<\/p>\n","protected":false},"featured_media":6798,"template":"","meta":[],"product_brand":[238],"product_cat":[233,217],"product_tag":[319,318,340,341,244,342,343,322,314,323,254],"class_list":{"0":"post-7807","1":"product","2":"type-product","3":"status-publish","4":"has-post-thumbnail","6":"product_brand-roche","7":"product_cat-roche-cobas-elecsys-c111-reagents","8":"product_cat-roche-reagentlari","9":"product_tag-biyokimya-reaktifleri","10":"product_tag-cobas-c111","11":"product_tag-hdl-cholesterol-4-reagent","12":"product_tag-hdl-c-testi","13":"product_tag-klinik-biyokimya","14":"product_tag-kolesterol","15":"product_tag-lipid-profili","16":"product_tag-otomatik-analizor-reaktifi","17":"product_tag-roche-c111","18":"product_tag-roche-cihaz-uyumlu","19":"product_tag-roche-diagnostik","21":"first","22":"instock","23":"shipping-taxable","24":"product-type-simple"},"_links":{"self":[{"href":"https:\/\/berha.org\/en\/wp-json\/wp\/v2\/product\/7807","targetHints":{"allow":["GET"]}}],"collection":[{"href":"https:\/\/berha.org\/en\/wp-json\/wp\/v2\/product"}],"about":[{"href":"https:\/\/berha.org\/en\/wp-json\/wp\/v2\/types\/product"}],"wp:featuredmedia":[{"embeddable":true,"href":"https:\/\/berha.org\/en\/wp-json\/wp\/v2\/media\/6798"}],"wp:attachment":[{"href":"https:\/\/berha.org\/en\/wp-json\/wp\/v2\/media?parent=7807"}],"wp:term":[{"taxonomy":"product_brand","embeddable":true,"href":"https:\/\/berha.org\/en\/wp-json\/wp\/v2\/product_brand?post=7807"},{"taxonomy":"product_cat","embeddable":true,"href":"https:\/\/berha.org\/en\/wp-json\/wp\/v2\/product_cat?post=7807"},{"taxonomy":"product_tag","embeddable":true,"href":"https:\/\/berha.org\/en\/wp-json\/wp\/v2\/product_tag?post=7807"}],"curies":[{"name":"wp","href":"https:\/\/api.w.org\/{rel}","templated":true}]}}