{"id":7806,"date":"2025-07-20T22:48:06","date_gmt":"2025-07-20T19:48:06","guid":{"rendered":"https:\/\/berha.org\/en\/?post_type=product&#038;p=7806"},"modified":"2025-07-20T22:48:10","modified_gmt":"2025-07-20T19:48:10","slug":"crp-4-reagent-for-roche-cobas-c-111-100-test-2","status":"publish","type":"product","link":"https:\/\/berha.org\/en\/urun\/crp-4-reagent-for-roche-cobas-c-111-100-test-2\/","title":{"rendered":"CRP 4 Reagent for Roche Cobas C 111 \u2013 100 Test"},"content":{"rendered":"<p>Roche CRP 4 Reagent, Roche Cobas C 111 analiz\u00f6rlerinde serum ve plazma \u00f6rneklerinde y\u00fcksek duyarl\u0131l\u0131kl\u0131 C-Reaktif Protein (CRP) seviyesinin do\u011fru ve h\u0131zl\u0131 \u00f6l\u00e7\u00fcm\u00fcn\u00fc sa\u011flar. CRP 4, \u00f6zellikle d\u00fc\u015f\u00fck seviyelerde inflamasyonun belirlenmesinde kullan\u0131l\u0131r ve kardiyovask\u00fcler risk de\u011ferlendirmelerinde \u00f6nemli bir parametredir.<\/p>\n<p>Laboratuvarlara hassas, g\u00fcvenilir ve tekrarlanabilir sonu\u00e7lar sunar.<\/p>\n","protected":false},"excerpt":{"rendered":"<p>100 Test &#8211; 7876432190 &#8211; CRP 4 Reagent Kit &#8211; Cobas C 111<\/p>\n","protected":false},"featured_media":6797,"template":"","meta":[],"product_brand":[238],"product_cat":[233,217],"product_tag":[319,338,318,337,339,244,322,314,323,254],"class_list":{"0":"post-7806","1":"product","2":"type-product","3":"status-publish","4":"has-post-thumbnail","6":"product_brand-roche","7":"product_cat-roche-cobas-elecsys-c111-reagents","8":"product_cat-roche-reagentlari","9":"product_tag-biyokimya-reaktifleri","10":"product_tag-c-reaktif-protein-testi","11":"product_tag-cobas-c111","12":"product_tag-crp-reagent","13":"product_tag-inflamasyon-marker","14":"product_tag-klinik-biyokimya","15":"product_tag-otomatik-analizor-reaktifi","16":"product_tag-roche-c111","17":"product_tag-roche-cihaz-uyumlu","18":"product_tag-roche-diagnostik","20":"first","21":"instock","22":"shipping-taxable","23":"product-type-simple"},"_links":{"self":[{"href":"https:\/\/berha.org\/en\/wp-json\/wp\/v2\/product\/7806","targetHints":{"allow":["GET"]}}],"collection":[{"href":"https:\/\/berha.org\/en\/wp-json\/wp\/v2\/product"}],"about":[{"href":"https:\/\/berha.org\/en\/wp-json\/wp\/v2\/types\/product"}],"wp:featuredmedia":[{"embeddable":true,"href":"https:\/\/berha.org\/en\/wp-json\/wp\/v2\/media\/6797"}],"wp:attachment":[{"href":"https:\/\/berha.org\/en\/wp-json\/wp\/v2\/media?parent=7806"}],"wp:term":[{"taxonomy":"product_brand","embeddable":true,"href":"https:\/\/berha.org\/en\/wp-json\/wp\/v2\/product_brand?post=7806"},{"taxonomy":"product_cat","embeddable":true,"href":"https:\/\/berha.org\/en\/wp-json\/wp\/v2\/product_cat?post=7806"},{"taxonomy":"product_tag","embeddable":true,"href":"https:\/\/berha.org\/en\/wp-json\/wp\/v2\/product_tag?post=7806"}],"curies":[{"name":"wp","href":"https:\/\/api.w.org\/{rel}","templated":true}]}}