{"id":7804,"date":"2025-07-20T22:48:06","date_gmt":"2025-07-20T19:48:06","guid":{"rendered":"https:\/\/berha.org\/en\/?post_type=product&#038;p=7804"},"modified":"2025-07-20T22:48:09","modified_gmt":"2025-07-20T19:48:09","slug":"urea-reagent-for-roche-cobas-c-111-100-test-2","status":"publish","type":"product","link":"https:\/\/berha.org\/en\/urun\/urea-reagent-for-roche-cobas-c-111-100-test-2\/","title":{"rendered":"Urea Reagent for Roche Cobas C 111 \u2013 100 Test"},"content":{"rendered":"<p>Roche Urea Reagent, Roche Cobas C 111 analiz\u00f6rlerinde serum ve plazma \u00f6rneklerinde \u00fcre seviyesinin do\u011fru ve h\u0131zl\u0131 \u00f6l\u00e7\u00fcm\u00fcn\u00fc sa\u011flar. \u00dcre, b\u00f6brek fonksiyonlar\u0131n\u0131n \u00f6nemli bir g\u00f6stergesidir ve b\u00f6brek hastal\u0131klar\u0131, b\u00f6brek yetmezli\u011fi gibi durumlar\u0131n tan\u0131s\u0131nda kullan\u0131l\u0131r.<\/p>\n<p>Laboratuvarlara hassas, g\u00fcvenilir ve tekrarlanabilir sonu\u00e7lar sunar.<\/p>\n","protected":false},"excerpt":{"rendered":"<p>100 Test &#8211; 4657616190 &#8211; Urea Reagent Kit &#8211; Cobas C 111<\/p>\n","protected":false},"featured_media":6796,"template":"","meta":[],"product_brand":[238],"product_cat":[233,217],"product_tag":[319,332,318,244,322,314,323,254,331,330,329],"class_list":{"0":"post-7804","1":"product","2":"type-product","3":"status-publish","4":"has-post-thumbnail","6":"product_brand-roche","7":"product_cat-roche-cobas-elecsys-c111-reagents","8":"product_cat-roche-reagentlari","9":"product_tag-biyokimya-reaktifleri","10":"product_tag-bobrek-fonksiyon-testi","11":"product_tag-cobas-c111","12":"product_tag-klinik-biyokimya","13":"product_tag-otomatik-analizor-reaktifi","14":"product_tag-roche-c111","15":"product_tag-roche-cihaz-uyumlu","16":"product_tag-roche-diagnostik","17":"product_tag-serum-ure","18":"product_tag-ure-testi","19":"product_tag-urea-reagent","21":"first","22":"instock","23":"shipping-taxable","24":"product-type-simple"},"_links":{"self":[{"href":"https:\/\/berha.org\/en\/wp-json\/wp\/v2\/product\/7804","targetHints":{"allow":["GET"]}}],"collection":[{"href":"https:\/\/berha.org\/en\/wp-json\/wp\/v2\/product"}],"about":[{"href":"https:\/\/berha.org\/en\/wp-json\/wp\/v2\/types\/product"}],"wp:featuredmedia":[{"embeddable":true,"href":"https:\/\/berha.org\/en\/wp-json\/wp\/v2\/media\/6796"}],"wp:attachment":[{"href":"https:\/\/berha.org\/en\/wp-json\/wp\/v2\/media?parent=7804"}],"wp:term":[{"taxonomy":"product_brand","embeddable":true,"href":"https:\/\/berha.org\/en\/wp-json\/wp\/v2\/product_brand?post=7804"},{"taxonomy":"product_cat","embeddable":true,"href":"https:\/\/berha.org\/en\/wp-json\/wp\/v2\/product_cat?post=7804"},{"taxonomy":"product_tag","embeddable":true,"href":"https:\/\/berha.org\/en\/wp-json\/wp\/v2\/product_tag?post=7804"}],"curies":[{"name":"wp","href":"https:\/\/api.w.org\/{rel}","templated":true}]}}