{"id":7803,"date":"2025-07-20T22:47:54","date_gmt":"2025-07-20T19:47:54","guid":{"rendered":"https:\/\/berha.org\/en\/?post_type=product&#038;p=7803"},"modified":"2025-07-20T22:48:05","modified_gmt":"2025-07-20T19:48:05","slug":"calcium-reagent-for-roche-cobas-c-111-100-test-2","status":"publish","type":"product","link":"https:\/\/berha.org\/en\/urun\/calcium-reagent-for-roche-cobas-c-111-100-test-2\/","title":{"rendered":"Calcium Reagent for Roche Cobas C 111 \u2013 100 Test"},"content":{"rendered":"<p>Roche Calcium Reagent, Roche Cobas C 111 analiz\u00f6rlerinde serum ve plazma \u00f6rneklerinde total kalsiyum seviyesinin h\u0131zl\u0131 ve hassas \u00f6l\u00e7\u00fcm\u00fcn\u00fc sa\u011flar. Kalsiyum, kemik sa\u011fl\u0131\u011f\u0131, kas fonksiyonlar\u0131, sinir iletimi ve bir\u00e7ok metabolik s\u00fcre\u00e7 i\u00e7in hayati \u00f6nem ta\u015f\u0131r. Bu test, kemik hastal\u0131klar\u0131, b\u00f6brek fonksiyon bozukluklar\u0131 ve metabolik hastal\u0131klar\u0131n tan\u0131s\u0131nda kullan\u0131l\u0131r.<\/p>\n","protected":false},"excerpt":{"rendered":"<p>100 Test &#8211; 5061504190 &#8211; Calcium (Kalsiyum) Reagent Kit &#8211; Cobas C 111<\/p>\n","protected":false},"featured_media":6795,"template":"","meta":[],"product_brand":[238],"product_cat":[233,217],"product_tag":[319,315,318,320,316,321,244,322,314,323,254,317],"class_list":{"0":"post-7803","1":"product","2":"type-product","3":"status-publish","4":"has-post-thumbnail","6":"product_brand-roche","7":"product_cat-roche-cobas-elecsys-c111-reagents","8":"product_cat-roche-reagentlari","9":"product_tag-biyokimya-reaktifleri","10":"product_tag-calcium-reagent","11":"product_tag-cobas-c111","12":"product_tag-elektrolit-testi","13":"product_tag-kalsiyum-testi","14":"product_tag-kemik-sagligi","15":"product_tag-klinik-biyokimya","16":"product_tag-otomatik-analizor-reaktifi","17":"product_tag-roche-c111","18":"product_tag-roche-cihaz-uyumlu","19":"product_tag-roche-diagnostik","20":"product_tag-serum-kalsiyum","22":"first","23":"instock","24":"shipping-taxable","25":"product-type-simple"},"_links":{"self":[{"href":"https:\/\/berha.org\/en\/wp-json\/wp\/v2\/product\/7803","targetHints":{"allow":["GET"]}}],"collection":[{"href":"https:\/\/berha.org\/en\/wp-json\/wp\/v2\/product"}],"about":[{"href":"https:\/\/berha.org\/en\/wp-json\/wp\/v2\/types\/product"}],"wp:featuredmedia":[{"embeddable":true,"href":"https:\/\/berha.org\/en\/wp-json\/wp\/v2\/media\/6795"}],"wp:attachment":[{"href":"https:\/\/berha.org\/en\/wp-json\/wp\/v2\/media?parent=7803"}],"wp:term":[{"taxonomy":"product_brand","embeddable":true,"href":"https:\/\/berha.org\/en\/wp-json\/wp\/v2\/product_brand?post=7803"},{"taxonomy":"product_cat","embeddable":true,"href":"https:\/\/berha.org\/en\/wp-json\/wp\/v2\/product_cat?post=7803"},{"taxonomy":"product_tag","embeddable":true,"href":"https:\/\/berha.org\/en\/wp-json\/wp\/v2\/product_tag?post=7803"}],"curies":[{"name":"wp","href":"https:\/\/api.w.org\/{rel}","templated":true}]}}