{"id":7802,"date":"2025-07-20T22:47:54","date_gmt":"2025-07-20T19:47:54","guid":{"rendered":"https:\/\/berha.org\/en\/?post_type=product&#038;p=7802"},"modified":"2025-07-20T22:48:05","modified_gmt":"2025-07-20T19:48:05","slug":"anti-tpo-elecsys-reagent-for-roche-analyzers-elecsys-cobas-e411-100-test-2","status":"publish","type":"product","link":"https:\/\/berha.org\/en\/urun\/anti-tpo-elecsys-reagent-for-roche-analyzers-elecsys-cobas-e411-100-test-2\/","title":{"rendered":"Anti-TPO Elecsys Reagent for Roche Analyzers \u2013 Elecsys \/ Cobas E411 \u2013 100 Test"},"content":{"rendered":"<p>Roche Elecsys Anti-TPO Test Kiti, Roche Cobas e 411 analiz\u00f6rleri ile serum \u00f6rneklerinde Anti-Tiroid Peroksidaz (Anti-TPO) antikorlar\u0131n\u0131n hassas ve do\u011fru \u015fekilde kantitatif \u00f6l\u00e7\u00fcm\u00fcn\u00fc sa\u011flar. Anti-TPO antikorlar\u0131 tiroid h\u00fccrelerine kar\u015f\u0131 ba\u011f\u0131\u015f\u0131kl\u0131k sistemi taraf\u0131ndan \u00fcretilir ve \u00f6zellikle otoimm\u00fcn tiroid hastal\u0131klar\u0131n\u0131n te\u015fhisinde kritik rol oynar.<\/p>\n<p>Test, \u00f6zellikle Hashimoto tiroiditi, Graves hastal\u0131\u011f\u0131 gibi durumlar\u0131n tan\u0131s\u0131nda kullan\u0131l\u0131r.<\/p>\n","protected":false},"excerpt":{"rendered":"<p>100 Test &#8211; 6368590190 &#8211; Elecsys Anti-TPO Reagent Kit &#8211; Elecsys \/ Cobas E411<\/p>\n","protected":false},"featured_media":6794,"template":"","meta":[],"product_brand":[238],"product_cat":[220,217],"product_tag":[310,309,223,250,249,312,311,242,244,302,254,239,245,300,313],"class_list":{"0":"post-7802","1":"product","2":"type-product","3":"status-publish","4":"has-post-thumbnail","6":"product_brand-roche","7":"product_cat-roche-cobas-e411-reagents","8":"product_cat-roche-reagentlari","9":"product_tag-anti-tiroid-peroksidaz","10":"product_tag-anti-tpo-testi","11":"product_tag-cobas-e411","12":"product_tag-eclia","13":"product_tag-elektrokemiluminesans","14":"product_tag-graves-hastaligi","15":"product_tag-hashimoto-hastaligi","16":"product_tag-immunoassay-kiti","17":"product_tag-klinik-biyokimya","18":"product_tag-otoimmun-tiroidit","19":"product_tag-roche-diagnostik","20":"product_tag-roche-e411","21":"product_tag-roche-test-kitleri","22":"product_tag-tiroid-antikor-testi","23":"product_tag-tiroid-fonksiyon-testi","25":"first","26":"instock","27":"shipping-taxable","28":"product-type-simple"},"_links":{"self":[{"href":"https:\/\/berha.org\/en\/wp-json\/wp\/v2\/product\/7802","targetHints":{"allow":["GET"]}}],"collection":[{"href":"https:\/\/berha.org\/en\/wp-json\/wp\/v2\/product"}],"about":[{"href":"https:\/\/berha.org\/en\/wp-json\/wp\/v2\/types\/product"}],"wp:featuredmedia":[{"embeddable":true,"href":"https:\/\/berha.org\/en\/wp-json\/wp\/v2\/media\/6794"}],"wp:attachment":[{"href":"https:\/\/berha.org\/en\/wp-json\/wp\/v2\/media?parent=7802"}],"wp:term":[{"taxonomy":"product_brand","embeddable":true,"href":"https:\/\/berha.org\/en\/wp-json\/wp\/v2\/product_brand?post=7802"},{"taxonomy":"product_cat","embeddable":true,"href":"https:\/\/berha.org\/en\/wp-json\/wp\/v2\/product_cat?post=7802"},{"taxonomy":"product_tag","embeddable":true,"href":"https:\/\/berha.org\/en\/wp-json\/wp\/v2\/product_tag?post=7802"}],"curies":[{"name":"wp","href":"https:\/\/api.w.org\/{rel}","templated":true}]}}